{"id":2072,"date":"2022-04-27T08:10:34","date_gmt":"2022-04-27T08:10:34","guid":{"rendered":"https:\/\/prt.az\/?page_id=2072"},"modified":"2022-06-06T13:33:40","modified_gmt":"2022-06-06T13:33:40","slug":"team-details-3","status":"publish","type":"page","link":"https:\/\/prt.az\/?page_id=2072","title":{"rendered":"N\u0259c\u0259fov Faiq \u018fjd\u0259r o\u011flu"},"content":{"rendered":"<p>[vc_row][vc_column css=&#8221;.vc_custom_1551761156478{padding-top: 85px !important;padding-bottom: 70px !important;}&#8221;][vc_row_inner][vc_column_inner width=&#8221;1\/4&#8243;][\/vc_column_inner][vc_column_inner width=&#8221;1\/2&#8243; ct_column_inner_class=&#8221;rm-padding-lg&#8221; css=&#8221;.vc_custom_1551760226751{padding-top: 0px !important;padding-right: 45px !important;padding-bottom: 0px !important;padding-left: 45px !important;}&#8221;][ct_heading text=&#8221;<cite>N\u0259c\u0259fov Faiq \u018fjd\u0259r o\u011flu<\/cite>&#8221; align_lg=&#8221;align-center&#8221; align_md=&#8221;align-center-md&#8221; align_sm=&#8221;align-center-sm&#8221; align_xs=&#8221;align-center-xs&#8221; font_size_sm=&#8221;24&#8243; font_size_xs=&#8221;24&#8243; font_weight=&#8221;&#8221; show_gap=&#8221;show&#8221; subtitle=&#8221;Team&#8221; description_font_weight=&#8221;inherit&#8221; margin_bottom=&#8221;0&#8243;][\/vc_column_inner][vc_column_inner width=&#8221;1\/4&#8243;][\/vc_column_inner][\/vc_row_inner][\/vc_column][\/vc_row][vc_row css=&#8221;.vc_custom_1551761082453{padding-bottom: 117px !important;}&#8221;][vc_column width=&#8221;1\/3&#8243; offset=&#8221;vc_col-lg-3 vc_col-md-3&#8243;][ct_team_member image=&#8221;2075&#8243; social=&#8221;%5B%7B%7D%5D&#8221; el_class=&#8221;single-team&#8221;][\/vc_column][vc_column width=&#8221;2\/3&#8243; offset=&#8221;vc_col-lg-9 vc_col-md-9&#8243;][vc_column_text css=&#8221;.vc_custom_1651047027401{margin-top: -8px !important;margin-bottom: 48px !important;}&#8221;]<strong>T\u0259hsil: <\/strong><\/p>\n<ul>\n<li><strong>1998-2002-<\/strong> Bak\u0131 D\u00f6vl\u0259t Universiteti<\/li>\n<li><strong>F\u0259aliyy\u0259t g\u00f6st\u0259rdiyi v\u0259kil qurumu:<\/strong> Bak\u0131 \u015f\u0259h\u0259ri 18 sayl\u0131 V\u0259kil B\u00fcrosu<\/li>\n<\/ul>\n<p><strong>F\u0259aliyy\u0259ti:<\/strong><\/p>\n<ul>\n<li><strong>1996-2000-ci il:<\/strong> Az\u0259rbaycan Respublikas\u0131 Daxili \u0130\u015fl\u0259r Nazirliyi, X\u0259tai rayon Polis \u015f\u00f6b\u0259si;<\/li>\n<li><strong>2000-2007-ci il:<\/strong> Az\u0259rbaycan Respublikas\u0131 Maliyy\u0259 Nazirliyi, H\u00fcquq \u015f\u00f6b\u0259sinin m\u00fcd\u00fcr m\u00fcavini;<\/li>\n<li><strong>2007-2015-ci il:<\/strong> Az\u0259rbaycan Respublikas\u0131 Hesablama Palatas\u0131, H\u00fcquq \u015f\u00f6b\u0259sinin m\u00fcd\u00fcr\u00fc<\/li>\n<\/ul>\n<p><strong>\u0130xtisasla\u015fm\u0131\u015f sah\u0259: <\/strong><\/p>\n<ul>\n<li>M\u00fclki;<\/li>\n<li>Ail\u0259 h\u00fcququ;<\/li>\n<li>Vergi h\u00fcququ;<\/li>\n<li>\u0130nzibati h\u00fcquq<\/li>\n<\/ul>\n<p><strong>Sertifikat:<\/strong><\/p>\n<ul>\n<li>\u201cLeadership and Strategic Managerial Skills\u201d;<\/li>\n<li>\u201cEnhancing Ethics Within Supreme Audit Institutions\u201d;<\/li>\n<li>Joint Vienna Institute; Legal Aspects of \u0130nternational Financial Institutions;<\/li>\n<li>Joint Vienna Institute; Financial Sector Regulation and Selected Financial Transactions: An Introduction for Lawyers;<\/li>\n<li>Prosecuting Corruption Crimes;<\/li>\n<li>\u201cTraining Programme on Supreme Audit\u201d<\/li>\n<li>Az\u0259rbaycan H\u00fcquq\u00e7ular Assosiasiyas\u0131 A\u00e7\u0131q C\u0259miyy\u0259t \u0130nstitutu \u2013Yard\u0131m Fondu, F\u0259xri Diplom;<\/li>\n<li>TC Say\u0131\u015ftay Ba\u015fkanl\u0131\u011f\u0131, Kat\u0131l\u0131m Belgesi<\/li>\n<\/ul>\n<p>[\/vc_column_text][vc_row_inner content_placement=&#8221;middle&#8221;][vc_column_inner width=&#8221;2\/3&#8243;][\/vc_column_inner][vc_column_inner el_class=&#8221;text-left-sm text-right&#8221; width=&#8221;1\/3&#8243;][\/vc_column_inner][\/vc_row_inner][\/vc_column][\/vc_row]<\/p>\n","protected":false},"excerpt":{"rendered":"<p>[vc_row][vc_column css=&#8221;.vc_custom_1551761156478{padding-top: 85px !important;padding-bottom: 70px !important;}&#8221;][vc_row_inner][vc_column_inner width=&#8221;1\/4&#8243;][\/vc_column_inner][vc_column_inner width=&#8221;1\/2&#8243; ct_column_inner_class=&#8221;rm-padding-lg&#8221; css=&#8221;.vc_custom_1551760226751{padding-top: 0px !important;padding-right: 45px !important;padding-bottom: 0px !important;padding-left: 45px !important;}&#8221;][ct_heading text=&#8221;N\u0259c\u0259fov Faiq \u018fjd\u0259r o\u011flu&#8221; align_lg=&#8221;align-center&#8221; align_md=&#8221;align-center-md&#8221; align_sm=&#8221;align-center-sm&#8221; align_xs=&#8221;align-center-xs&#8221; font_size_sm=&#8221;24&#8243; font_size_xs=&#8221;24&#8243; font_weight=&#8221;&#8221; show_gap=&#8221;show&#8221; subtitle=&#8221;Team&#8221; description_font_weight=&#8221;inherit&#8221; margin_bottom=&#8221;0&#8243;][\/vc_column_inner][vc_column_inner width=&#8221;1\/4&#8243;][\/vc_column_inner][\/vc_row_inner][\/vc_column][\/vc_row][vc_row css=&#8221;.vc_custom_1551761082453{padding-bottom: 117px !important;}&#8221;][vc_column width=&#8221;1\/3&#8243; offset=&#8221;vc_col-lg-3 vc_col-md-3&#8243;][ct_team_member image=&#8221;2075&#8243; social=&#8221;%5B%7B%7D%5D&#8221; el_class=&#8221;single-team&#8221;][\/vc_column][vc_column width=&#8221;2\/3&#8243; offset=&#8221;vc_col-lg-9 vc_col-md-9&#8243;][vc_column_text css=&#8221;.vc_custom_1651047027401{margin-top: -8px !important;margin-bottom: 48px !important;}&#8221;]T\u0259hsil: 1998-2002- Bak\u0131 D\u00f6vl\u0259t Universiteti [&hellip;]<\/p>\n","protected":false},"author":1,"featured_media":0,"parent":0,"menu_order":0,"comment_status":"closed","ping_status":"closed","template":"","meta":{"footnotes":""},"class_list":["post-2072","page","type-page","status-publish","hentry"],"_links":{"self":[{"href":"https:\/\/prt.az\/index.php?rest_route=\/wp\/v2\/pages\/2072","targetHints":{"allow":["GET"]}}],"collection":[{"href":"https:\/\/prt.az\/index.php?rest_route=\/wp\/v2\/pages"}],"about":[{"href":"https:\/\/prt.az\/index.php?rest_route=\/wp\/v2\/types\/page"}],"author":[{"embeddable":true,"href":"https:\/\/prt.az\/index.php?rest_route=\/wp\/v2\/users\/1"}],"replies":[{"embeddable":true,"href":"https:\/\/prt.az\/index.php?rest_route=%2Fwp%2Fv2%2Fcomments&post=2072"}],"version-history":[{"count":5,"href":"https:\/\/prt.az\/index.php?rest_route=\/wp\/v2\/pages\/2072\/revisions"}],"predecessor-version":[{"id":2635,"href":"https:\/\/prt.az\/index.php?rest_route=\/wp\/v2\/pages\/2072\/revisions\/2635"}],"wp:attachment":[{"href":"https:\/\/prt.az\/index.php?rest_route=%2Fwp%2Fv2%2Fmedia&parent=2072"}],"curies":[{"name":"wp","href":"https:\/\/api.w.org\/{rel}","templated":true}]}}