{"id":2111,"date":"2022-04-29T07:16:39","date_gmt":"2022-04-29T07:16:39","guid":{"rendered":"https:\/\/prt.az\/?page_id=2111"},"modified":"2022-06-09T07:47:07","modified_gmt":"2022-06-09T07:47:07","slug":"team-details-2-2-3-3","status":"publish","type":"page","link":"https:\/\/prt.az\/?page_id=2111","title":{"rendered":"H\u0259z\u0259rxanov \u018fnv\u0259r Tapd\u0131q o\u011flu"},"content":{"rendered":"<p>[vc_row][vc_column css=&#8221;.vc_custom_1551761156478{padding-top: 85px !important;padding-bottom: 70px !important;}&#8221;][vc_row_inner][vc_column_inner width=&#8221;1\/4&#8243;][\/vc_column_inner][vc_column_inner width=&#8221;1\/2&#8243; ct_column_inner_class=&#8221;rm-padding-lg&#8221; css=&#8221;.vc_custom_1551760226751{padding-top: 0px !important;padding-right: 45px !important;padding-bottom: 0px !important;padding-left: 45px !important;}&#8221;][ct_heading text=&#8221;<cite>H\u0259z\u0259rxanov \u018fnv\u0259r Tapd\u0131q o\u011flu<\/cite>&#8221; align_lg=&#8221;align-center&#8221; align_md=&#8221;align-center-md&#8221; align_sm=&#8221;align-center-sm&#8221; align_xs=&#8221;align-center-xs&#8221; font_size_sm=&#8221;24&#8243; font_size_xs=&#8221;24&#8243; font_weight=&#8221;&#8221; show_gap=&#8221;show&#8221; subtitle=&#8221;Team&#8221; description_font_weight=&#8221;inherit&#8221; margin_bottom=&#8221;0&#8243;][\/vc_column_inner][vc_column_inner width=&#8221;1\/4&#8243;][\/vc_column_inner][\/vc_row_inner][\/vc_column][\/vc_row][vc_row css=&#8221;.vc_custom_1551761082453{padding-bottom: 117px !important;}&#8221;][vc_column width=&#8221;1\/3&#8243; offset=&#8221;vc_col-lg-3 vc_col-md-3&#8243;][ct_team_member image=&#8221;2109&#8243; social=&#8221;%5B%7B%7D%5D&#8221; el_class=&#8221;single-team&#8221;][\/vc_column][vc_column width=&#8221;2\/3&#8243; offset=&#8221;vc_col-lg-9 vc_col-md-9&#8243;][vc_column_text css=&#8221;.vc_custom_1654757219897{margin-top: -8px !important;margin-bottom: 48px !important;}&#8221;]<\/p>\n<ul>\n<li style=\"text-align: left;\">Az\u0259rbaycan Texniki Universitetini \u201cTexnoloji prosesl\u0259rin v\u0259 istehsalat\u0131n avtomatla\u015fd\u0131r\u0131lmas\u0131\u201d ixtisas\u0131 \u00fczr\u0259 f\u0259rql\u0259nm\u0259 diplomu il\u0259 bitirmi\u015fdir.<\/li>\n<li style=\"text-align: left;\"><strong>1998-2020<\/strong>-ci ill\u0259r \u0259rzind\u0259 Milli Aviasiya Akademiyas\u0131nda m\u00fcxt\u0259lif v\u0259zif\u0259l\u0259rd\u0259, o c\u00fcml\u0259d\u0259n m\u00fch\u0259ndis, metodist, rektorun k\u00f6m\u0259k\u00e7isi, rejim v\u0259 t\u0259rbiy\u0259 i\u015fl\u0259ri \u00fczr\u0259 prorektor v\u0259zif\u0259l\u0259rind\u0259 f\u0259aliyy\u0259t g\u00f6st\u0259rmi\u015fdir.<\/li>\n<li style=\"text-align: left;\">Texnika elml\u0259ri doktoru (<strong>2013<\/strong>), professordur (<strong>2017<\/strong>).<\/li>\n<li style=\"text-align: left;\"><strong><em>100<\/em><\/strong>-d\u0259n \u00e7ox elmi \u0259s\u0259rin m\u00fc\u0259llifidir.<\/li>\n<li style=\"text-align: left;\">Bir m\u00fcdd\u0259t \u201cA \u0259nd J Holdinq\u201d MMC-d\u0259 direktor m\u00fcavini i\u015fl\u0259mi\u015fdir.<\/li>\n<li style=\"text-align: left;\">Hal-haz\u0131rda Heyd\u0259r \u018fliyev ad\u0131na Az\u0259rbaycan Milli M\u00fcdafi\u0259 Universitetinin\u00a0 professoru.<\/li>\n<li style=\"text-align: left;\">Az\u0259rbaycan Kosiki Karate-do Federasiyas\u0131n\u0131n vitse-prezidenti, Kosiki Karate-do idman n\u00f6v\u00fc \u00fczr\u0259 <em>5<\/em>-ci dan qara k\u0259m\u0259r sahibi.<\/li>\n<li style=\"text-align: left;\">Az\u0259rbaycan Respublikas\u0131 Prezidentinin S\u0259r\u0259ncam\u0131 il\u0259 \u201cT\u0259r\u0259qqi\u201d medal\u0131 il\u0259 (<strong>2018<\/strong>) t\u0259ltif edilmi\u015fdir.<\/li>\n<\/ul>\n<p>[\/vc_column_text][vc_row_inner content_placement=&#8221;middle&#8221;][vc_column_inner width=&#8221;2\/3&#8243;][\/vc_column_inner][vc_column_inner el_class=&#8221;text-left-sm text-right&#8221; width=&#8221;1\/3&#8243;][\/vc_column_inner][\/vc_row_inner][\/vc_column][\/vc_row]<\/p>\n","protected":false},"excerpt":{"rendered":"<p>[vc_row][vc_column css=&#8221;.vc_custom_1551761156478{padding-top: 85px !important;padding-bottom: 70px !important;}&#8221;][vc_row_inner][vc_column_inner width=&#8221;1\/4&#8243;][\/vc_column_inner][vc_column_inner width=&#8221;1\/2&#8243; ct_column_inner_class=&#8221;rm-padding-lg&#8221; css=&#8221;.vc_custom_1551760226751{padding-top: 0px !important;padding-right: 45px !important;padding-bottom: 0px !important;padding-left: 45px !important;}&#8221;][ct_heading text=&#8221;H\u0259z\u0259rxanov \u018fnv\u0259r Tapd\u0131q o\u011flu&#8221; align_lg=&#8221;align-center&#8221; align_md=&#8221;align-center-md&#8221; align_sm=&#8221;align-center-sm&#8221; align_xs=&#8221;align-center-xs&#8221; font_size_sm=&#8221;24&#8243; font_size_xs=&#8221;24&#8243; font_weight=&#8221;&#8221; show_gap=&#8221;show&#8221; subtitle=&#8221;Team&#8221; description_font_weight=&#8221;inherit&#8221; margin_bottom=&#8221;0&#8243;][\/vc_column_inner][vc_column_inner width=&#8221;1\/4&#8243;][\/vc_column_inner][\/vc_row_inner][\/vc_column][\/vc_row][vc_row css=&#8221;.vc_custom_1551761082453{padding-bottom: 117px !important;}&#8221;][vc_column width=&#8221;1\/3&#8243; offset=&#8221;vc_col-lg-3 vc_col-md-3&#8243;][ct_team_member image=&#8221;2109&#8243; social=&#8221;%5B%7B%7D%5D&#8221; el_class=&#8221;single-team&#8221;][\/vc_column][vc_column width=&#8221;2\/3&#8243; offset=&#8221;vc_col-lg-9 vc_col-md-9&#8243;][vc_column_text css=&#8221;.vc_custom_1654757219897{margin-top: -8px !important;margin-bottom: 48px !important;}&#8221;] Az\u0259rbaycan Texniki Universitetini \u201cTexnoloji [&hellip;]<\/p>\n","protected":false},"author":1,"featured_media":0,"parent":0,"menu_order":0,"comment_status":"closed","ping_status":"closed","template":"","meta":{"footnotes":""},"class_list":["post-2111","page","type-page","status-publish","hentry"],"_links":{"self":[{"href":"https:\/\/prt.az\/index.php?rest_route=\/wp\/v2\/pages\/2111","targetHints":{"allow":["GET"]}}],"collection":[{"href":"https:\/\/prt.az\/index.php?rest_route=\/wp\/v2\/pages"}],"about":[{"href":"https:\/\/prt.az\/index.php?rest_route=\/wp\/v2\/types\/page"}],"author":[{"embeddable":true,"href":"https:\/\/prt.az\/index.php?rest_route=\/wp\/v2\/users\/1"}],"replies":[{"embeddable":true,"href":"https:\/\/prt.az\/index.php?rest_route=%2Fwp%2Fv2%2Fcomments&post=2111"}],"version-history":[{"count":9,"href":"https:\/\/prt.az\/index.php?rest_route=\/wp\/v2\/pages\/2111\/revisions"}],"predecessor-version":[{"id":2672,"href":"https:\/\/prt.az\/index.php?rest_route=\/wp\/v2\/pages\/2111\/revisions\/2672"}],"wp:attachment":[{"href":"https:\/\/prt.az\/index.php?rest_route=%2Fwp%2Fv2%2Fmedia&parent=2111"}],"curies":[{"name":"wp","href":"https:\/\/api.w.org\/{rel}","templated":true}]}}