{"id":2118,"date":"2022-04-29T07:36:23","date_gmt":"2022-04-29T07:36:23","guid":{"rendered":"https:\/\/prt.az\/?page_id=2118"},"modified":"2022-06-09T07:50:13","modified_gmt":"2022-06-09T07:50:13","slug":"team-details-2-2-3-3-2","status":"publish","type":"page","link":"https:\/\/prt.az\/?page_id=2118","title":{"rendered":"R\u00fcst\u0259mov \u015eahin \u018fli o\u011flu"},"content":{"rendered":"<p>[vc_row][vc_column css=&#8221;.vc_custom_1551761156478{padding-top: 85px !important;padding-bottom: 70px !important;}&#8221;][vc_row_inner][vc_column_inner width=&#8221;1\/4&#8243;][\/vc_column_inner][vc_column_inner width=&#8221;1\/2&#8243; ct_column_inner_class=&#8221;rm-padding-lg&#8221; css=&#8221;.vc_custom_1551760226751{padding-top: 0px !important;padding-right: 45px !important;padding-bottom: 0px !important;padding-left: 45px !important;}&#8221;][ct_heading text=&#8221;<cite>R\u00fcst\u0259mov \u015eahin \u018fli o\u011flu<\/cite>&#8221; align_lg=&#8221;align-center&#8221; align_md=&#8221;align-center-md&#8221; align_sm=&#8221;align-center-sm&#8221; align_xs=&#8221;align-center-xs&#8221; font_size_sm=&#8221;24&#8243; font_size_xs=&#8221;24&#8243; font_weight=&#8221;&#8221; show_gap=&#8221;show&#8221; subtitle=&#8221;Team&#8221; description_font_weight=&#8221;inherit&#8221; margin_bottom=&#8221;0&#8243;][\/vc_column_inner][vc_column_inner width=&#8221;1\/4&#8243;][\/vc_column_inner][\/vc_row_inner][\/vc_column][\/vc_row][vc_row css=&#8221;.vc_custom_1551761082453{padding-bottom: 117px !important;}&#8221;][vc_column width=&#8221;1\/3&#8243; offset=&#8221;vc_col-lg-3 vc_col-md-3&#8243;][ct_team_member image=&#8221;2116&#8243; social=&#8221;%5B%7B%7D%5D&#8221; el_class=&#8221;single-team&#8221;][\/vc_column][vc_column width=&#8221;2\/3&#8243; offset=&#8221;vc_col-lg-9 vc_col-md-9&#8243;][vc_column_text css=&#8221;.vc_custom_1654757406529{margin-top: -8px !important;margin-bottom: 48px !important;}&#8221;]<\/p>\n<ul>\n<li>T\u0259cr\u00fcb\u0259li istintaq\u00e7\u0131,<\/li>\n<li>Az\u0259rbaycan Respublikas\u0131 Daxili \u0130\u015fl\u0259r Nazirliyinin, Ba\u015f Prokurorlu\u011funun m\u00fch\u00fcm i\u015fl\u0259r \u00fczr\u0259 m\u00fcst\u0259ntiqi,<\/li>\n<li>Az\u0259rbaycan Respublikas\u0131 Vergil\u0259r Nazirliyinin \u0130stintaq idar\u0259sinin r\u0259isi.<\/li>\n<li>Az\u0259rbaycan Respublikas\u0131 V\u0259kill\u0259r Kollegiyas\u0131n\u0131n \u00fczv\u00fc.<\/li>\n<li>Bak\u0131 \u015f\u0259h\u0259r <strong>4<\/strong> sayl\u0131 v\u0259kil b\u00fcrosunun v\u0259kili.<\/li>\n<li><em>F\u0259aliyy\u0259t sah\u0259si<\/em>: cinay\u0259t, m\u00fclki, inzibati i\u015fl\u0259r, vergil\u0259r.<\/li>\n<\/ul>\n<p>[\/vc_column_text][vc_row_inner content_placement=&#8221;middle&#8221;][vc_column_inner width=&#8221;2\/3&#8243;][\/vc_column_inner][vc_column_inner el_class=&#8221;text-left-sm text-right&#8221; width=&#8221;1\/3&#8243;][\/vc_column_inner][\/vc_row_inner][\/vc_column][\/vc_row]<\/p>\n","protected":false},"excerpt":{"rendered":"<p>[vc_row][vc_column css=&#8221;.vc_custom_1551761156478{padding-top: 85px !important;padding-bottom: 70px !important;}&#8221;][vc_row_inner][vc_column_inner width=&#8221;1\/4&#8243;][\/vc_column_inner][vc_column_inner width=&#8221;1\/2&#8243; ct_column_inner_class=&#8221;rm-padding-lg&#8221; css=&#8221;.vc_custom_1551760226751{padding-top: 0px !important;padding-right: 45px !important;padding-bottom: 0px !important;padding-left: 45px !important;}&#8221;][ct_heading text=&#8221;R\u00fcst\u0259mov \u015eahin \u018fli o\u011flu&#8221; align_lg=&#8221;align-center&#8221; align_md=&#8221;align-center-md&#8221; align_sm=&#8221;align-center-sm&#8221; align_xs=&#8221;align-center-xs&#8221; font_size_sm=&#8221;24&#8243; font_size_xs=&#8221;24&#8243; font_weight=&#8221;&#8221; show_gap=&#8221;show&#8221; subtitle=&#8221;Team&#8221; description_font_weight=&#8221;inherit&#8221; margin_bottom=&#8221;0&#8243;][\/vc_column_inner][vc_column_inner width=&#8221;1\/4&#8243;][\/vc_column_inner][\/vc_row_inner][\/vc_column][\/vc_row][vc_row css=&#8221;.vc_custom_1551761082453{padding-bottom: 117px !important;}&#8221;][vc_column width=&#8221;1\/3&#8243; offset=&#8221;vc_col-lg-3 vc_col-md-3&#8243;][ct_team_member image=&#8221;2116&#8243; social=&#8221;%5B%7B%7D%5D&#8221; el_class=&#8221;single-team&#8221;][\/vc_column][vc_column width=&#8221;2\/3&#8243; offset=&#8221;vc_col-lg-9 vc_col-md-9&#8243;][vc_column_text css=&#8221;.vc_custom_1654757406529{margin-top: -8px !important;margin-bottom: 48px !important;}&#8221;] T\u0259cr\u00fcb\u0259li istintaq\u00e7\u0131, Az\u0259rbaycan Respublikas\u0131 [&hellip;]<\/p>\n","protected":false},"author":1,"featured_media":0,"parent":0,"menu_order":0,"comment_status":"closed","ping_status":"closed","template":"","meta":{"footnotes":""},"class_list":["post-2118","page","type-page","status-publish","hentry"],"_links":{"self":[{"href":"https:\/\/prt.az\/index.php?rest_route=\/wp\/v2\/pages\/2118","targetHints":{"allow":["GET"]}}],"collection":[{"href":"https:\/\/prt.az\/index.php?rest_route=\/wp\/v2\/pages"}],"about":[{"href":"https:\/\/prt.az\/index.php?rest_route=\/wp\/v2\/types\/page"}],"author":[{"embeddable":true,"href":"https:\/\/prt.az\/index.php?rest_route=\/wp\/v2\/users\/1"}],"replies":[{"embeddable":true,"href":"https:\/\/prt.az\/index.php?rest_route=%2Fwp%2Fv2%2Fcomments&post=2118"}],"version-history":[{"count":6,"href":"https:\/\/prt.az\/index.php?rest_route=\/wp\/v2\/pages\/2118\/revisions"}],"predecessor-version":[{"id":2673,"href":"https:\/\/prt.az\/index.php?rest_route=\/wp\/v2\/pages\/2118\/revisions\/2673"}],"wp:attachment":[{"href":"https:\/\/prt.az\/index.php?rest_route=%2Fwp%2Fv2%2Fmedia&parent=2118"}],"curies":[{"name":"wp","href":"https:\/\/api.w.org\/{rel}","templated":true}]}}