{"id":2125,"date":"2022-04-29T08:54:10","date_gmt":"2022-04-29T08:54:10","guid":{"rendered":"https:\/\/prt.az\/?page_id=2125"},"modified":"2023-12-11T12:10:39","modified_gmt":"2023-12-11T12:10:39","slug":"m%c9%99mm%c9%99dov-ilham","status":"publish","type":"page","link":"https:\/\/prt.az\/?page_id=2125","title":{"rendered":"M\u0259mm\u0259dov \u0130lham \u0130sa o\u011flu"},"content":{"rendered":"<p>[vc_row][vc_column css=&#8221;.vc_custom_1551761156478{padding-top: 85px !important;padding-bottom: 70px !important;}&#8221;][vc_row_inner][vc_column_inner width=&#8221;1\/4&#8243;][\/vc_column_inner][vc_column_inner width=&#8221;1\/2&#8243; ct_column_inner_class=&#8221;rm-padding-lg&#8221; css=&#8221;.vc_custom_1551760226751{padding-top: 0px !important;padding-right: 45px !important;padding-bottom: 0px !important;padding-left: 45px !important;}&#8221;][ct_heading text=&#8221;<cite>M\u0259mm\u0259dov \u0130lham \u0130sa o\u011flu<\/cite>&#8221; align_lg=&#8221;align-center&#8221; align_md=&#8221;align-center-md&#8221; align_sm=&#8221;align-center-sm&#8221; align_xs=&#8221;align-center-xs&#8221; font_size_sm=&#8221;24&#8243; font_size_xs=&#8221;24&#8243; font_weight=&#8221;&#8221; show_gap=&#8221;show&#8221; subtitle=&#8221;Team&#8221; description_font_weight=&#8221;inherit&#8221; margin_bottom=&#8221;0&#8243;][\/vc_column_inner][vc_column_inner width=&#8221;1\/4&#8243;][\/vc_column_inner][\/vc_row_inner][\/vc_column][\/vc_row][vc_row css=&#8221;.vc_custom_1551761082453{padding-bottom: 117px !important;}&#8221;][vc_column width=&#8221;1\/3&#8243; offset=&#8221;vc_col-lg-3 vc_col-md-3&#8243;][ct_team_member image=&#8221;2001&#8243; social=&#8221;%5B%7B%7D%5D&#8221; el_class=&#8221;single-team&#8221;][\/vc_column][vc_column width=&#8221;2\/3&#8243; offset=&#8221;vc_col-lg-9 vc_col-md-9&#8243;][vc_column_text css=&#8221;.vc_custom_1654762328870{margin-top: -8px !important;margin-bottom: 48px !important;}&#8221;]<\/p>\n<ul>\n<li><strong>1985<\/strong>\u00a0&#8211; c\u00fc ild\u0259 Perm D\u00f6vl\u0259t Universitetinin h\u00fcquq fakult\u0259sini bitirib.<\/li>\n<li>T\u0259yinatla SSR\u0130 prokurorluq orqanlar\u0131nda i\u015f\u0259 q\u0259bul olub, m\u00fcxt\u0259lif v\u0259zif\u0259l\u0259rd\u0259 \u00e7al\u0131\u015f\u0131b.<\/li>\n<li><strong>1993 \u2013 <\/strong>ci ild\u0259 k\u00f6\u00e7\u00fcrm\u0259 qaydas\u0131nda Az\u0259rbaycan Respublikas\u0131n\u0131n Ba\u015f Prokuror yan\u0131nda m\u00fch\u00fcm i\u015fl\u0259r \u00fczr\u0259 m\u00fcst\u0259ntiq,<\/li>\n<li>Ba\u015f Prokurorlar\u0131n x\u00fcsusi tap\u015f\u0131r\u0131qlar \u00fczr\u0259 k\u00f6m\u0259k\u00e7isi,<\/li>\n<li>Sumqay\u0131t H\u0259rbi prokuroru,<\/li>\n<li><strong>24 aprel 2003<\/strong> &#8211; c\u00fc ild\u0259n Az\u0259rbaycan Respublikas\u0131 H\u0259rbi Prokurorunun 1 \u2013 ci m\u00fcavini v\u0259<br \/>\nAz\u0259rbaycan Respublika H\u0259rbi Prokuror v\u0259zif\u0259sinin icra\u00e7\u0131s\u0131<\/li>\n<li><strong>10 fevral 2005<\/strong>-ci ild\u0259n <strong>31 mart 2009<\/strong> &#8211; cu il\u0259d\u0259k Az\u0259rbaycan Respublikas\u0131n\u0131n h\u0259rbi prokurorunun 1 &#8211; ci m\u00fcavini<\/li>\n<li>Bir s\u0131ra rayon prokuroru<\/li>\n<li><strong>5 may 2005<\/strong> &#8211; ci ild\u0259n <strong>31 mart 2009<\/strong> cu il\u0259d\u0259k Erm\u0259nistan\u0131n t\u0259cav\u00fcz\u00fc n\u0259tic\u0259sind\u0259 t\u00f6r\u0259dilmi\u015f cinay\u0259tl\u0259rin birg\u0259 istintaq qrupunun r\u0259hb\u0259ri<\/li>\n<li>\u0130nterpolun s\u00fclh v\u0259 insanl\u0131q \u0259leyhin\u0259, m\u00fcharib\u0259 cinay\u0259tl\u0259rinin istintaq\u0131na dair beyn\u0259lxalq i\u015f\u00e7i qrupunun \u00fczv\u00fc<\/li>\n<li>\u018fsir v\u0259 itkin d\u00fc\u015fm\u00fc\u015f v\u0259t\u0259nda\u015flara dair D\u00f6vl\u0259t Komissiyas\u0131n\u0131n \u00dczv\u00fc<\/li>\n<li>Beyn\u0259lxalq prokurorlar asosasiyas\u0131n\u0131n \u00fczv\u00fc<\/li>\n<li>Prokurorlu\u011fun F\u0259xri \u0130\u015f\u00e7isi<\/li>\n<li>Ba\u015f \u018fdliyy\u0259 m\u00fc\u015faviri, \u018fdliyy\u0259 polkovniki<\/li>\n<li><strong>2021 \u2013 <\/strong>ci ild\u0259n ya\u015fla \u0259laq\u0259dar\u00a0 prokurorluq orqanlar\u0131n\u0131n\u00a0 t\u0259qa\u00fcd\u00e7\u00fcs\u00fc<\/li>\n<\/ul>\n<p>[\/vc_column_text][vc_row_inner content_placement=&#8221;middle&#8221;][vc_column_inner width=&#8221;2\/3&#8243;][\/vc_column_inner][vc_column_inner el_class=&#8221;text-left-sm text-right&#8221; width=&#8221;1\/3&#8243;][\/vc_column_inner][\/vc_row_inner][\/vc_column][\/vc_row]<\/p>\n","protected":false},"excerpt":{"rendered":"<p>[vc_row][vc_column css=&#8221;.vc_custom_1551761156478{padding-top: 85px !important;padding-bottom: 70px !important;}&#8221;][vc_row_inner][vc_column_inner width=&#8221;1\/4&#8243;][\/vc_column_inner][vc_column_inner width=&#8221;1\/2&#8243; ct_column_inner_class=&#8221;rm-padding-lg&#8221; css=&#8221;.vc_custom_1551760226751{padding-top: 0px !important;padding-right: 45px !important;padding-bottom: 0px !important;padding-left: 45px !important;}&#8221;][ct_heading text=&#8221;M\u0259mm\u0259dov \u0130lham \u0130sa o\u011flu&#8221; align_lg=&#8221;align-center&#8221; align_md=&#8221;align-center-md&#8221; align_sm=&#8221;align-center-sm&#8221; align_xs=&#8221;align-center-xs&#8221; font_size_sm=&#8221;24&#8243; font_size_xs=&#8221;24&#8243; font_weight=&#8221;&#8221; show_gap=&#8221;show&#8221; subtitle=&#8221;Team&#8221; description_font_weight=&#8221;inherit&#8221; margin_bottom=&#8221;0&#8243;][\/vc_column_inner][vc_column_inner width=&#8221;1\/4&#8243;][\/vc_column_inner][\/vc_row_inner][\/vc_column][\/vc_row][vc_row css=&#8221;.vc_custom_1551761082453{padding-bottom: 117px !important;}&#8221;][vc_column width=&#8221;1\/3&#8243; offset=&#8221;vc_col-lg-3 vc_col-md-3&#8243;][ct_team_member image=&#8221;2001&#8243; social=&#8221;%5B%7B%7D%5D&#8221; el_class=&#8221;single-team&#8221;][\/vc_column][vc_column width=&#8221;2\/3&#8243; offset=&#8221;vc_col-lg-9 vc_col-md-9&#8243;][vc_column_text css=&#8221;.vc_custom_1654762328870{margin-top: -8px !important;margin-bottom: 48px !important;}&#8221;] 1985\u00a0&#8211; c\u00fc ild\u0259 Perm [&hellip;]<\/p>\n","protected":false},"author":1,"featured_media":0,"parent":0,"menu_order":0,"comment_status":"closed","ping_status":"closed","template":"","meta":{"footnotes":""},"class_list":["post-2125","page","type-page","status-publish","hentry"],"_links":{"self":[{"href":"https:\/\/prt.az\/index.php?rest_route=\/wp\/v2\/pages\/2125","targetHints":{"allow":["GET"]}}],"collection":[{"href":"https:\/\/prt.az\/index.php?rest_route=\/wp\/v2\/pages"}],"about":[{"href":"https:\/\/prt.az\/index.php?rest_route=\/wp\/v2\/types\/page"}],"author":[{"embeddable":true,"href":"https:\/\/prt.az\/index.php?rest_route=\/wp\/v2\/users\/1"}],"replies":[{"embeddable":true,"href":"https:\/\/prt.az\/index.php?rest_route=%2Fwp%2Fv2%2Fcomments&post=2125"}],"version-history":[{"count":8,"href":"https:\/\/prt.az\/index.php?rest_route=\/wp\/v2\/pages\/2125\/revisions"}],"predecessor-version":[{"id":2690,"href":"https:\/\/prt.az\/index.php?rest_route=\/wp\/v2\/pages\/2125\/revisions\/2690"}],"wp:attachment":[{"href":"https:\/\/prt.az\/index.php?rest_route=%2Fwp%2Fv2%2Fmedia&parent=2125"}],"curies":[{"name":"wp","href":"https:\/\/api.w.org\/{rel}","templated":true}]}}