{"id":2169,"date":"2022-05-10T07:23:15","date_gmt":"2022-05-10T07:23:15","guid":{"rendered":"https:\/\/prt.az\/?page_id=2169"},"modified":"2022-05-10T07:58:06","modified_gmt":"2022-05-10T07:58:06","slug":"team-details-2-2-3-3-3-2","status":"publish","type":"page","link":"https:\/\/prt.az\/?page_id=2169","title":{"rendered":"Mikay\u0131lov Arslan Eldar o\u011flu"},"content":{"rendered":"<p>[vc_row][vc_column css=&#8221;.vc_custom_1551761156478{padding-top: 85px !important;padding-bottom: 70px !important;}&#8221;][vc_row_inner][vc_column_inner width=&#8221;1\/4&#8243;][\/vc_column_inner][vc_column_inner width=&#8221;1\/2&#8243; ct_column_inner_class=&#8221;rm-padding-lg&#8221; css=&#8221;.vc_custom_1551760226751{padding-top: 0px !important;padding-right: 45px !important;padding-bottom: 0px !important;padding-left: 45px !important;}&#8221;][ct_heading text=&#8221;<cite>Mikay\u0131lov Arslan Eldar<\/cite>&#8221; align_lg=&#8221;align-center&#8221; align_md=&#8221;align-center-md&#8221; align_sm=&#8221;align-center-sm&#8221; align_xs=&#8221;align-center-xs&#8221; font_size_sm=&#8221;24&#8243; font_size_xs=&#8221;24&#8243; font_weight=&#8221;&#8221; show_gap=&#8221;show&#8221; subtitle=&#8221;Team&#8221; description_font_weight=&#8221;inherit&#8221; margin_bottom=&#8221;0&#8243;][\/vc_column_inner][vc_column_inner width=&#8221;1\/4&#8243;][\/vc_column_inner][\/vc_row_inner][\/vc_column][\/vc_row][vc_row css=&#8221;.vc_custom_1551761082453{padding-bottom: 117px !important;}&#8221;][vc_column width=&#8221;1\/3&#8243; offset=&#8221;vc_col-lg-3 vc_col-md-3&#8243;][ct_team_member image=&#8221;2168&#8243; social=&#8221;%5B%7B%7D%5D&#8221; el_class=&#8221;single-team&#8221;][\/vc_column][vc_column width=&#8221;2\/3&#8243; offset=&#8221;vc_col-lg-9 vc_col-md-9&#8243;][vc_column_text css=&#8221;.vc_custom_1652169433974{margin-top: -8px !important;margin-bottom: 48px !important;}&#8221;]<\/p>\n<ul>\n<li>T\u0259hsil <strong>2004-2008<\/strong> Odlar Yurdu Universiteti bakalavr<\/li>\n<li><strong>2018-2020<\/strong> Xarkov D\u00f6vl\u0259t Daxili \u0130\u015fl\u0259r Universiteti magistr:<\/li>\n<li><strong>2009-2013<\/strong> N\u0259rimanov Rayon M\u0259hk\u0259m\u0259si, <strong>2 <\/strong>sayl\u0131 Bak\u0131 \u0130nzibati \u0130qtisadi M\u0259hk\u0259m\u0259sind\u0259 hakim k\u00f6m\u0259k\u00e7isi<\/li>\n<li><strong>2013-2022<\/strong>&#8211; ci ild\u0259n Bank Respublika ASC h\u00fcquq\u015funas , ba\u015f h\u00fcquq\u015funas<\/li>\n<li><strong>2018<\/strong>-ci ild\u0259n V\u0259kill\u0259r Kollegiyas\u0131n\u0131n \u00fczv\u00fc<\/li>\n<li><strong>2021 &#8211; ci<\/strong> ild\u0259n Mediasiya \u015furas\u0131n\u0131n \u00fczv\u00fc<\/li>\n<\/ul>\n<p>[\/vc_column_text][vc_row_inner content_placement=&#8221;middle&#8221;][vc_column_inner width=&#8221;2\/3&#8243;][ct_contact_info content_type=&#8221;tel&#8221; icon_list=&#8221;fontawesome5&#8243; icon_fontawesome5=&#8221;fac fac-phone&#8221; el_class=&#8221;contact-info-group&#8221;][\/vc_column_inner][vc_column_inner el_class=&#8221;text-left-sm text-right&#8221; width=&#8221;1\/3&#8243;][\/vc_column_inner][\/vc_row_inner][\/vc_column][\/vc_row]<\/p>\n","protected":false},"excerpt":{"rendered":"<p>[vc_row][vc_column css=&#8221;.vc_custom_1551761156478{padding-top: 85px !important;padding-bottom: 70px !important;}&#8221;][vc_row_inner][vc_column_inner width=&#8221;1\/4&#8243;][\/vc_column_inner][vc_column_inner width=&#8221;1\/2&#8243; ct_column_inner_class=&#8221;rm-padding-lg&#8221; css=&#8221;.vc_custom_1551760226751{padding-top: 0px !important;padding-right: 45px !important;padding-bottom: 0px !important;padding-left: 45px !important;}&#8221;][ct_heading text=&#8221;Mikay\u0131lov Arslan Eldar&#8221; align_lg=&#8221;align-center&#8221; align_md=&#8221;align-center-md&#8221; align_sm=&#8221;align-center-sm&#8221; align_xs=&#8221;align-center-xs&#8221; font_size_sm=&#8221;24&#8243; font_size_xs=&#8221;24&#8243; font_weight=&#8221;&#8221; show_gap=&#8221;show&#8221; subtitle=&#8221;Team&#8221; description_font_weight=&#8221;inherit&#8221; margin_bottom=&#8221;0&#8243;][\/vc_column_inner][vc_column_inner width=&#8221;1\/4&#8243;][\/vc_column_inner][\/vc_row_inner][\/vc_column][\/vc_row][vc_row css=&#8221;.vc_custom_1551761082453{padding-bottom: 117px !important;}&#8221;][vc_column width=&#8221;1\/3&#8243; offset=&#8221;vc_col-lg-3 vc_col-md-3&#8243;][ct_team_member image=&#8221;2168&#8243; social=&#8221;%5B%7B%7D%5D&#8221; el_class=&#8221;single-team&#8221;][\/vc_column][vc_column width=&#8221;2\/3&#8243; offset=&#8221;vc_col-lg-9 vc_col-md-9&#8243;][vc_column_text css=&#8221;.vc_custom_1652169433974{margin-top: -8px !important;margin-bottom: 48px !important;}&#8221;] T\u0259hsil 2004-2008 Odlar Yurdu Universiteti [&hellip;]<\/p>\n","protected":false},"author":1,"featured_media":0,"parent":0,"menu_order":0,"comment_status":"closed","ping_status":"closed","template":"","meta":{"footnotes":""},"class_list":["post-2169","page","type-page","status-publish","hentry"],"_links":{"self":[{"href":"https:\/\/prt.az\/index.php?rest_route=\/wp\/v2\/pages\/2169","targetHints":{"allow":["GET"]}}],"collection":[{"href":"https:\/\/prt.az\/index.php?rest_route=\/wp\/v2\/pages"}],"about":[{"href":"https:\/\/prt.az\/index.php?rest_route=\/wp\/v2\/types\/page"}],"author":[{"embeddable":true,"href":"https:\/\/prt.az\/index.php?rest_route=\/wp\/v2\/users\/1"}],"replies":[{"embeddable":true,"href":"https:\/\/prt.az\/index.php?rest_route=%2Fwp%2Fv2%2Fcomments&post=2169"}],"version-history":[{"count":6,"href":"https:\/\/prt.az\/index.php?rest_route=\/wp\/v2\/pages\/2169\/revisions"}],"predecessor-version":[{"id":2176,"href":"https:\/\/prt.az\/index.php?rest_route=\/wp\/v2\/pages\/2169\/revisions\/2176"}],"wp:attachment":[{"href":"https:\/\/prt.az\/index.php?rest_route=%2Fwp%2Fv2%2Fmedia&parent=2169"}],"curies":[{"name":"wp","href":"https:\/\/api.w.org\/{rel}","templated":true}]}}