{"id":2238,"date":"2022-05-20T09:09:55","date_gmt":"2022-05-20T09:09:55","guid":{"rendered":"https:\/\/prt.az\/?page_id=2238"},"modified":"2022-06-09T09:21:16","modified_gmt":"2022-06-09T09:21:16","slug":"team-details-5","status":"publish","type":"page","link":"https:\/\/prt.az\/?page_id=2238","title":{"rendered":"Nanoba\u015fvili Mamuka Tarielovi\u00e7"},"content":{"rendered":"<p>[vc_row][vc_column css=&#8221;.vc_custom_1551761156478{padding-top: 85px !important;padding-bottom: 70px !important;}&#8221;][vc_row_inner][vc_column_inner width=&#8221;1\/4&#8243;][\/vc_column_inner][vc_column_inner width=&#8221;1\/2&#8243; ct_column_inner_class=&#8221;rm-padding-lg&#8221; css=&#8221;.vc_custom_1551760226751{padding-top: 0px !important;padding-right: 45px !important;padding-bottom: 0px !important;padding-left: 45px !important;}&#8221;][ct_heading text=&#8221;<cite>Nanoba\u015fvili Mamuka Tariel o\u011flu<\/cite>&#8221; align_lg=&#8221;align-center&#8221; align_md=&#8221;align-center-md&#8221; align_sm=&#8221;align-center-sm&#8221; align_xs=&#8221;align-center-xs&#8221; font_size_sm=&#8221;24&#8243; font_size_xs=&#8221;24&#8243; font_weight=&#8221;&#8221; show_gap=&#8221;show&#8221; subtitle=&#8221;Team&#8221; description_font_weight=&#8221;inherit&#8221; margin_bottom=&#8221;0&#8243;][\/vc_column_inner][vc_column_inner width=&#8221;1\/4&#8243;][\/vc_column_inner][\/vc_row_inner][\/vc_column][\/vc_row][vc_row css=&#8221;.vc_custom_1551761082453{padding-bottom: 117px !important;}&#8221;][vc_column width=&#8221;1\/3&#8243; offset=&#8221;vc_col-lg-3 vc_col-md-3&#8243;][ct_team_member image=&#8221;2239&#8243; social=&#8221;%5B%7B%7D%5D&#8221; el_class=&#8221;single-team&#8221; title=&#8221;Nanoba\u015fvili Mamuka Tariel&#8221;][\/vc_column][vc_column width=&#8221;2\/3&#8243; offset=&#8221;vc_col-lg-9 vc_col-md-9&#8243;][vc_column_text css=&#8221;.vc_custom_1654762845576{margin-top: -8px !important;margin-bottom: 48px !important;}&#8221;]<\/p>\n<ul>\n<li>Perm D\u00f6vl\u0259t Universitetinin h\u00fcquq fak\u00fclt\u0259sinin \u0259yani \u015f\u00f6b\u0259sini <strong>1985<\/strong>-ci ild\u0259\u00a0 bitirib.<\/li>\n<li><strong>1985-1987<\/strong>-ci ill\u0259rd\u0259 Tsiteltskaro vilay\u0259tinin rayon komsomol komit\u0259si,<\/li>\n<li><strong>1987<\/strong>-ci ild\u0259n <strong>2004<\/strong>-c\u00fc ill\u0259rd\u0259 G\u00fcrc\u00fcstan Daxili \u0130\u015fl\u0259r Nazirliyind\u0259\u00a0 istintaq-\u0259m\u0259liyyat\u00a0 i\u015fi.<\/li>\n<li><strong>2005-2010<\/strong>-cu ill\u0259rd\u0259 G\u00fcrc\u00fcstan Maliyy\u0259 Nazirliyinin \u0130stintaq Departamentinin Ba\u015f \u0130stintaq \u0130dar\u0259sinin x\u00fcsusil\u0259 m\u00fch\u00fcm i\u015fl\u0259r \u00fczr\u0259 m\u00fcst\u0259ntiqi.<\/li>\n<li>G\u00fcrc\u00fcstan Respublikas\u0131nda cinay\u0259t ,miqrasiya v\u0259 kommersiya h\u00fcququ \u00fczr\u0259 v\u0259killik f\u0259aliyy\u0259ti il\u0259 ma\u015f\u011fuldur.<\/li>\n<\/ul>\n<p>[\/vc_column_text][vc_row_inner content_placement=&#8221;middle&#8221;][vc_column_inner width=&#8221;2\/3&#8243;][ct_contact_info content_type=&#8221;tel&#8221; icon_list=&#8221;fontawesome5&#8243; icon_fontawesome5=&#8221;fac fac-phone&#8221; el_class=&#8221;contact-info-group&#8221;][\/vc_column_inner][vc_column_inner el_class=&#8221;text-left-sm text-right&#8221; width=&#8221;1\/3&#8243;][\/vc_column_inner][\/vc_row_inner][\/vc_column][\/vc_row]<\/p>\n","protected":false},"excerpt":{"rendered":"<p>[vc_row][vc_column css=&#8221;.vc_custom_1551761156478{padding-top: 85px !important;padding-bottom: 70px !important;}&#8221;][vc_row_inner][vc_column_inner width=&#8221;1\/4&#8243;][\/vc_column_inner][vc_column_inner width=&#8221;1\/2&#8243; ct_column_inner_class=&#8221;rm-padding-lg&#8221; css=&#8221;.vc_custom_1551760226751{padding-top: 0px !important;padding-right: 45px !important;padding-bottom: 0px !important;padding-left: 45px !important;}&#8221;][ct_heading text=&#8221;Nanoba\u015fvili Mamuka Tariel o\u011flu&#8221; align_lg=&#8221;align-center&#8221; align_md=&#8221;align-center-md&#8221; align_sm=&#8221;align-center-sm&#8221; align_xs=&#8221;align-center-xs&#8221; font_size_sm=&#8221;24&#8243; font_size_xs=&#8221;24&#8243; font_weight=&#8221;&#8221; show_gap=&#8221;show&#8221; subtitle=&#8221;Team&#8221; description_font_weight=&#8221;inherit&#8221; margin_bottom=&#8221;0&#8243;][\/vc_column_inner][vc_column_inner width=&#8221;1\/4&#8243;][\/vc_column_inner][\/vc_row_inner][\/vc_column][\/vc_row][vc_row css=&#8221;.vc_custom_1551761082453{padding-bottom: 117px !important;}&#8221;][vc_column width=&#8221;1\/3&#8243; offset=&#8221;vc_col-lg-3 vc_col-md-3&#8243;][ct_team_member image=&#8221;2239&#8243; social=&#8221;%5B%7B%7D%5D&#8221; el_class=&#8221;single-team&#8221; title=&#8221;Nanoba\u015fvili Mamuka Tariel&#8221;][\/vc_column][vc_column width=&#8221;2\/3&#8243; offset=&#8221;vc_col-lg-9 vc_col-md-9&#8243;][vc_column_text css=&#8221;.vc_custom_1654762845576{margin-top: -8px !important;margin-bottom: 48px !important;}&#8221;] Perm [&hellip;]<\/p>\n","protected":false},"author":1,"featured_media":0,"parent":0,"menu_order":0,"comment_status":"closed","ping_status":"closed","template":"","meta":{"footnotes":""},"class_list":["post-2238","page","type-page","status-publish","hentry"],"_links":{"self":[{"href":"https:\/\/prt.az\/index.php?rest_route=\/wp\/v2\/pages\/2238","targetHints":{"allow":["GET"]}}],"collection":[{"href":"https:\/\/prt.az\/index.php?rest_route=\/wp\/v2\/pages"}],"about":[{"href":"https:\/\/prt.az\/index.php?rest_route=\/wp\/v2\/types\/page"}],"author":[{"embeddable":true,"href":"https:\/\/prt.az\/index.php?rest_route=\/wp\/v2\/users\/1"}],"replies":[{"embeddable":true,"href":"https:\/\/prt.az\/index.php?rest_route=%2Fwp%2Fv2%2Fcomments&post=2238"}],"version-history":[{"count":5,"href":"https:\/\/prt.az\/index.php?rest_route=\/wp\/v2\/pages\/2238\/revisions"}],"predecessor-version":[{"id":2697,"href":"https:\/\/prt.az\/index.php?rest_route=\/wp\/v2\/pages\/2238\/revisions\/2697"}],"wp:attachment":[{"href":"https:\/\/prt.az\/index.php?rest_route=%2Fwp%2Fv2%2Fmedia&parent=2238"}],"curies":[{"name":"wp","href":"https:\/\/api.w.org\/{rel}","templated":true}]}}