{"id":2247,"date":"2022-05-27T11:11:07","date_gmt":"2022-05-27T11:11:07","guid":{"rendered":"https:\/\/prt.az\/?page_id=2247"},"modified":"2022-05-27T11:16:45","modified_gmt":"2022-05-27T11:16:45","slug":"team-details-6","status":"publish","type":"page","link":"https:\/\/prt.az\/?page_id=2247","title":{"rendered":"Qas\u0131mov Al\u0131\u015f M\u0259mi\u015f o\u011flu"},"content":{"rendered":"<p>[vc_row][vc_column css=&#8221;.vc_custom_1551761156478{padding-top: 85px !important;padding-bottom: 70px !important;}&#8221;][vc_row_inner][vc_column_inner width=&#8221;1\/4&#8243;][\/vc_column_inner][vc_column_inner width=&#8221;1\/2&#8243; ct_column_inner_class=&#8221;rm-padding-lg&#8221; css=&#8221;.vc_custom_1551760226751{padding-top: 0px !important;padding-right: 45px !important;padding-bottom: 0px !important;padding-left: 45px !important;}&#8221;][ct_heading text=&#8221;<cite>Qas\u0131mov Al\u0131\u015f M\u0259mi\u015f o\u011flu <\/cite>&#8221; align_lg=&#8221;align-center&#8221; align_md=&#8221;align-center-md&#8221; align_sm=&#8221;align-center-sm&#8221; align_xs=&#8221;align-center-xs&#8221; font_size_sm=&#8221;24&#8243; font_size_xs=&#8221;24&#8243; font_weight=&#8221;&#8221; show_gap=&#8221;show&#8221; subtitle=&#8221;Team&#8221; description_font_weight=&#8221;inherit&#8221; margin_bottom=&#8221;0&#8243;][\/vc_column_inner][vc_column_inner width=&#8221;1\/4&#8243;][\/vc_column_inner][\/vc_row_inner][\/vc_column][\/vc_row][vc_row css=&#8221;.vc_custom_1551761082453{padding-bottom: 117px !important;}&#8221;][vc_column width=&#8221;1\/3&#8243; offset=&#8221;vc_col-lg-3 vc_col-md-3&#8243;][ct_team_member image=&#8221;2248&#8243; social=&#8221;%5B%7B%7D%5D&#8221; el_class=&#8221;single-team&#8221; title=&#8221;Qas\u0131mov Al\u0131\u015f&#8221;][\/vc_column][vc_column width=&#8221;2\/3&#8243; offset=&#8221;vc_col-lg-9 vc_col-md-9&#8243;][vc_column_text css=&#8221;.vc_custom_1653650210563{margin-top: -8px !important;margin-bottom: 48px !important;}&#8221;]<\/p>\n<ul>\n<li><em>H\u00fcquq elml\u0259ri doktoru, professor.<\/em><\/li>\n<li><strong>T\u0259hsili, elmi d\u0259r\u0259c\u0259si v\u0259 elmi adlar\u0131<\/strong>\n<ul>\n<li><strong>1988<\/strong>-ci ild\u0259 BDU H\u00fcquq fak\u00fclt\u0259sini bitirmi\u015fdir;<\/li>\n<li><strong>1991-1994<\/strong>-c\u00fc ill\u0259rd\u0259 BDU-da istehsalatdan ayr\u0131lmadan \u201c\u018fm\u0259k h\u00fcququ; sosial t\u0259minat h\u00fcququ\u201d ixtisas\u0131 \u00fczr\u0259 aspiranturada t\u0259hsil alm\u0131\u015fd\u0131r.<\/li>\n<li><strong>1994<\/strong>-c\u00fc ild\u0259\u00a0BDU-da \u201c\u018fm\u0259k v\u0259 b\u0259zi m\u00fclki h\u00fcquq m\u00fcnasib\u0259tl\u0259rind\u0259n \u0259m\u0259l\u0259 g\u0259l\u0259n \u0259v\u0259zli v\u0259 \u0259v\u0259zsiz \u0259mlak s\u0259lahiyy\u0259tl\u0259rinin qar\u015f\u0131l\u0131ql\u0131 \u0259laq\u0259 sistemi\u201dm\u00f6vzusunda dissertasiya i\u015fini m\u00fcdafi\u0259 ed\u0259r\u0259k h\u00fcquq elml\u0259ri namiz\u0259di elmi d\u0259r\u0259c\u0259si alm\u0131\u015fd\u0131r;<\/li>\n<li><strong>1997<\/strong>-ci ild\u0259 Az\u0259rbaycan Respublikas\u0131n\u0131n Prezidenti yan\u0131nda Ali Attestasiya Komissiyas\u0131n\u0131n q\u0259rar\u0131 il\u0259 dosent elmi ad\u0131 alm\u0131\u015fd\u0131r.<\/li>\n<li><strong>2003<\/strong>-c\u00fc ild\u0259 BDU-da \u201cAz\u0259rbaycan Respublikas\u0131n\u0131n \u0259m\u0259k h\u00fcququnda qar\u015f\u0131l\u0131ql\u0131 maddi m\u0259suliyy\u0259t\u201d m\u00f6vzusunda dissertasiya i\u015fini m\u00fcdafi\u0259 ed\u0259r\u0259k h\u00fcquq elml\u0259ri doktoru elmi d\u0259r\u0259c\u0259si alm\u0131\u015fd\u0131r;<\/li>\n<li><strong>2010<\/strong>-cu ild\u0259 Az\u0259rbaycan Respublikas\u0131n\u0131n Prezidenti yan\u0131nda Ali Attestasiya Komissiyas\u0131n\u0131n q\u0259rar\u0131 il\u0259 professor elmi ad\u0131 alm\u0131\u015fd\u0131r.<\/li>\n<\/ul>\n<p><strong>\u018f<\/strong><strong>m\u0259k f\u0259ali<\/strong><strong>yy\u0259<\/strong><strong>t<\/strong><strong>i<\/strong><\/p>\n<ul>\n<li><strong>1977-1979<\/strong> v\u0259 <strong>1981-1988<\/strong>-ci ill\u0259rd\u0259 BMHK-da f\u0259hl\u0259, yataqxana m\u00fcdiri;<\/li>\n<li><strong>1988-1989<\/strong> \u2013 Bak\u0131 \u015f\u0259h\u0259ri \u018fzizb\u0259yov (indiki X\u0259z\u0259r) rayon xalq m\u0259hk\u0259m\u0259sind\u0259 kuryer, karg\u00fczar, d\u0259ft\u0259rxana m\u00fcdiri;<\/li>\n<li><strong>1989-1991<\/strong> \u2013 BDU H\u00fcquq fak\u00fclt\u0259sinin qiyabi \u015f\u00f6b\u0259sinin metodisti;<\/li>\n<li><strong>1991-1995<\/strong> \u2013 BDU H\u00fcquq fak\u00fclt\u0259sinin M\u00fclki proses v\u0259 \u0259m\u0259k-ail\u0259 h\u00fcququ kafedras\u0131n\u0131n m\u00fc\u0259llimi, ba\u015f m\u00fc\u0259llimi;<\/li>\n<li><strong>1995-2001<\/strong> \u2013 BDU H\u00fcquq fak\u00fclt\u0259sinin dekan m\u00fcavini;<\/li>\n<li>\u00a0<strong>1995-2011<\/strong>\u2013 BDU H\u00fcquq fak\u00fclt\u0259sinin M\u00fclki proses, \u0259m\u0259k v\u0259 ekologiya h\u00fcququ kafedras\u0131n\u0131n dosenti, professoru;<\/li>\n<li><strong>2002-2011<\/strong> \u2013 BDU H\u00fcquq fak\u00fclt\u0259sinin M\u00fclki proses, \u0259m\u0259k v\u0259 ekologiya h\u00fcququ kafedras\u0131n\u0131n m\u00fcdiri;<\/li>\n<li><strong>2011<\/strong> \u2013 hal-haz\u0131rad\u0259k \u2013 BDU H\u00fcquq fak\u00fclt\u0259sinin \u018fm\u0259k v\u0259 ekologiya h\u00fcququ kafedras\u0131n\u0131n m\u00fcdiri;<\/li>\n<li><strong>2011<\/strong> \u2013 hal-haz\u0131rad\u0259k \u2013 BDU H\u00fcquq fak\u00fclt\u0259sinin \u018fm\u0259k v\u0259 ekologiya h\u00fcququ kafedras\u0131n\u0131n 0,5 \u015ftat daxili \u0259v\u0259z\u00e7ilikl\u0259 professoru.<\/li>\n<\/ul>\n<p><strong>T\u0259dqiqa<\/strong><strong>t sah\u0259l\u0259ri<\/strong><\/p>\n<p>&nbsp;<\/li>\n<li>\u018fm\u0259k h\u00fcququ;&nbsp;<\/li>\n<li>Sosial t\u0259minat h\u00fcququ;&nbsp;<\/li>\n<li>Ekologiya h\u00fcququ.<\/li>\n<\/ul>\n<p>[\/vc_column_text][vc_row_inner content_placement=&#8221;middle&#8221;][vc_column_inner width=&#8221;2\/3&#8243;][ct_contact_info content_type=&#8221;tel&#8221; icon_list=&#8221;fontawesome5&#8243; icon_fontawesome5=&#8221;fac fac-phone&#8221; el_class=&#8221;contact-info-group&#8221;][\/vc_column_inner][vc_column_inner el_class=&#8221;text-left-sm text-right&#8221; width=&#8221;1\/3&#8243;][\/vc_column_inner][\/vc_row_inner][\/vc_column][\/vc_row]<\/p>\n","protected":false},"excerpt":{"rendered":"<p>[vc_row][vc_column css=&#8221;.vc_custom_1551761156478{padding-top: 85px !important;padding-bottom: 70px !important;}&#8221;][vc_row_inner][vc_column_inner width=&#8221;1\/4&#8243;][\/vc_column_inner][vc_column_inner width=&#8221;1\/2&#8243; ct_column_inner_class=&#8221;rm-padding-lg&#8221; css=&#8221;.vc_custom_1551760226751{padding-top: 0px !important;padding-right: 45px !important;padding-bottom: 0px !important;padding-left: 45px !important;}&#8221;][ct_heading text=&#8221;Qas\u0131mov Al\u0131\u015f M\u0259mi\u015f o\u011flu &#8221; align_lg=&#8221;align-center&#8221; align_md=&#8221;align-center-md&#8221; align_sm=&#8221;align-center-sm&#8221; align_xs=&#8221;align-center-xs&#8221; font_size_sm=&#8221;24&#8243; font_size_xs=&#8221;24&#8243; font_weight=&#8221;&#8221; show_gap=&#8221;show&#8221; subtitle=&#8221;Team&#8221; description_font_weight=&#8221;inherit&#8221; margin_bottom=&#8221;0&#8243;][\/vc_column_inner][vc_column_inner width=&#8221;1\/4&#8243;][\/vc_column_inner][\/vc_row_inner][\/vc_column][\/vc_row][vc_row css=&#8221;.vc_custom_1551761082453{padding-bottom: 117px !important;}&#8221;][vc_column width=&#8221;1\/3&#8243; offset=&#8221;vc_col-lg-3 vc_col-md-3&#8243;][ct_team_member image=&#8221;2248&#8243; social=&#8221;%5B%7B%7D%5D&#8221; el_class=&#8221;single-team&#8221; title=&#8221;Qas\u0131mov Al\u0131\u015f&#8221;][\/vc_column][vc_column width=&#8221;2\/3&#8243; offset=&#8221;vc_col-lg-9 vc_col-md-9&#8243;][vc_column_text css=&#8221;.vc_custom_1653650210563{margin-top: -8px !important;margin-bottom: 48px !important;}&#8221;] H\u00fcquq [&hellip;]<\/p>\n","protected":false},"author":1,"featured_media":0,"parent":0,"menu_order":0,"comment_status":"closed","ping_status":"closed","template":"","meta":{"footnotes":""},"class_list":["post-2247","page","type-page","status-publish","hentry"],"_links":{"self":[{"href":"https:\/\/prt.az\/index.php?rest_route=\/wp\/v2\/pages\/2247","targetHints":{"allow":["GET"]}}],"collection":[{"href":"https:\/\/prt.az\/index.php?rest_route=\/wp\/v2\/pages"}],"about":[{"href":"https:\/\/prt.az\/index.php?rest_route=\/wp\/v2\/types\/page"}],"author":[{"embeddable":true,"href":"https:\/\/prt.az\/index.php?rest_route=\/wp\/v2\/users\/1"}],"replies":[{"embeddable":true,"href":"https:\/\/prt.az\/index.php?rest_route=%2Fwp%2Fv2%2Fcomments&post=2247"}],"version-history":[{"count":2,"href":"https:\/\/prt.az\/index.php?rest_route=\/wp\/v2\/pages\/2247\/revisions"}],"predecessor-version":[{"id":2251,"href":"https:\/\/prt.az\/index.php?rest_route=\/wp\/v2\/pages\/2247\/revisions\/2251"}],"wp:attachment":[{"href":"https:\/\/prt.az\/index.php?rest_route=%2Fwp%2Fv2%2Fmedia&parent=2247"}],"curies":[{"name":"wp","href":"https:\/\/api.w.org\/{rel}","templated":true}]}}