{"id":2322,"date":"2022-05-31T13:58:24","date_gmt":"2022-05-31T13:58:24","guid":{"rendered":"https:\/\/prt.az\/?page_id=2322"},"modified":"2022-06-29T08:32:26","modified_gmt":"2022-06-29T08:32:26","slug":"sample-page-5-2","status":"publish","type":"page","link":"https:\/\/prt.az\/?page_id=2322","title":{"rendered":"\u0130lk g\u00f6r\u00fc\u015f"},"content":{"rendered":"<p>[vc_row][vc_column][vc_column_text]<\/p>\n<ul>\n<li>\n<h3><strong>Qanunlar\u0131n t\u0259tbiqi, problemin \u00f6yr\u0259nilm\u0259si.<\/strong><\/h3>\n<\/li>\n<li>\n<h3><strong>M\u00fct\u0259x\u0259ssisl\u0259rin ayr\u0131lmas\u0131, konsepsiyan\u0131n haz\u0131rlanmas\u0131.<\/strong><\/h3>\n<\/li>\n<li>\n<h3><strong>H\u00fcquqi m\u00fcsb\u0259t n\u0259tic\u0259y\u0259 do\u011fru prosessual yolun se\u00e7imi.<\/strong><\/h3>\n<\/li>\n<\/ul>\n<p>[\/vc_column_text][\/vc_column][\/vc_row]<\/p>\n","protected":false},"excerpt":{"rendered":"<p>[vc_row][vc_column][vc_column_text] Qanunlar\u0131n t\u0259tbiqi, problemin \u00f6yr\u0259nilm\u0259si. M\u00fct\u0259x\u0259ssisl\u0259rin ayr\u0131lmas\u0131, konsepsiyan\u0131n haz\u0131rlanmas\u0131. H\u00fcquqi m\u00fcsb\u0259t n\u0259tic\u0259y\u0259 do\u011fru prosessual yolun se\u00e7imi. [\/vc_column_text][\/vc_column][\/vc_row]<\/p>\n","protected":false},"author":1,"featured_media":0,"parent":0,"menu_order":0,"comment_status":"closed","ping_status":"closed","template":"","meta":{"footnotes":""},"class_list":["post-2322","page","type-page","status-publish","hentry"],"_links":{"self":[{"href":"https:\/\/prt.az\/index.php?rest_route=\/wp\/v2\/pages\/2322","targetHints":{"allow":["GET"]}}],"collection":[{"href":"https:\/\/prt.az\/index.php?rest_route=\/wp\/v2\/pages"}],"about":[{"href":"https:\/\/prt.az\/index.php?rest_route=\/wp\/v2\/types\/page"}],"author":[{"embeddable":true,"href":"https:\/\/prt.az\/index.php?rest_route=\/wp\/v2\/users\/1"}],"replies":[{"embeddable":true,"href":"https:\/\/prt.az\/index.php?rest_route=%2Fwp%2Fv2%2Fcomments&post=2322"}],"version-history":[{"count":7,"href":"https:\/\/prt.az\/index.php?rest_route=\/wp\/v2\/pages\/2322\/revisions"}],"predecessor-version":[{"id":2909,"href":"https:\/\/prt.az\/index.php?rest_route=\/wp\/v2\/pages\/2322\/revisions\/2909"}],"wp:attachment":[{"href":"https:\/\/prt.az\/index.php?rest_route=%2Fwp%2Fv2%2Fmedia&parent=2322"}],"curies":[{"name":"wp","href":"https:\/\/api.w.org\/{rel}","templated":true}]}}