{"id":2325,"date":"2022-05-31T14:06:01","date_gmt":"2022-05-31T14:06:01","guid":{"rendered":"https:\/\/prt.az\/?page_id=2325"},"modified":"2022-06-29T08:43:09","modified_gmt":"2022-06-29T08:43:09","slug":"sample-page-6","status":"publish","type":"page","link":"https:\/\/prt.az\/?page_id=2325","title":{"rendered":"H\u0259yata Ke\u00e7irilm\u0259si"},"content":{"rendered":"<p>[vc_row][vc_column][vc_column_text]<\/p>\n<ul>\n<li>\n<h3><strong>Raz\u0131la\u015fd\u0131r\u0131lm\u0131\u015f plan \u00fczr\u0259 s\u0259n\u0259dl\u0259rin d\u00f6vl\u0259t orqanlar\u0131na t\u0259qdim edilm\u0259si<\/strong><\/h3>\n<\/li>\n<li>\n<h3><strong>Prosesual m\u0259rh\u0259l\u0259l\u0259rin icras\u0131n\u0131n t\u0259min edilm\u0259si<\/strong><\/h3>\n<\/li>\n<li>\n<h3><strong>M\u00fcsb\u0259t n\u0259tic\u0259l\u0259rin \u0259ld\u0259 edilm\u0259si<\/strong><\/h3>\n<\/li>\n<li>\n<h3><strong>Yeni h\u0259d\u0259fl\u0259rin m\u00fc\u0259yy\u0259nl\u0259\u015fdirilm\u0259si<\/strong><\/h3>\n<\/li>\n<\/ul>\n<p>[\/vc_column_text][\/vc_column][\/vc_row]<\/p>\n","protected":false},"excerpt":{"rendered":"<p>[vc_row][vc_column][vc_column_text] Raz\u0131la\u015fd\u0131r\u0131lm\u0131\u015f plan \u00fczr\u0259 s\u0259n\u0259dl\u0259rin d\u00f6vl\u0259t orqanlar\u0131na t\u0259qdim edilm\u0259si Prosesual m\u0259rh\u0259l\u0259l\u0259rin icras\u0131n\u0131n t\u0259min edilm\u0259si M\u00fcsb\u0259t n\u0259tic\u0259l\u0259rin \u0259ld\u0259 edilm\u0259si Yeni h\u0259d\u0259fl\u0259rin m\u00fc\u0259yy\u0259nl\u0259\u015fdirilm\u0259si [\/vc_column_text][\/vc_column][\/vc_row]<\/p>\n","protected":false},"author":1,"featured_media":0,"parent":0,"menu_order":0,"comment_status":"closed","ping_status":"closed","template":"","meta":{"footnotes":""},"class_list":["post-2325","page","type-page","status-publish","hentry"],"_links":{"self":[{"href":"https:\/\/prt.az\/index.php?rest_route=\/wp\/v2\/pages\/2325","targetHints":{"allow":["GET"]}}],"collection":[{"href":"https:\/\/prt.az\/index.php?rest_route=\/wp\/v2\/pages"}],"about":[{"href":"https:\/\/prt.az\/index.php?rest_route=\/wp\/v2\/types\/page"}],"author":[{"embeddable":true,"href":"https:\/\/prt.az\/index.php?rest_route=\/wp\/v2\/users\/1"}],"replies":[{"embeddable":true,"href":"https:\/\/prt.az\/index.php?rest_route=%2Fwp%2Fv2%2Fcomments&post=2325"}],"version-history":[{"count":3,"href":"https:\/\/prt.az\/index.php?rest_route=\/wp\/v2\/pages\/2325\/revisions"}],"predecessor-version":[{"id":2916,"href":"https:\/\/prt.az\/index.php?rest_route=\/wp\/v2\/pages\/2325\/revisions\/2916"}],"wp:attachment":[{"href":"https:\/\/prt.az\/index.php?rest_route=%2Fwp%2Fv2%2Fmedia&parent=2325"}],"curies":[{"name":"wp","href":"https:\/\/api.w.org\/{rel}","templated":true}]}}