{"id":2329,"date":"2022-05-31T14:09:14","date_gmt":"2022-05-31T14:09:14","guid":{"rendered":"https:\/\/prt.az\/?page_id=2329"},"modified":"2022-06-29T08:44:29","modified_gmt":"2022-06-29T08:44:29","slug":"sample-page-7","status":"publish","type":"page","link":"https:\/\/prt.az\/?page_id=2329","title":{"rendered":"N\u0259tic\u0259l\u0259rin M\u00fcdafi\u0259si"},"content":{"rendered":"<p>[vc_row][vc_column][vc_column_text]<\/p>\n<ul>\n<li>\n<h3><strong>Qanunlar\u0131n tam , h\u0259rt\u0259r\u0259fli v\u0259 obyektiv icras\u0131n\u0131n t\u0259min edilm\u0259si \u00fc\u00e7\u00fcn b\u00fct\u00fcn Qanuni vasit\u0259l\u0259rd\u0259n istifad\u0259 etm\u0259.<\/strong><\/h3>\n<\/li>\n<li>\n<h3><strong>Sifari\u015f\u00e7inin h\u0259d\u0259fl\u0259rinin icras\u0131n\u0131n t\u0259min edilm\u0259si \u00fc\u00e7\u00fcn Qanunla n\u0259z\u0259rd\u0259 tutulmu\u015f b\u00fct\u00fcn imkanlardan istifad\u0259.<\/strong><\/h3>\n<\/li>\n<\/ul>\n<p>[\/vc_column_text][\/vc_column][\/vc_row]<\/p>\n","protected":false},"excerpt":{"rendered":"<p>[vc_row][vc_column][vc_column_text] Qanunlar\u0131n tam , h\u0259rt\u0259r\u0259fli v\u0259 obyektiv icras\u0131n\u0131n t\u0259min edilm\u0259si \u00fc\u00e7\u00fcn b\u00fct\u00fcn Qanuni vasit\u0259l\u0259rd\u0259n istifad\u0259 etm\u0259. Sifari\u015f\u00e7inin h\u0259d\u0259fl\u0259rinin icras\u0131n\u0131n t\u0259min edilm\u0259si \u00fc\u00e7\u00fcn Qanunla n\u0259z\u0259rd\u0259 tutulmu\u015f b\u00fct\u00fcn imkanlardan istifad\u0259. [\/vc_column_text][\/vc_column][\/vc_row]<\/p>\n","protected":false},"author":1,"featured_media":0,"parent":0,"menu_order":0,"comment_status":"closed","ping_status":"closed","template":"","meta":{"footnotes":""},"class_list":["post-2329","page","type-page","status-publish","hentry"],"_links":{"self":[{"href":"https:\/\/prt.az\/index.php?rest_route=\/wp\/v2\/pages\/2329","targetHints":{"allow":["GET"]}}],"collection":[{"href":"https:\/\/prt.az\/index.php?rest_route=\/wp\/v2\/pages"}],"about":[{"href":"https:\/\/prt.az\/index.php?rest_route=\/wp\/v2\/types\/page"}],"author":[{"embeddable":true,"href":"https:\/\/prt.az\/index.php?rest_route=\/wp\/v2\/users\/1"}],"replies":[{"embeddable":true,"href":"https:\/\/prt.az\/index.php?rest_route=%2Fwp%2Fv2%2Fcomments&post=2329"}],"version-history":[{"count":3,"href":"https:\/\/prt.az\/index.php?rest_route=\/wp\/v2\/pages\/2329\/revisions"}],"predecessor-version":[{"id":2917,"href":"https:\/\/prt.az\/index.php?rest_route=\/wp\/v2\/pages\/2329\/revisions\/2917"}],"wp:attachment":[{"href":"https:\/\/prt.az\/index.php?rest_route=%2Fwp%2Fv2%2Fmedia&parent=2329"}],"curies":[{"name":"wp","href":"https:\/\/api.w.org\/{rel}","templated":true}]}}