{"id":2370,"date":"2022-06-01T07:59:01","date_gmt":"2022-06-01T07:59:01","guid":{"rendered":"https:\/\/prt.az\/?page_id=2370"},"modified":"2022-06-29T09:09:41","modified_gmt":"2022-06-29T09:09:41","slug":"sample-page-2-2","status":"publish","type":"page","link":"https:\/\/prt.az\/?page_id=2370","title":{"rendered":"Humanitar h\u00fcquq"},"content":{"rendered":"<p>[vc_row full_width=&#8221;stretch_row&#8221; bg_image_position=&#8221;bg-image-ps-bottom&#8221; css=&#8221;.vc_custom_1654078105935{padding-top: 65px !important;padding-right: 65px !important;padding-bottom: 65px !important;padding-left: 65px !important;background-color: #000000 !important;background-position: center !important;background-repeat: no-repeat !important;background-size: cover !important;}&#8221;][vc_column video_bg=&#8221;yes&#8221; css_animation=&#8221;fadeInUp&#8221; width=&#8221;1\/3&#8243; css=&#8221;.vc_custom_1654167330081{padding-top: 30px !important;background-color: #ffffff !important;}&#8221;][ct_fancybox icon_fontawesome=&#8221;fas fa-chart-line&#8221; btn_link=&#8221;url:https%3A%2F%2Fprt.az%2F%3Fpage_id%3D2585|title:Sample%20Page&#8221; title=&#8221;S\u00dcLH V\u018f \u0130NSANLIQ \u018fLEYH\u0130N\u018f C\u0130NAY\u018fTL\u018fR&#8221; animation=&#8221;bounce&#8221;][vc_column_text][\/vc_column_text][\/vc_column][vc_column video_bg=&#8221;yes&#8221; video_bg_url=&#8221;https:\/\/www.youtube.com\/watch?v=GW06zJUsbcc&#8221; css_animation=&#8221;fadeInUp&#8221; width=&#8221;1\/3&#8243; css=&#8221;.vc_custom_1654073699725{padding-top: 30px !important;}&#8221;][ct_fancybox icon_fontawesome=&#8221;fas fa-exclamation&#8221; btn_link=&#8221;url:https%3A%2F%2Fprt.az%2F%3Fpage_id%3D2587|title:Sample%20Page&#8221; title=&#8221;ERM\u018fN\u0130 TERRORU&#8221;][vc_column_text][\/vc_column_text][\/vc_column][vc_column video_bg=&#8221;yes&#8221; video_bg_url=&#8221;https:\/\/www.youtube.com\/watch?v=lakFqvDAYa8&#8243; css_animation=&#8221;fadeInUp&#8221; width=&#8221;1\/3&#8243; css=&#8221;.vc_custom_1654073867460{padding-top: 30px !important;}&#8221;][ct_fancybox icon_fontawesome=&#8221;fas fa-skating&#8221; btn_link=&#8221;url:https%3A%2F%2Fprt.az%2F%3Fpage_id%3D2|title:Sample%20Page&#8221; title=&#8221;SOYQIRIM&#8221;][vc_column_text][\/vc_column_text][\/vc_column][\/vc_row][vc_row full_width=&#8221;stretch_row&#8221; css=&#8221;.vc_custom_1654078121070{padding-top: 65px !important;padding-right: 65px !important;padding-bottom: 65px !important;padding-left: 65px !important;background-color: #000000 !important;}&#8221;][vc_column video_bg=&#8221;yes&#8221; video_bg_url=&#8221;https:\/\/www.youtube.com\/watch?v=IaVnFnqnXSc&#8221; css_animation=&#8221;fadeInUp&#8221; width=&#8221;1\/3&#8243; css=&#8221;.vc_custom_1654078430950{padding-top: 30px !important;}&#8221;][ct_fancybox icon_fontawesome=&#8221;fas fa-assistive-listening-systems&#8221; btn_link=&#8221;url:https%3A%2F%2Fprt.az%2F%3Fpage_id%3D2592|title:Sample%20Page&#8221; title=&#8221;\u0130NTERPOL AXTARI\u015eLARINDA&#8221;][vc_column_text][\/vc_column_text][\/vc_column][vc_column video_bg=&#8221;yes&#8221; video_bg_url=&#8221;https:\/\/www.youtube.com\/watch?v=uXSipmqocXk&#8221; css_animation=&#8221;fadeInUp&#8221; width=&#8221;1\/3&#8243; css=&#8221;.vc_custom_1654078589940{padding-top: 30px !important;}&#8221;][ct_fancybox icon_fontawesome=&#8221;fas fa-hand-point-right&#8221; btn_link=&#8221;url:https%3A%2F%2Fprt.az%2F%3Fpage_id%3D2594|title:Sample%20Page&#8221; title=&#8221;I v\u0259 II QARABA\u011e D\u00d6Y\u00dc\u015eL\u018fR\u0130&#8221;][vc_column_text][\/vc_column_text][\/vc_column][vc_column video_bg=&#8221;yes&#8221; css_animation=&#8221;fadeInUp&#8221; width=&#8221;1\/3&#8243; css=&#8221;.vc_custom_1654079037196{padding-top: 30px !important;}&#8221;][ct_fancybox icon_fontawesome=&#8221;fas fa-photo-video&#8221; btn_link=&#8221;url:https%3A%2F%2Fprt.az%2F%3Fpage_id%3D2596|title:Qalereya&#8221; title=&#8221;V\u0130DEOLENT FOTOLENT&#8221;][vc_column_text][\/vc_column_text][\/vc_column][\/vc_row][vc_row][vc_column][\/vc_column][\/vc_row]<\/p>\n","protected":false},"excerpt":{"rendered":"<p>[vc_row full_width=&#8221;stretch_row&#8221; bg_image_position=&#8221;bg-image-ps-bottom&#8221; css=&#8221;.vc_custom_1654078105935{padding-top: 65px !important;padding-right: 65px !important;padding-bottom: 65px !important;padding-left: 65px !important;background-color: #000000 !important;background-position: center !important;background-repeat: no-repeat !important;background-size: cover !important;}&#8221;][vc_column video_bg=&#8221;yes&#8221; css_animation=&#8221;fadeInUp&#8221; width=&#8221;1\/3&#8243; css=&#8221;.vc_custom_1654167330081{padding-top: 30px !important;background-color: #ffffff !important;}&#8221;][ct_fancybox icon_fontawesome=&#8221;fas fa-chart-line&#8221; btn_link=&#8221;url:https%3A%2F%2Fprt.az%2F%3Fpage_id%3D2585|title:Sample%20Page&#8221; title=&#8221;S\u00dcLH V\u018f \u0130NSANLIQ \u018fLEYH\u0130N\u018f C\u0130NAY\u018fTL\u018fR&#8221; animation=&#8221;bounce&#8221;][vc_column_text][\/vc_column_text][\/vc_column][vc_column video_bg=&#8221;yes&#8221; video_bg_url=&#8221;https:\/\/www.youtube.com\/watch?v=GW06zJUsbcc&#8221; css_animation=&#8221;fadeInUp&#8221; width=&#8221;1\/3&#8243; css=&#8221;.vc_custom_1654073699725{padding-top: 30px !important;}&#8221;][ct_fancybox icon_fontawesome=&#8221;fas fa-exclamation&#8221; btn_link=&#8221;url:https%3A%2F%2Fprt.az%2F%3Fpage_id%3D2587|title:Sample%20Page&#8221; title=&#8221;ERM\u018fN\u0130 TERRORU&#8221;][vc_column_text][\/vc_column_text][\/vc_column][vc_column video_bg=&#8221;yes&#8221; video_bg_url=&#8221;https:\/\/www.youtube.com\/watch?v=lakFqvDAYa8&#8243; css_animation=&#8221;fadeInUp&#8221; width=&#8221;1\/3&#8243; css=&#8221;.vc_custom_1654073867460{padding-top: 30px [&hellip;]<\/p>\n","protected":false},"author":1,"featured_media":0,"parent":0,"menu_order":0,"comment_status":"closed","ping_status":"closed","template":"","meta":{"footnotes":""},"class_list":["post-2370","page","type-page","status-publish","hentry"],"_links":{"self":[{"href":"https:\/\/prt.az\/index.php?rest_route=\/wp\/v2\/pages\/2370","targetHints":{"allow":["GET"]}}],"collection":[{"href":"https:\/\/prt.az\/index.php?rest_route=\/wp\/v2\/pages"}],"about":[{"href":"https:\/\/prt.az\/index.php?rest_route=\/wp\/v2\/types\/page"}],"author":[{"embeddable":true,"href":"https:\/\/prt.az\/index.php?rest_route=\/wp\/v2\/users\/1"}],"replies":[{"embeddable":true,"href":"https:\/\/prt.az\/index.php?rest_route=%2Fwp%2Fv2%2Fcomments&post=2370"}],"version-history":[{"count":55,"href":"https:\/\/prt.az\/index.php?rest_route=\/wp\/v2\/pages\/2370\/revisions"}],"predecessor-version":[{"id":2933,"href":"https:\/\/prt.az\/index.php?rest_route=\/wp\/v2\/pages\/2370\/revisions\/2933"}],"wp:attachment":[{"href":"https:\/\/prt.az\/index.php?rest_route=%2Fwp%2Fv2%2Fmedia&parent=2370"}],"curies":[{"name":"wp","href":"https:\/\/api.w.org\/{rel}","templated":true}]}}