{"id":2425,"date":"2022-06-01T10:39:00","date_gmt":"2022-06-01T10:39:00","guid":{"rendered":"https:\/\/prt.az\/?page_id=2425"},"modified":"2023-11-30T13:46:16","modified_gmt":"2023-11-30T13:46:16","slug":"legislation","status":"publish","type":"page","link":"https:\/\/prt.az\/?page_id=2425","title":{"rendered":"sahif\u0259"},"content":{"rendered":"<p>[vc_row full_width=&#8221;stretch_row&#8221; parallax=&#8221;content-moving-fade&#8221; bg_image_position=&#8221;bg-image-ps-bottom&#8221; css=&#8221;.vc_custom_1654171715237{padding-top: 65px !important;padding-right: 65px !important;padding-bottom: 65px !important;padding-left: 65px !important;background-color: #f2f2f2 !important;background-position: center;background-repeat: no-repeat !important;background-size: cover !important;}&#8221;][vc_column css_animation=&#8221;fadeInUp&#8221; width=&#8221;1\/3&#8243; css=&#8221;.vc_custom_1654154161409{padding-top: 30px !important;background-color: #ffffff !important;}&#8221;][ct_fancybox title_color=&#8221;#000000&#8243; btn_link=&#8221;url:https%3A%2F%2Fwww.e-qanun.az%2F&#8221; title=&#8221;E &#8211; QANUN&#8221; animation=&#8221;none&#8221;][\/vc_column][vc_column width=&#8221;1\/3&#8243;][ct_fancybox title_color=&#8221;#000000&#8243; icon_type=&#8221;image&#8221; btn_link=&#8221;url:https%3A%2F%2Fprt.az%2Fsample-page%2F|title:Sample%20Page&#8221; title=&#8221;H\u00dcQUQ\u0130 &#8211; NORMAT\u0130V AKTLAR&#8221; animation=&#8221;none&#8221;][\/vc_column][vc_column width=&#8221;1\/3&#8243;][ct_fancybox title_color=&#8221;#000000&#8243; icon_type=&#8221;image&#8221; btn_link=&#8221;url:https%3A%2F%2Fprt.az%2F%3Fpage_id%3D2483|title:Sample%20Page&#8221; title=&#8221;FAYDALI L\u0130NKL\u018fR&#8221;][\/vc_column][\/vc_row][vc_row][vc_column][\/vc_column][\/vc_row]<\/p>\n","protected":false},"excerpt":{"rendered":"<p>[vc_row full_width=&#8221;stretch_row&#8221; parallax=&#8221;content-moving-fade&#8221; bg_image_position=&#8221;bg-image-ps-bottom&#8221; css=&#8221;.vc_custom_1654171715237{padding-top: 65px !important;padding-right: 65px !important;padding-bottom: 65px !important;padding-left: 65px !important;background-color: #f2f2f2 !important;background-position: center;background-repeat: no-repeat !important;background-size: cover !important;}&#8221;][vc_column css_animation=&#8221;fadeInUp&#8221; width=&#8221;1\/3&#8243; css=&#8221;.vc_custom_1654154161409{padding-top: 30px !important;background-color: #ffffff !important;}&#8221;][ct_fancybox title_color=&#8221;#000000&#8243; btn_link=&#8221;url:https%3A%2F%2Fwww.e-qanun.az%2F&#8221; title=&#8221;E &#8211; QANUN&#8221; animation=&#8221;none&#8221;][\/vc_column][vc_column width=&#8221;1\/3&#8243;][ct_fancybox title_color=&#8221;#000000&#8243; icon_type=&#8221;image&#8221; btn_link=&#8221;url:https%3A%2F%2Fprt.az%2Fsample-page%2F|title:Sample%20Page&#8221; title=&#8221;H\u00dcQUQ\u0130 &#8211; NORMAT\u0130V AKTLAR&#8221; animation=&#8221;none&#8221;][\/vc_column][vc_column width=&#8221;1\/3&#8243;][ct_fancybox title_color=&#8221;#000000&#8243; icon_type=&#8221;image&#8221; btn_link=&#8221;url:https%3A%2F%2Fprt.az%2F%3Fpage_id%3D2483|title:Sample%20Page&#8221; title=&#8221;FAYDALI L\u0130NKL\u018fR&#8221;][\/vc_column][\/vc_row][vc_row][vc_column][\/vc_column][\/vc_row]<\/p>\n","protected":false},"author":1,"featured_media":0,"parent":0,"menu_order":0,"comment_status":"closed","ping_status":"closed","template":"","meta":{"footnotes":""},"class_list":["post-2425","page","type-page","status-publish","hentry"],"_links":{"self":[{"href":"https:\/\/prt.az\/index.php?rest_route=\/wp\/v2\/pages\/2425","targetHints":{"allow":["GET"]}}],"collection":[{"href":"https:\/\/prt.az\/index.php?rest_route=\/wp\/v2\/pages"}],"about":[{"href":"https:\/\/prt.az\/index.php?rest_route=\/wp\/v2\/types\/page"}],"author":[{"embeddable":true,"href":"https:\/\/prt.az\/index.php?rest_route=\/wp\/v2\/users\/1"}],"replies":[{"embeddable":true,"href":"https:\/\/prt.az\/index.php?rest_route=%2Fwp%2Fv2%2Fcomments&post=2425"}],"version-history":[{"count":49,"href":"https:\/\/prt.az\/index.php?rest_route=\/wp\/v2\/pages\/2425\/revisions"}],"predecessor-version":[{"id":3018,"href":"https:\/\/prt.az\/index.php?rest_route=\/wp\/v2\/pages\/2425\/revisions\/3018"}],"wp:attachment":[{"href":"https:\/\/prt.az\/index.php?rest_route=%2Fwp%2Fv2%2Fmedia&parent=2425"}],"curies":[{"name":"wp","href":"https:\/\/api.w.org\/{rel}","templated":true}]}}