{"id":2483,"date":"2022-06-02T08:43:47","date_gmt":"2022-06-02T08:43:47","guid":{"rendered":"https:\/\/prt.az\/?page_id=2483"},"modified":"2022-06-06T09:14:22","modified_gmt":"2022-06-06T09:14:22","slug":"sample-page-2-2-3","status":"publish","type":"page","link":"https:\/\/prt.az\/?page_id=2483","title":{"rendered":"Ke\u00e7idl\u0259r"},"content":{"rendered":"<p>[vc_row full_width=&#8221;stretch_row&#8221; full_height=&#8221;yes&#8221; equal_height=&#8221;yes&#8221; rtl_reverse=&#8221;yes&#8221; bg_image_position=&#8221;bg-image-ps-bottom&#8221; css=&#8221;.vc_custom_1654171738037{padding-top: 65px !important;padding-right: 65px !important;padding-bottom: 65px !important;padding-left: 65px !important;background-color: #f2f2f2 !important;background-position: center !important;background-repeat: no-repeat !important;background-size: cover !important;}&#8221;][vc_column css_animation=&#8221;fadeInUp&#8221; width=&#8221;1\/3&#8243; css=&#8221;.vc_custom_1654156417817{padding-top: 30px !important;}&#8221;][ct_fancybox title_color=&#8221;#000000&#8243; btn_link=&#8221;url:https%3A%2F%2Fpresident.az%2F|title:Sample%20Page&#8221; title=&#8221;Az\u0259rbaycan Respublikas\u0131n\u0131n Prezidenti&#8221; animation=&#8221;bounce&#8221;][ct_fancybox title_color=&#8221;#000000&#8243; btn_link=&#8221;url:http%3A%2F%2Fconstcourt.gov.az%2Faz|title:Sample%20Page&#8221; title=&#8221;Az\u0259rbaycan Respublikas\u0131n\u0131n Konstitusiya M\u0259hk\u0259m\u0259si&#8221; animation=&#8221;bounce&#8221;][ct_fancybox title_color=&#8221;#000000&#8243; btn_link=&#8221;url:https%3A%2F%2Fwww.dtx.gov.az%2Faz%2F|title:Sample%20Page&#8221; title=&#8221;Az\u0259rbaycan Respublikas\u0131n\u0131n D\u00f6vl\u0259t T\u0259hl\u00fck\u0259sizliyi Xidm\u0259ti&#8221;][ct_fancybox title_color=&#8221;#000000&#8243; btn_link=&#8221;url:https%3A%2F%2Fombudsman.az%2Faz%2F|title:Sample%20Page&#8221; title=&#8221;Az\u0259rbaycan Respublikas\u0131n\u0131n \u0130nsan H\u00fcquqlar\u0131 \u00fczr\u0259 M\u00fcv\u0259kkili &#8211; Ombudsman&#8221; animation=&#8221;bounce&#8221;][ct_fancybox title_color=&#8221;#000000&#8243; btn_link=&#8221;url:https%3A%2F%2Fwww.fhn.gov.az%2F|title:Sample%20Page&#8221; title=&#8221;Az\u0259rbaycan Respublikas\u0131n\u0131n F\u00f6vq\u0259lade Hallar Nazirliyi&#8221; animation=&#8221;bounce&#8221;][ct_fancybox title_color=&#8221;#000000&#8243; btn_link=&#8221;url:https%3A%2F%2Fe-mehkeme.gov.az%2FPublic%2FCases|title:Sample%20Page&#8221; title=&#8221;E &#8211; M\u018fHK\u018fM\u018f&#8221; animation=&#8221;bounce&#8221;][\/vc_column][vc_column css_animation=&#8221;fadeInUp&#8221; width=&#8221;1\/3&#8243; css=&#8221;.vc_custom_1654156000940{padding-top: 30px !important;}&#8221;][ct_fancybox title_color=&#8221;#000000&#8243; btn_link=&#8221;url:https%3A%2F%2Fmeclis.gov.az%2Findex.php%3Flang%3Daz|title:Sample%20Page&#8221; title=&#8221;Az\u0259rbaycan Respublikas\u0131n\u0131n<br \/>\nMilli M\u0259clisi&#8221;][ct_fancybox title_color=&#8221;#000000&#8243; btn_link=&#8221;url:http%3A%2F%2Fwww.supremecourt.gov.az%2F|title:Sample%20Page&#8221; title=&#8221;Az\u0259rbaycan Respublikas\u0131n\u0131n Ali M\u0259hk\u0259m\u0259si&#8221;][ct_fancybox title_color=&#8221;#000000&#8243; btn_link=&#8221;url:https%3A%2F%2Fjustice.gov.az%2F|title:Sample%20Page&#8221; title=&#8221;Az\u0259rbaycan Respublikas\u0131n\u0131n \u018fdliyy\u0259 Nazirliyi&#8221;][ct_fancybox title_color=&#8221;#000000&#8243; btn_link=&#8221;url:https%3A%2F%2Fcustoms.gov.az%2F|title:Sample%20Page&#8221; title=&#8221;Az\u0259rbaycan Respublikas\u0131 D\u00f6vl\u0259t G\u00f6mr\u00fck Komit\u0259si&#8221;][ct_fancybox title_color=&#8221;#000000&#8243; btn_link=&#8221;url:https%3A%2F%2Fdsx.gov.az%2F|title:Sample%20Page&#8221; title=&#8221;Az\u0259rbaycan Respublikas\u0131 D\u00f6vl\u0259t S\u0259rh\u0259d Xidm\u0259ti&#8221;][ct_fancybox title_color=&#8221;#000000&#8243; btn_link=&#8221;url:http%3A%2F%2Fwww.judicialcouncil.gov.az%2F|title:Qalereya&#8221; title=&#8221;Az\u0259rbaycan Respublikas\u0131n\u0131n M\u0259hk\u0259m\u0259 H\u00fcquq \u015euras\u0131&#8221;][\/vc_column][vc_column css_animation=&#8221;fadeInUp&#8221; width=&#8221;1\/3&#8243; css=&#8221;.vc_custom_1654156004405{padding-top: 30px !important;}&#8221;][ct_fancybox title_color=&#8221;#000000&#8243; btn_link=&#8221;url:https%3A%2F%2Fnk.gov.az%2F|title:Sample%20Page&#8221; title=&#8221;Az\u0259rbaycan Respublikas\u0131n\u0131n Nazirl\u0259r Kabineti&#8221; animation=&#8221;bounce&#8221;][ct_fancybox title_color=&#8221;#000000&#8243; btn_link=&#8221;url:https%3A%2F%2Fmia.gov.az%2F|title:Qalereya&#8221; title=&#8221;Az\u0259rbaycan Respublikas\u0131n\u0131n Daxili I\u015fl\u0259r Nazirliyi&#8221;][ct_fancybox title_color=&#8221;#000000&#8243; btn_link=&#8221;url:https%3A%2F%2Fgenprosecutor.gov.az%2Faz|title:Sample%20Page&#8221; title=&#8221;BA\u015e PROKURORLUQ&#8221;][ct_fancybox title_color=&#8221;#000000&#8243; btn_link=&#8221;url:https%3A%2F%2Fwww.taxes.gov.az%2Faz|title:Qalereya&#8221; title=&#8221;Az\u0259rbaycan Respublikas\u0131 \u0130qtisadiyyat Nazirliyi yan\u0131nda D\u00f6vl\u0259t Vergi Xidm\u0259ti&#8221;][ct_fancybox title_color=&#8221;#000000&#8243; btn_link=&#8221;url:https%3A%2F%2Fazranking.az%2Faz|title:Qalereya&#8221; title=&#8221;Az\u0259rbaycan Respublikas\u0131n\u0131n Biznes M\u00fchiti v\u0259 Beyn\u0259lxalq Reytinql\u0259r \u00fczr\u0259 Komissiyas\u0131&#8221;][ct_fancybox title_color=&#8221;#000000&#8243; btn_link=&#8221;url:https%3A%2F%2Fwww.interpol.int%2F|title:Qalereya&#8221; title=&#8221;\u0130NTERPOL&#8221;][\/vc_column][vc_column][vc_tta_tabs alignment=&#8221;center&#8221; active_section=&#8221;1&#8243;][vc_tta_section title=&#8221;Beyn\u0259lxalq t\u0259\u015fkilatlar&#8221; tab_id=&#8221;1654502665015-ebf58f0e-ceef&#8221;][ct_fancybox title_color=&#8221;#000000&#8243; btn_link=&#8221;url:https%3A%2F%2Fwww.iap-association.org%2F|title:Sample%20Page&#8221; title=&#8221;Beyn\u0259lxalq Prokurorlar Assosiasiyas\u0131&#8221; animation=&#8221;bounce&#8221;][ct_fancybox title_color=&#8221;#000000&#8243; btn_link=&#8221;url:http%3A%2F%2Fwebmail.spp.gov.cn%2Fsppwwwroot%2Fiaaca%2Fabout.asp%2F|title:Sample%20Page&#8221; title=&#8221;Beyn\u0259lxalq Antikorrupsiya Orqanlar\u0131 Assosiasiyas\u0131&#8221; animation=&#8221;bounce&#8221;][ct_fancybox title_color=&#8221;#000000&#8243; btn_link=&#8221;url:https%3A%2F%2Fwww.echr.coe.int%2FPages%2Fhome.aspx%3Fp%3Dhome|title:Sample%20Page&#8221; title=&#8221;\u0130nsan H\u00fcquqlar\u0131 \u00dczr\u0259 Avropa M\u0259hk\u0259m\u0259si&#8221; animation=&#8221;bounce&#8221;][ct_fancybox title_color=&#8221;#000000&#8243; btn_link=&#8221;url:https%3A%2F%2Fhudoc.echr.coe.int%2Feng%23%7B%2522documentcollectionid2%2522%3A%5B%2522GRANDCHAMBER%2522%2C%2522CHAMBER%2522%5D%7D|title:Sample%20Page&#8221; title=&#8221;Avropa insan h\u00fcquqlar\u0131 m\u0259hk\u0259m\u0259sinin m\u0259lumat bazas\u0131&#8221; animation=&#8221;bounce&#8221;][ct_fancybox title_color=&#8221;#000000&#8243; btn_link=&#8221;url:https%3A%2F%2Fwww.coe.int%2Fen%2Fweb%2Fccpe|title:Sample%20Page&#8221; title=&#8221;Avropa Prokurorlar\u0131n\u0131n M\u0259\u015fv\u0259r\u0259t \u015euras\u0131&#8221; animation=&#8221;bounce&#8221;][\/vc_tta_section][\/vc_tta_tabs][\/vc_column][\/vc_row]<\/p>\n","protected":false},"excerpt":{"rendered":"<p>[vc_row full_width=&#8221;stretch_row&#8221; full_height=&#8221;yes&#8221; equal_height=&#8221;yes&#8221; rtl_reverse=&#8221;yes&#8221; bg_image_position=&#8221;bg-image-ps-bottom&#8221; css=&#8221;.vc_custom_1654171738037{padding-top: 65px !important;padding-right: 65px !important;padding-bottom: 65px !important;padding-left: 65px !important;background-color: #f2f2f2 !important;background-position: center !important;background-repeat: no-repeat !important;background-size: cover !important;}&#8221;][vc_column css_animation=&#8221;fadeInUp&#8221; width=&#8221;1\/3&#8243; css=&#8221;.vc_custom_1654156417817{padding-top: 30px !important;}&#8221;][ct_fancybox title_color=&#8221;#000000&#8243; btn_link=&#8221;url:https%3A%2F%2Fpresident.az%2F|title:Sample%20Page&#8221; title=&#8221;Az\u0259rbaycan Respublikas\u0131n\u0131n Prezidenti&#8221; animation=&#8221;bounce&#8221;][ct_fancybox title_color=&#8221;#000000&#8243; btn_link=&#8221;url:http%3A%2F%2Fconstcourt.gov.az%2Faz|title:Sample%20Page&#8221; title=&#8221;Az\u0259rbaycan Respublikas\u0131n\u0131n Konstitusiya M\u0259hk\u0259m\u0259si&#8221; animation=&#8221;bounce&#8221;][ct_fancybox title_color=&#8221;#000000&#8243; btn_link=&#8221;url:https%3A%2F%2Fwww.dtx.gov.az%2Faz%2F|title:Sample%20Page&#8221; title=&#8221;Az\u0259rbaycan Respublikas\u0131n\u0131n D\u00f6vl\u0259t T\u0259hl\u00fck\u0259sizliyi Xidm\u0259ti&#8221;][ct_fancybox title_color=&#8221;#000000&#8243; btn_link=&#8221;url:https%3A%2F%2Fombudsman.az%2Faz%2F|title:Sample%20Page&#8221; title=&#8221;Az\u0259rbaycan Respublikas\u0131n\u0131n \u0130nsan H\u00fcquqlar\u0131 \u00fczr\u0259 [&hellip;]<\/p>\n","protected":false},"author":1,"featured_media":0,"parent":0,"menu_order":0,"comment_status":"closed","ping_status":"closed","template":"","meta":{"footnotes":""},"class_list":["post-2483","page","type-page","status-publish","hentry"],"_links":{"self":[{"href":"https:\/\/prt.az\/index.php?rest_route=\/wp\/v2\/pages\/2483","targetHints":{"allow":["GET"]}}],"collection":[{"href":"https:\/\/prt.az\/index.php?rest_route=\/wp\/v2\/pages"}],"about":[{"href":"https:\/\/prt.az\/index.php?rest_route=\/wp\/v2\/types\/page"}],"author":[{"embeddable":true,"href":"https:\/\/prt.az\/index.php?rest_route=\/wp\/v2\/users\/1"}],"replies":[{"embeddable":true,"href":"https:\/\/prt.az\/index.php?rest_route=%2Fwp%2Fv2%2Fcomments&post=2483"}],"version-history":[{"count":38,"href":"https:\/\/prt.az\/index.php?rest_route=\/wp\/v2\/pages\/2483\/revisions"}],"predecessor-version":[{"id":2622,"href":"https:\/\/prt.az\/index.php?rest_route=\/wp\/v2\/pages\/2483\/revisions\/2622"}],"wp:attachment":[{"href":"https:\/\/prt.az\/index.php?rest_route=%2Fwp%2Fv2%2Fmedia&parent=2483"}],"curies":[{"name":"wp","href":"https:\/\/api.w.org\/{rel}","templated":true}]}}