{"id":2585,"date":"2022-06-03T12:53:44","date_gmt":"2022-06-03T12:53:44","guid":{"rendered":"https:\/\/prt.az\/?page_id=2585"},"modified":"2022-06-21T14:34:08","modified_gmt":"2022-06-21T14:34:08","slug":"sample-page-9","status":"publish","type":"page","link":"https:\/\/prt.az\/?page_id=2585","title":{"rendered":"S\u00fclh v\u0259 insanl\u0131q \u0259leyhin\u0259 cinay\u0259t"},"content":{"rendered":"<blockquote>\n<ul>\n<li>\n<h3 style=\"text-align: center;\"><strong>H\u0259r hans\u0131 milli, etnik, irqi v\u0259 ya dini qrupu, bir qrup kimi b\u00fct\u00f6vl\u00fckd\u0259 v\u0259 ya qism\u0259n m\u0259hv etm\u0259k m\u0259qs\u0259di il\u0259 qrup \u00fczvl\u0259rini \u00f6ld\u00fcrm\u0259, qrup \u00fczvl\u0259rinin sa\u011flaml\u0131\u011f\u0131na a\u011f\u0131r z\u0259r\u0259r vurna v\u0259 ya onlar\u0131n \u0259qli qabiliyy\u0259tin\u0259 ciddi z\u0259r\u0259r vurma, qrupun b\u00fctovl\u00fckd\u0259 v\u0259 ya qism\u0259n fiziki m\u0259hvin\u0259 y\u00f6n\u0259lmi\u015f ya\u015fay\u0131\u015f \u015f\u0259raiti yaratma, qrup daxilind\u0259 do\u011fumlar\u0131n qar\u015f\u0131s\u0131n\u0131 alma\u011fa y\u00f6n\u0259lmi\u015f t\u0259dbirl\u0259ri h\u0259yata ke\u00e7irm\u0259, bir qrupa m\u0259nsub olan u\u015faqlar\u0131 zorla ba\u015fqa qrupa ke\u00e7irm\u0259-<\/strong>\u00a0 \u00a0 \u00a0 \u00a0 \u00a0 \u00a0<span style=\"color: #000080;\"> 14 ild\u0259n 20 il\u0259d\u0259k m\u00fcdd\u0259t\u0259 azadl\u0131qdan m\u0259hrum etm\u0259 v\u0259 ya \u00f6m\u00fcrl\u00fck azadl\u0131qdan m\u0259hrum etm\u0259 il\u0259 c\u0259zaland\u0131r\u0131l\u0131r<\/span>.<\/h3>\n<\/li>\n<\/ul>\n<p><img loading=\"lazy\" decoding=\"async\" class=\"alignnone size-medium wp-image-2798\" src=\"http:\/\/prt.az\/wp-content\/uploads\/2022\/06\/new7-300x300.jpg\" alt=\"\" width=\"300\" height=\"300\" srcset=\"https:\/\/prt.az\/wp-content\/uploads\/2022\/06\/new7-300x300.jpg 300w, https:\/\/prt.az\/wp-content\/uploads\/2022\/06\/new7-150x150.jpg 150w\" sizes=\"auto, (max-width: 300px) 100vw, 300px\" \/><img loading=\"lazy\" decoding=\"async\" class=\"alignnone size-medium wp-image-2801\" src=\"http:\/\/prt.az\/wp-content\/uploads\/2022\/06\/pic2-300x300.jpg\" alt=\"\" width=\"300\" height=\"300\" srcset=\"https:\/\/prt.az\/wp-content\/uploads\/2022\/06\/pic2-300x300.jpg 300w, https:\/\/prt.az\/wp-content\/uploads\/2022\/06\/pic2-1024x1024.jpg 1024w, https:\/\/prt.az\/wp-content\/uploads\/2022\/06\/pic2-150x150.jpg 150w\" sizes=\"auto, (max-width: 300px) 100vw, 300px\" \/><img loading=\"lazy\" decoding=\"async\" class=\"alignnone size-medium wp-image-2797\" src=\"http:\/\/prt.az\/wp-content\/uploads\/2022\/06\/new6-300x300.jpg\" alt=\"\" width=\"300\" height=\"300\" srcset=\"https:\/\/prt.az\/wp-content\/uploads\/2022\/06\/new6-300x300.jpg 300w, https:\/\/prt.az\/wp-content\/uploads\/2022\/06\/new6-150x150.jpg 150w\" sizes=\"auto, (max-width: 300px) 100vw, 300px\" \/><img loading=\"lazy\" decoding=\"async\" class=\"alignnone size-medium wp-image-2796\" src=\"http:\/\/prt.az\/wp-content\/uploads\/2022\/06\/new5-300x300.jpg\" alt=\"\" width=\"300\" height=\"300\" srcset=\"https:\/\/prt.az\/wp-content\/uploads\/2022\/06\/new5-300x300.jpg 300w, https:\/\/prt.az\/wp-content\/uploads\/2022\/06\/new5-150x150.jpg 150w\" sizes=\"auto, (max-width: 300px) 100vw, 300px\" \/><img loading=\"lazy\" decoding=\"async\" class=\"alignnone size-medium wp-image-2795\" src=\"http:\/\/prt.az\/wp-content\/uploads\/2022\/06\/new4-300x300.jpg\" alt=\"\" width=\"300\" height=\"300\" srcset=\"https:\/\/prt.az\/wp-content\/uploads\/2022\/06\/new4-300x300.jpg 300w, https:\/\/prt.az\/wp-content\/uploads\/2022\/06\/new4-150x150.jpg 150w\" sizes=\"auto, (max-width: 300px) 100vw, 300px\" \/><img loading=\"lazy\" decoding=\"async\" class=\"alignnone size-medium wp-image-2789\" src=\"http:\/\/prt.az\/wp-content\/uploads\/2022\/06\/image11-300x300.jpg\" alt=\"\" width=\"300\" height=\"300\" srcset=\"https:\/\/prt.az\/wp-content\/uploads\/2022\/06\/image11-300x300.jpg 300w, https:\/\/prt.az\/wp-content\/uploads\/2022\/06\/image11-150x150.jpg 150w\" sizes=\"auto, (max-width: 300px) 100vw, 300px\" \/><img loading=\"lazy\" decoding=\"async\" class=\"alignnone size-medium wp-image-2790\" src=\"http:\/\/prt.az\/wp-content\/uploads\/2022\/06\/image12-300x300.jpg\" alt=\"\" width=\"300\" height=\"300\" srcset=\"https:\/\/prt.az\/wp-content\/uploads\/2022\/06\/image12-300x300.jpg 300w, https:\/\/prt.az\/wp-content\/uploads\/2022\/06\/image12-150x150.jpg 150w\" sizes=\"auto, (max-width: 300px) 100vw, 300px\" \/><img loading=\"lazy\" decoding=\"async\" class=\"alignnone size-medium wp-image-2788\" src=\"http:\/\/prt.az\/wp-content\/uploads\/2022\/06\/image3-300x300.jpg\" alt=\"\" width=\"300\" height=\"300\" srcset=\"https:\/\/prt.az\/wp-content\/uploads\/2022\/06\/image3-300x300.jpg 300w, https:\/\/prt.az\/wp-content\/uploads\/2022\/06\/image3-150x150.jpg 150w\" sizes=\"auto, (max-width: 300px) 100vw, 300px\" \/><img loading=\"lazy\" decoding=\"async\" class=\"alignnone size-medium wp-image-2791\" src=\"http:\/\/prt.az\/wp-content\/uploads\/2022\/06\/image13-300x300.jpg\" alt=\"\" width=\"300\" height=\"300\" srcset=\"https:\/\/prt.az\/wp-content\/uploads\/2022\/06\/image13-300x300.jpg 300w, https:\/\/prt.az\/wp-content\/uploads\/2022\/06\/image13-150x150.jpg 150w\" sizes=\"auto, (max-width: 300px) 100vw, 300px\" \/><img loading=\"lazy\" decoding=\"async\" class=\"alignnone size-medium wp-image-2792\" src=\"http:\/\/prt.az\/wp-content\/uploads\/2022\/06\/new1-300x300.jpg\" alt=\"\" width=\"300\" height=\"300\" srcset=\"https:\/\/prt.az\/wp-content\/uploads\/2022\/06\/new1-300x300.jpg 300w, https:\/\/prt.az\/wp-content\/uploads\/2022\/06\/new1-150x150.jpg 150w\" sizes=\"auto, (max-width: 300px) 100vw, 300px\" \/><img loading=\"lazy\" decoding=\"async\" class=\"alignnone size-medium wp-image-2793\" src=\"http:\/\/prt.az\/wp-content\/uploads\/2022\/06\/new2-300x300.jpg\" alt=\"\" width=\"300\" height=\"300\" srcset=\"https:\/\/prt.az\/wp-content\/uploads\/2022\/06\/new2-300x300.jpg 300w, https:\/\/prt.az\/wp-content\/uploads\/2022\/06\/new2-150x150.jpg 150w\" sizes=\"auto, (max-width: 300px) 100vw, 300px\" \/><img loading=\"lazy\" decoding=\"async\" class=\"alignnone size-medium wp-image-2794\" src=\"http:\/\/prt.az\/wp-content\/uploads\/2022\/06\/new3-300x300.jpg\" alt=\"\" width=\"300\" height=\"300\" srcset=\"https:\/\/prt.az\/wp-content\/uploads\/2022\/06\/new3-300x300.jpg 300w, https:\/\/prt.az\/wp-content\/uploads\/2022\/06\/new3-150x150.jpg 150w\" sizes=\"auto, (max-width: 300px) 100vw, 300px\" \/><img loading=\"lazy\" decoding=\"async\" class=\"alignnone size-medium wp-image-2787\" src=\"http:\/\/prt.az\/wp-content\/uploads\/2022\/06\/image2-300x300.jpg\" alt=\"\" width=\"300\" height=\"300\" srcset=\"https:\/\/prt.az\/wp-content\/uploads\/2022\/06\/image2-300x300.jpg 300w, https:\/\/prt.az\/wp-content\/uploads\/2022\/06\/image2-150x150.jpg 150w\" sizes=\"auto, (max-width: 300px) 100vw, 300px\" \/><img loading=\"lazy\" decoding=\"async\" class=\"alignnone size-medium wp-image-2786\" src=\"http:\/\/prt.az\/wp-content\/uploads\/2022\/06\/1014-300x300.jpg\" alt=\"\" width=\"300\" height=\"300\" srcset=\"https:\/\/prt.az\/wp-content\/uploads\/2022\/06\/1014-300x300.jpg 300w, https:\/\/prt.az\/wp-content\/uploads\/2022\/06\/1014-150x150.jpg 150w\" sizes=\"auto, (max-width: 300px) 100vw, 300px\" \/><img loading=\"lazy\" decoding=\"async\" class=\"alignnone size-medium wp-image-2785\" src=\"http:\/\/prt.az\/wp-content\/uploads\/2022\/06\/1008-300x300.jpg\" alt=\"\" width=\"300\" height=\"300\" srcset=\"https:\/\/prt.az\/wp-content\/uploads\/2022\/06\/1008-300x300.jpg 300w, https:\/\/prt.az\/wp-content\/uploads\/2022\/06\/1008-150x150.jpg 150w\" sizes=\"auto, (max-width: 300px) 100vw, 300px\" \/><img loading=\"lazy\" decoding=\"async\" class=\"alignnone size-medium wp-image-2784\" src=\"http:\/\/prt.az\/wp-content\/uploads\/2022\/06\/1004-300x300.jpg\" alt=\"\" width=\"300\" height=\"300\" srcset=\"https:\/\/prt.az\/wp-content\/uploads\/2022\/06\/1004-300x300.jpg 300w, https:\/\/prt.az\/wp-content\/uploads\/2022\/06\/1004-150x150.jpg 150w\" sizes=\"auto, (max-width: 300px) 100vw, 300px\" \/><img loading=\"lazy\" decoding=\"async\" class=\"alignnone size-medium wp-image-2783\" src=\"http:\/\/prt.az\/wp-content\/uploads\/2022\/06\/1003-300x300.jpg\" alt=\"\" width=\"300\" height=\"300\" srcset=\"https:\/\/prt.az\/wp-content\/uploads\/2022\/06\/1003-300x300.jpg 300w, https:\/\/prt.az\/wp-content\/uploads\/2022\/06\/1003-150x150.jpg 150w\" sizes=\"auto, (max-width: 300px) 100vw, 300px\" \/><img loading=\"lazy\" decoding=\"async\" class=\"alignnone size-medium wp-image-2782\" src=\"http:\/\/prt.az\/wp-content\/uploads\/2022\/06\/1002-300x300.jpg\" alt=\"\" width=\"300\" height=\"300\" srcset=\"https:\/\/prt.az\/wp-content\/uploads\/2022\/06\/1002-300x300.jpg 300w, https:\/\/prt.az\/wp-content\/uploads\/2022\/06\/1002-150x150.jpg 150w\" sizes=\"auto, (max-width: 300px) 100vw, 300px\" \/><img loading=\"lazy\" decoding=\"async\" class=\"alignnone size-medium wp-image-2781\" src=\"http:\/\/prt.az\/wp-content\/uploads\/2022\/06\/1001-300x300.jpg\" alt=\"\" width=\"300\" height=\"300\" srcset=\"https:\/\/prt.az\/wp-content\/uploads\/2022\/06\/1001-300x300.jpg 300w, https:\/\/prt.az\/wp-content\/uploads\/2022\/06\/1001-150x150.jpg 150w\" sizes=\"auto, (max-width: 300px) 100vw, 300px\" \/><img loading=\"lazy\" decoding=\"async\" class=\"alignnone size-medium wp-image-2780\" src=\"http:\/\/prt.az\/wp-content\/uploads\/2022\/06\/547-300x300.jpg\" alt=\"\" width=\"300\" height=\"300\" srcset=\"https:\/\/prt.az\/wp-content\/uploads\/2022\/06\/547-300x300.jpg 300w, https:\/\/prt.az\/wp-content\/uploads\/2022\/06\/547-150x150.jpg 150w\" sizes=\"auto, (max-width: 300px) 100vw, 300px\" \/><img loading=\"lazy\" decoding=\"async\" class=\"alignnone size-medium wp-image-2773\" src=\"http:\/\/prt.az\/wp-content\/uploads\/2022\/06\/007-300x300.jpg\" alt=\"\" width=\"300\" height=\"300\" srcset=\"https:\/\/prt.az\/wp-content\/uploads\/2022\/06\/007-300x300.jpg 300w, https:\/\/prt.az\/wp-content\/uploads\/2022\/06\/007-150x150.jpg 150w\" sizes=\"auto, (max-width: 300px) 100vw, 300px\" \/><img loading=\"lazy\" decoding=\"async\" class=\"alignnone size-medium wp-image-2768\" src=\"http:\/\/prt.az\/wp-content\/uploads\/2022\/06\/qatar_7__010891_-300x300.jpg\" alt=\"\" width=\"300\" height=\"300\" srcset=\"https:\/\/prt.az\/wp-content\/uploads\/2022\/06\/qatar_7__010891_-300x300.jpg 300w, https:\/\/prt.az\/wp-content\/uploads\/2022\/06\/qatar_7__010891_-150x150.jpg 150w\" sizes=\"auto, (max-width: 300px) 100vw, 300px\" \/><img loading=\"lazy\" decoding=\"async\" class=\"alignnone size-medium wp-image-2779\" src=\"http:\/\/prt.az\/wp-content\/uploads\/2022\/06\/57-300x300.jpg\" alt=\"\" width=\"300\" height=\"300\" srcset=\"https:\/\/prt.az\/wp-content\/uploads\/2022\/06\/57-300x300.jpg 300w, https:\/\/prt.az\/wp-content\/uploads\/2022\/06\/57-150x150.jpg 150w\" sizes=\"auto, (max-width: 300px) 100vw, 300px\" \/><img loading=\"lazy\" decoding=\"async\" class=\"alignnone size-medium wp-image-2772\" src=\"http:\/\/prt.az\/wp-content\/uploads\/2022\/06\/005-300x300.jpg\" alt=\"\" width=\"300\" height=\"300\" srcset=\"https:\/\/prt.az\/wp-content\/uploads\/2022\/06\/005-300x300.jpg 300w, https:\/\/prt.az\/wp-content\/uploads\/2022\/06\/005-150x150.jpg 150w\" sizes=\"auto, (max-width: 300px) 100vw, 300px\" \/><img loading=\"lazy\" decoding=\"async\" class=\"alignnone size-medium wp-image-2777\" src=\"http:\/\/prt.az\/wp-content\/uploads\/2022\/06\/012-300x300.jpg\" alt=\"\" width=\"300\" height=\"300\" srcset=\"https:\/\/prt.az\/wp-content\/uploads\/2022\/06\/012-300x300.jpg 300w, https:\/\/prt.az\/wp-content\/uploads\/2022\/06\/012-150x150.jpg 150w\" sizes=\"auto, (max-width: 300px) 100vw, 300px\" \/><img loading=\"lazy\" decoding=\"async\" class=\"alignnone size-medium wp-image-2778\" src=\"http:\/\/prt.az\/wp-content\/uploads\/2022\/06\/013-300x300.jpg\" alt=\"\" width=\"300\" height=\"300\" srcset=\"https:\/\/prt.az\/wp-content\/uploads\/2022\/06\/013-300x300.jpg 300w, https:\/\/prt.az\/wp-content\/uploads\/2022\/06\/013-150x150.jpg 150w\" sizes=\"auto, (max-width: 300px) 100vw, 300px\" \/><img loading=\"lazy\" decoding=\"async\" class=\"alignnone size-medium wp-image-2767\" src=\"http:\/\/prt.az\/wp-content\/uploads\/2022\/06\/pic11-300x300.jpg\" alt=\"\" width=\"300\" height=\"300\" srcset=\"https:\/\/prt.az\/wp-content\/uploads\/2022\/06\/pic11-300x300.jpg 300w, https:\/\/prt.az\/wp-content\/uploads\/2022\/06\/pic11-150x150.jpg 150w\" sizes=\"auto, (max-width: 300px) 100vw, 300px\" \/><img loading=\"lazy\" decoding=\"async\" class=\"alignnone size-medium wp-image-2776\" src=\"http:\/\/prt.az\/wp-content\/uploads\/2022\/06\/11gulshadmammedov-300x300.jpg\" alt=\"\" width=\"300\" height=\"300\" srcset=\"https:\/\/prt.az\/wp-content\/uploads\/2022\/06\/11gulshadmammedov-300x300.jpg 300w, https:\/\/prt.az\/wp-content\/uploads\/2022\/06\/11gulshadmammedov-150x150.jpg 150w\" sizes=\"auto, (max-width: 300px) 100vw, 300px\" \/><img loading=\"lazy\" decoding=\"async\" class=\"alignnone size-medium wp-image-2766\" src=\"http:\/\/prt.az\/wp-content\/uploads\/2022\/06\/8ermeni_terrorunun_gurbanlari-300x300.jpg\" alt=\"\" width=\"300\" height=\"300\" srcset=\"https:\/\/prt.az\/wp-content\/uploads\/2022\/06\/8ermeni_terrorunun_gurbanlari-300x300.jpg 300w, https:\/\/prt.az\/wp-content\/uploads\/2022\/06\/8ermeni_terrorunun_gurbanlari-150x150.jpg 150w\" sizes=\"auto, (max-width: 300px) 100vw, 300px\" \/><img loading=\"lazy\" decoding=\"async\" class=\"alignnone size-medium wp-image-2761\" src=\"http:\/\/prt.az\/wp-content\/uploads\/2022\/06\/52-300x300.jpg\" alt=\"\" width=\"300\" height=\"300\" srcset=\"https:\/\/prt.az\/wp-content\/uploads\/2022\/06\/52-300x300.jpg 300w, https:\/\/prt.az\/wp-content\/uploads\/2022\/06\/52-150x150.jpg 150w\" sizes=\"auto, (max-width: 300px) 100vw, 300px\" \/><img loading=\"lazy\" decoding=\"async\" class=\"alignnone size-medium wp-image-2775\" src=\"http:\/\/prt.az\/wp-content\/uploads\/2022\/06\/011-300x300.jpg\" alt=\"\" width=\"300\" height=\"300\" srcset=\"https:\/\/prt.az\/wp-content\/uploads\/2022\/06\/011-300x300.jpg 300w, https:\/\/prt.az\/wp-content\/uploads\/2022\/06\/011-150x150.jpg 150w\" sizes=\"auto, (max-width: 300px) 100vw, 300px\" \/><img loading=\"lazy\" decoding=\"async\" class=\"alignnone size-medium wp-image-2774\" src=\"http:\/\/prt.az\/wp-content\/uploads\/2022\/06\/008-300x300.jpg\" alt=\"\" width=\"300\" height=\"300\" srcset=\"https:\/\/prt.az\/wp-content\/uploads\/2022\/06\/008-300x300.jpg 300w, https:\/\/prt.az\/wp-content\/uploads\/2022\/06\/008-150x150.jpg 150w\" sizes=\"auto, (max-width: 300px) 100vw, 300px\" \/><img loading=\"lazy\" decoding=\"async\" class=\"alignnone size-medium wp-image-2760\" src=\"http:\/\/prt.az\/wp-content\/uploads\/2022\/06\/16-300x300.jpg\" alt=\"\" width=\"300\" height=\"300\" srcset=\"https:\/\/prt.az\/wp-content\/uploads\/2022\/06\/16-300x300.jpg 300w, https:\/\/prt.az\/wp-content\/uploads\/2022\/06\/16-150x150.jpg 150w\" sizes=\"auto, (max-width: 300px) 100vw, 300px\" \/><img loading=\"lazy\" decoding=\"async\" class=\"alignnone size-medium wp-image-2758\" src=\"http:\/\/prt.az\/wp-content\/uploads\/2022\/06\/003-300x300.jpg\" alt=\"\" width=\"300\" height=\"300\" srcset=\"https:\/\/prt.az\/wp-content\/uploads\/2022\/06\/003-300x300.jpg 300w, https:\/\/prt.az\/wp-content\/uploads\/2022\/06\/003-150x150.jpg 150w\" sizes=\"auto, (max-width: 300px) 100vw, 300px\" \/><img loading=\"lazy\" decoding=\"async\" class=\"alignnone size-medium wp-image-2759\" src=\"http:\/\/prt.az\/wp-content\/uploads\/2022\/06\/15-300x300.jpg\" alt=\"\" width=\"300\" height=\"300\" srcset=\"https:\/\/prt.az\/wp-content\/uploads\/2022\/06\/15-300x300.jpg 300w, https:\/\/prt.az\/wp-content\/uploads\/2022\/06\/15-150x150.jpg 150w\" sizes=\"auto, (max-width: 300px) 100vw, 300px\" \/><img loading=\"lazy\" decoding=\"async\" class=\"alignnone size-medium wp-image-2799\" src=\"http:\/\/prt.az\/wp-content\/uploads\/2022\/06\/new8-300x300.jpg\" alt=\"\" width=\"300\" height=\"300\" srcset=\"https:\/\/prt.az\/wp-content\/uploads\/2022\/06\/new8-300x300.jpg 300w, https:\/\/prt.az\/wp-content\/uploads\/2022\/06\/new8-150x150.jpg 150w\" sizes=\"auto, (max-width: 300px) 100vw, 300px\" \/><\/p><\/blockquote>\n","protected":false},"excerpt":{"rendered":"<p>H\u0259r hans\u0131 milli, etnik, irqi v\u0259 ya dini qrupu, bir qrup kimi b\u00fct\u00f6vl\u00fckd\u0259 v\u0259 ya qism\u0259n m\u0259hv etm\u0259k m\u0259qs\u0259di il\u0259 qrup \u00fczvl\u0259rini \u00f6ld\u00fcrm\u0259, qrup \u00fczvl\u0259rinin sa\u011flaml\u0131\u011f\u0131na a\u011f\u0131r z\u0259r\u0259r vurna v\u0259 ya onlar\u0131n \u0259qli qabiliyy\u0259tin\u0259 ciddi z\u0259r\u0259r vurma, qrupun b\u00fctovl\u00fckd\u0259 v\u0259 ya qism\u0259n fiziki m\u0259hvin\u0259 y\u00f6n\u0259lmi\u015f ya\u015fay\u0131\u015f \u015f\u0259raiti yaratma, qrup daxilind\u0259 do\u011fumlar\u0131n qar\u015f\u0131s\u0131n\u0131 alma\u011fa y\u00f6n\u0259lmi\u015f t\u0259dbirl\u0259ri [&hellip;]<\/p>\n","protected":false},"author":1,"featured_media":0,"parent":0,"menu_order":0,"comment_status":"closed","ping_status":"closed","template":"","meta":{"footnotes":""},"class_list":["post-2585","page","type-page","status-publish","hentry"],"_links":{"self":[{"href":"https:\/\/prt.az\/index.php?rest_route=\/wp\/v2\/pages\/2585","targetHints":{"allow":["GET"]}}],"collection":[{"href":"https:\/\/prt.az\/index.php?rest_route=\/wp\/v2\/pages"}],"about":[{"href":"https:\/\/prt.az\/index.php?rest_route=\/wp\/v2\/types\/page"}],"author":[{"embeddable":true,"href":"https:\/\/prt.az\/index.php?rest_route=\/wp\/v2\/users\/1"}],"replies":[{"embeddable":true,"href":"https:\/\/prt.az\/index.php?rest_route=%2Fwp%2Fv2%2Fcomments&post=2585"}],"version-history":[{"count":14,"href":"https:\/\/prt.az\/index.php?rest_route=\/wp\/v2\/pages\/2585\/revisions"}],"predecessor-version":[{"id":2802,"href":"https:\/\/prt.az\/index.php?rest_route=\/wp\/v2\/pages\/2585\/revisions\/2802"}],"wp:attachment":[{"href":"https:\/\/prt.az\/index.php?rest_route=%2Fwp%2Fv2%2Fmedia&parent=2585"}],"curies":[{"name":"wp","href":"https:\/\/api.w.org\/{rel}","templated":true}]}}