{"id":2587,"date":"2022-06-03T12:54:19","date_gmt":"2022-06-03T12:54:19","guid":{"rendered":"https:\/\/prt.az\/?page_id=2587"},"modified":"2022-06-21T14:38:57","modified_gmt":"2022-06-21T14:38:57","slug":"sample-page-10","status":"publish","type":"page","link":"https:\/\/prt.az\/?page_id=2587","title":{"rendered":"Erm\u0259ni terrorlar\u0131"},"content":{"rendered":"<ul>\n<li style=\"text-align: center;\">\n<blockquote><p>Terror\u00e7uluq, y\u0259ni ictimai t\u0259hl\u00fck\u0259sizliyi pozmaq, \u0259hali aras\u0131nda vahim\u0259 yaratmaq, yaxud d\u00f6vl\u0259t hakimiyy\u0259t orqanlar\u0131 v\u0259 ya beyn\u0259lxalq t\u0259\u015fkilatlar t\u0259r\u0259find\u0259n q\u0259rar q\u0259bul edilm\u0259sin\u0259 t\u0259sir g\u00f6st\u0259rm\u0259k m\u0259qs\u0259dil\u0259 insanlar\u0131n h\u0259lak olmas\u0131, onlar\u0131n sa\u011flaml\u0131\u011f\u0131na z\u0259r\u0259r vurulmas\u0131, \u0259h\u0259miyy\u0259tli \u0259mlak ziyan\u0131n\u0131n vurulmas\u0131 v\u0259 ya ba\u015fqa ictimai t\u0259hl\u00fck\u0259li n\u0259tic\u0259l\u0259rin ba\u015f verm\u0259si t\u0259hl\u00fck\u0259si yaradan partlay\u0131\u015f, yan\u011f\u0131n v\u0259 ya dig\u0259r h\u0259r\u0259k\u0259tl\u0259r\u00a0<i>(terror akt\u0131)<\/i>\u00a0t\u00f6r\u0259tm\u0259, habel\u0259 h\u0259min m\u0259qs\u0259dl\u0259 bu c\u00fcr h\u0259r\u0259k\u0259tl\u0259rin t\u00f6r\u0259dil\u0259c\u0259yi il\u0259 h\u0259d\u0259l\u0259m\u0259<\/p>\n<p><img loading=\"lazy\" decoding=\"async\" class=\"alignnone size-medium wp-image-2763\" src=\"http:\/\/prt.az\/wp-content\/uploads\/2022\/06\/3moskva-baki-300x300.jpg\" alt=\"\" width=\"300\" height=\"300\" \/><img loading=\"lazy\" decoding=\"async\" class=\"alignnone size-medium wp-image-2764\" src=\"http:\/\/prt.az\/wp-content\/uploads\/2022\/06\/4moskva-baki-300x300.jpg\" alt=\"\" width=\"300\" height=\"300\" \/><img loading=\"lazy\" decoding=\"async\" class=\"alignnone size-medium wp-image-2766\" src=\"http:\/\/prt.az\/wp-content\/uploads\/2022\/06\/8ermeni_terrorunun_gurbanlari-300x300.jpg\" alt=\"\" width=\"300\" height=\"300\" srcset=\"https:\/\/prt.az\/wp-content\/uploads\/2022\/06\/8ermeni_terrorunun_gurbanlari-300x300.jpg 300w, https:\/\/prt.az\/wp-content\/uploads\/2022\/06\/8ermeni_terrorunun_gurbanlari-150x150.jpg 150w\" sizes=\"auto, (max-width: 300px) 100vw, 300px\" \/><img loading=\"lazy\" decoding=\"async\" class=\"alignnone size-medium wp-image-2767\" src=\"http:\/\/prt.az\/wp-content\/uploads\/2022\/06\/pic11-300x300.jpg\" alt=\"\" width=\"300\" height=\"300\" srcset=\"https:\/\/prt.az\/wp-content\/uploads\/2022\/06\/pic11-300x300.jpg 300w, https:\/\/prt.az\/wp-content\/uploads\/2022\/06\/pic11-150x150.jpg 150w\" sizes=\"auto, (max-width: 300px) 100vw, 300px\" \/><img loading=\"lazy\" decoding=\"async\" class=\"alignnone size-medium wp-image-2768\" src=\"http:\/\/prt.az\/wp-content\/uploads\/2022\/06\/qatar_7__010891_-300x300.jpg\" alt=\"\" width=\"300\" height=\"300\" srcset=\"https:\/\/prt.az\/wp-content\/uploads\/2022\/06\/qatar_7__010891_-300x300.jpg 300w, https:\/\/prt.az\/wp-content\/uploads\/2022\/06\/qatar_7__010891_-150x150.jpg 150w\" sizes=\"auto, (max-width: 300px) 100vw, 300px\" \/><img loading=\"lazy\" decoding=\"async\" class=\"alignnone size-medium wp-image-2769\" src=\"http:\/\/prt.az\/wp-content\/uploads\/2022\/06\/tb-ag10-08-90-300x300.jpg\" alt=\"\" width=\"300\" height=\"300\" \/><img loading=\"lazy\" decoding=\"async\" class=\"alignnone size-medium wp-image-2770\" src=\"http:\/\/prt.az\/wp-content\/uploads\/2022\/06\/tbilissi_baki_160989_-300x300.jpg\" alt=\"\" width=\"300\" height=\"300\" \/><\/p><\/blockquote>\n<\/li>\n<\/ul>\n","protected":false},"excerpt":{"rendered":"<p>Terror\u00e7uluq, y\u0259ni ictimai t\u0259hl\u00fck\u0259sizliyi pozmaq, \u0259hali aras\u0131nda vahim\u0259 yaratmaq, yaxud d\u00f6vl\u0259t hakimiyy\u0259t orqanlar\u0131 v\u0259 ya beyn\u0259lxalq t\u0259\u015fkilatlar t\u0259r\u0259find\u0259n q\u0259rar q\u0259bul edilm\u0259sin\u0259 t\u0259sir g\u00f6st\u0259rm\u0259k m\u0259qs\u0259dil\u0259 insanlar\u0131n h\u0259lak olmas\u0131, onlar\u0131n sa\u011flaml\u0131\u011f\u0131na z\u0259r\u0259r vurulmas\u0131, \u0259h\u0259miyy\u0259tli \u0259mlak ziyan\u0131n\u0131n vurulmas\u0131 v\u0259 ya ba\u015fqa ictimai t\u0259hl\u00fck\u0259li n\u0259tic\u0259l\u0259rin ba\u015f verm\u0259si t\u0259hl\u00fck\u0259si yaradan partlay\u0131\u015f, yan\u011f\u0131n v\u0259 ya dig\u0259r h\u0259r\u0259k\u0259tl\u0259r\u00a0(terror akt\u0131)\u00a0t\u00f6r\u0259tm\u0259, habel\u0259 h\u0259min m\u0259qs\u0259dl\u0259 [&hellip;]<\/p>\n","protected":false},"author":1,"featured_media":0,"parent":0,"menu_order":0,"comment_status":"closed","ping_status":"closed","template":"","meta":{"footnotes":""},"class_list":["post-2587","page","type-page","status-publish","hentry"],"_links":{"self":[{"href":"https:\/\/prt.az\/index.php?rest_route=\/wp\/v2\/pages\/2587","targetHints":{"allow":["GET"]}}],"collection":[{"href":"https:\/\/prt.az\/index.php?rest_route=\/wp\/v2\/pages"}],"about":[{"href":"https:\/\/prt.az\/index.php?rest_route=\/wp\/v2\/types\/page"}],"author":[{"embeddable":true,"href":"https:\/\/prt.az\/index.php?rest_route=\/wp\/v2\/users\/1"}],"replies":[{"embeddable":true,"href":"https:\/\/prt.az\/index.php?rest_route=%2Fwp%2Fv2%2Fcomments&post=2587"}],"version-history":[{"count":5,"href":"https:\/\/prt.az\/index.php?rest_route=\/wp\/v2\/pages\/2587\/revisions"}],"predecessor-version":[{"id":2804,"href":"https:\/\/prt.az\/index.php?rest_route=\/wp\/v2\/pages\/2587\/revisions\/2804"}],"wp:attachment":[{"href":"https:\/\/prt.az\/index.php?rest_route=%2Fwp%2Fv2%2Fmedia&parent=2587"}],"curies":[{"name":"wp","href":"https:\/\/api.w.org\/{rel}","templated":true}]}}