{"id":2592,"date":"2022-06-03T12:56:20","date_gmt":"2022-06-03T12:56:20","guid":{"rendered":"https:\/\/prt.az\/?page_id=2592"},"modified":"2022-06-21T14:18:03","modified_gmt":"2022-06-21T14:18:03","slug":"sample-page-11","status":"publish","type":"page","link":"https:\/\/prt.az\/?page_id=2592","title":{"rendered":"\u0130nterpol axtar\u0131\u015flar\u0131nda"},"content":{"rendered":"<p><img loading=\"lazy\" decoding=\"async\" class=\"aligncenter wp-image-2755 size-full\" src=\"http:\/\/prt.az\/wp-content\/uploads\/2022\/06\/2-e1655821027728.jpg\" alt=\"\" width=\"1176\" height=\"768\" srcset=\"https:\/\/prt.az\/wp-content\/uploads\/2022\/06\/2-e1655821027728.jpg 1176w, https:\/\/prt.az\/wp-content\/uploads\/2022\/06\/2-e1655821027728-768x502.jpg 768w\" sizes=\"auto, (max-width: 1176px) 100vw, 1176px\" \/>[vc_row][vc_column][vc_empty_space height=&#8221;60px&#8221;][vc_column_text]<\/p>\n<div style=\"width: 640px;\" class=\"wp-video\"><video class=\"wp-video-shortcode\" id=\"video-2592-1\" width=\"640\" height=\"480\" preload=\"metadata\" controls=\"controls\"><source type=\"video\/mp4\" src=\"http:\/\/prt.az\/wp-content\/uploads\/2022\/06\/INVESTIGATION-AND-PROSECUTION-OF-WAR-CRIMES.mp4?_=1\" \/><a href=\"http:\/\/prt.az\/wp-content\/uploads\/2022\/06\/INVESTIGATION-AND-PROSECUTION-OF-WAR-CRIMES.mp4\">http:\/\/prt.az\/wp-content\/uploads\/2022\/06\/INVESTIGATION-AND-PROSECUTION-OF-WAR-CRIMES.mp4<\/a><\/video><\/div>\n<p>[\/vc_column_text][\/vc_column][\/vc_row]<\/p>\n","protected":false},"excerpt":{"rendered":"<p>[vc_row][vc_column][vc_empty_space height=&#8221;60px&#8221;][vc_column_text] [\/vc_column_text][\/vc_column][\/vc_row]<\/p>\n","protected":false},"author":1,"featured_media":0,"parent":0,"menu_order":0,"comment_status":"closed","ping_status":"closed","template":"","meta":{"footnotes":""},"class_list":["post-2592","page","type-page","status-publish","hentry"],"_links":{"self":[{"href":"https:\/\/prt.az\/index.php?rest_route=\/wp\/v2\/pages\/2592","targetHints":{"allow":["GET"]}}],"collection":[{"href":"https:\/\/prt.az\/index.php?rest_route=\/wp\/v2\/pages"}],"about":[{"href":"https:\/\/prt.az\/index.php?rest_route=\/wp\/v2\/types\/page"}],"author":[{"embeddable":true,"href":"https:\/\/prt.az\/index.php?rest_route=\/wp\/v2\/users\/1"}],"replies":[{"embeddable":true,"href":"https:\/\/prt.az\/index.php?rest_route=%2Fwp%2Fv2%2Fcomments&post=2592"}],"version-history":[{"count":10,"href":"https:\/\/prt.az\/index.php?rest_route=\/wp\/v2\/pages\/2592\/revisions"}],"predecessor-version":[{"id":2757,"href":"https:\/\/prt.az\/index.php?rest_route=\/wp\/v2\/pages\/2592\/revisions\/2757"}],"wp:attachment":[{"href":"https:\/\/prt.az\/index.php?rest_route=%2Fwp%2Fv2%2Fmedia&parent=2592"}],"curies":[{"name":"wp","href":"https:\/\/api.w.org\/{rel}","templated":true}]}}