{"id":2594,"date":"2022-06-03T12:56:52","date_gmt":"2022-06-03T12:56:52","guid":{"rendered":"https:\/\/prt.az\/?page_id=2594"},"modified":"2022-06-22T12:13:07","modified_gmt":"2022-06-22T12:13:07","slug":"sample-page-11-2","status":"publish","type":"page","link":"https:\/\/prt.az\/?page_id=2594","title":{"rendered":"I v\u0131 II Qaraba\u011f d\u00f6y\u00fc\u015fl\u0259ri"},"content":{"rendered":"<p>[vc_row][vc_column width=&#8221;1\/4&#8243;][ct_fancybox title_color=&#8221;#000000&#8243; btn_link=&#8221;url:https%3A%2F%2Freport.az%2Fxarici-siyaset%2Fsusa-beyannamesinin-tam-metni%2F&#8221; title=&#8221;\u015eu\u015fa b\u0259yannam\u0259si&#8221;][\/vc_column][vc_column width=&#8221;1\/4&#8243;][ct_fancybox title_color=&#8221;#000000&#8243; btn_link=&#8221;url:https%3A%2F%2Fwww.bbc.com%2Fazeri%2Fazerbaijan-54878139&#8243; title=&#8221;Erm\u0259nistan\u0131n kapitulasiya b\u0259yannam\u0259si&#8221;][\/vc_column][vc_column width=&#8221;1\/4&#8243;][\/vc_column][vc_column width=&#8221;1\/4&#8243;][\/vc_column][\/vc_row][vc_row][vc_column][vc_column_text]<img loading=\"lazy\" decoding=\"async\" class=\"alignnone size-medium wp-image-2837\" src=\"http:\/\/prt.az\/wp-content\/uploads\/2022\/06\/A_Victory_parade_dedicated_to_Victory_in_the_Patriotic_War_was_held_at_the_Azadlig_Square_Baku-300x300.jpg\" alt=\"\" width=\"300\" height=\"300\" srcset=\"https:\/\/prt.az\/wp-content\/uploads\/2022\/06\/A_Victory_parade_dedicated_to_Victory_in_the_Patriotic_War_was_held_at_the_Azadlig_Square_Baku-300x300.jpg 300w, https:\/\/prt.az\/wp-content\/uploads\/2022\/06\/A_Victory_parade_dedicated_to_Victory_in_the_Patriotic_War_was_held_at_the_Azadlig_Square_Baku-1024x1024.jpg 1024w, https:\/\/prt.az\/wp-content\/uploads\/2022\/06\/A_Victory_parade_dedicated_to_Victory_in_the_Patriotic_War_was_held_at_the_Azadlig_Square_Baku-150x150.jpg 150w\" sizes=\"auto, (max-width: 300px) 100vw, 300px\" \/><img loading=\"lazy\" decoding=\"async\" class=\"alignnone size-medium wp-image-2839\" src=\"http:\/\/prt.az\/wp-content\/uploads\/2022\/06\/Hikmat_Mirzayev_at_the_Victory_Parade_2020_in_Baku-300x300.jpg\" alt=\"\" width=\"300\" height=\"300\" srcset=\"https:\/\/prt.az\/wp-content\/uploads\/2022\/06\/Hikmat_Mirzayev_at_the_Victory_Parade_2020_in_Baku-300x300.jpg 300w, https:\/\/prt.az\/wp-content\/uploads\/2022\/06\/Hikmat_Mirzayev_at_the_Victory_Parade_2020_in_Baku-150x150.jpg 150w, https:\/\/prt.az\/wp-content\/uploads\/2022\/06\/Hikmat_Mirzayev_at_the_Victory_Parade_2020_in_Baku-432x430.jpg 432w\" sizes=\"auto, (max-width: 300px) 100vw, 300px\" \/><img loading=\"lazy\" decoding=\"async\" class=\"alignnone size-medium wp-image-2838\" src=\"http:\/\/prt.az\/wp-content\/uploads\/2022\/06\/Azerbaijani_servicemen_greeted_by_civilians_during_a_parade-300x300.jpg\" alt=\"\" width=\"300\" height=\"300\" srcset=\"https:\/\/prt.az\/wp-content\/uploads\/2022\/06\/Azerbaijani_servicemen_greeted_by_civilians_during_a_parade-300x300.jpg 300w, https:\/\/prt.az\/wp-content\/uploads\/2022\/06\/Azerbaijani_servicemen_greeted_by_civilians_during_a_parade-150x150.jpg 150w\" sizes=\"auto, (max-width: 300px) 100vw, 300px\" \/><img loading=\"lazy\" decoding=\"async\" class=\"alignnone size-medium wp-image-2840\" src=\"http:\/\/prt.az\/wp-content\/uploads\/2022\/06\/Q\u0259l\u0259b\u0259_Paradi-300x300.jpg\" alt=\"\" width=\"300\" height=\"300\" srcset=\"https:\/\/prt.az\/wp-content\/uploads\/2022\/06\/Q\u0259l\u0259b\u0259_Paradi-300x300.jpg 300w, https:\/\/prt.az\/wp-content\/uploads\/2022\/06\/Q\u0259l\u0259b\u0259_Paradi-150x150.jpg 150w\" sizes=\"auto, (max-width: 300px) 100vw, 300px\" \/><img loading=\"lazy\" decoding=\"async\" class=\"alignnone size-medium wp-image-2841\" src=\"http:\/\/prt.az\/wp-content\/uploads\/2022\/06\/Servicemen_of_the__Yarasa__Special_Forces_at_Victory_Parade_in_Baku-300x300.jpg\" alt=\"\" width=\"300\" height=\"300\" srcset=\"https:\/\/prt.az\/wp-content\/uploads\/2022\/06\/Servicemen_of_the__Yarasa__Special_Forces_at_Victory_Parade_in_Baku-300x300.jpg 300w, https:\/\/prt.az\/wp-content\/uploads\/2022\/06\/Servicemen_of_the__Yarasa__Special_Forces_at_Victory_Parade_in_Baku-1024x1024.jpg 1024w, https:\/\/prt.az\/wp-content\/uploads\/2022\/06\/Servicemen_of_the__Yarasa__Special_Forces_at_Victory_Parade_in_Baku-150x150.jpg 150w\" sizes=\"auto, (max-width: 300px) 100vw, 300px\" \/><img loading=\"lazy\" decoding=\"async\" class=\"alignnone size-medium wp-image-2842\" src=\"http:\/\/prt.az\/wp-content\/uploads\/2022\/06\/The_battle_flags_of_the_military_units_that_took_part_in_the_war_passed_in_front_of_the_rostrum_under_the_leadership_of_Major_General_Zaur_Mammadov-300x300.jpg\" alt=\"\" width=\"300\" height=\"300\" srcset=\"https:\/\/prt.az\/wp-content\/uploads\/2022\/06\/The_battle_flags_of_the_military_units_that_took_part_in_the_war_passed_in_front_of_the_rostrum_under_the_leadership_of_Major_General_Zaur_Mammadov-300x300.jpg 300w, https:\/\/prt.az\/wp-content\/uploads\/2022\/06\/The_battle_flags_of_the_military_units_that_took_part_in_the_war_passed_in_front_of_the_rostrum_under_the_leadership_of_Major_General_Zaur_Mammadov-1024x1024.jpg 1024w, https:\/\/prt.az\/wp-content\/uploads\/2022\/06\/The_battle_flags_of_the_military_units_that_took_part_in_the_war_passed_in_front_of_the_rostrum_under_the_leadership_of_Major_General_Zaur_Mammadov-150x150.jpg 150w\" sizes=\"auto, (max-width: 300px) 100vw, 300px\" \/><img loading=\"lazy\" decoding=\"async\" class=\"alignnone size-medium wp-image-2835\" src=\"http:\/\/prt.az\/wp-content\/uploads\/2022\/06\/1632741699-300x300.jpg\" alt=\"\" width=\"300\" height=\"300\" srcset=\"https:\/\/prt.az\/wp-content\/uploads\/2022\/06\/1632741699-300x300.jpg 300w, https:\/\/prt.az\/wp-content\/uploads\/2022\/06\/1632741699-150x150.jpg 150w\" sizes=\"auto, (max-width: 300px) 100vw, 300px\" \/><img loading=\"lazy\" decoding=\"async\" class=\"alignnone size-medium wp-image-2834\" src=\"http:\/\/prt.az\/wp-content\/uploads\/2022\/06\/6152cec8004ac_16327447361255846084_1000x669-300x300.jpg\" alt=\"\" width=\"300\" height=\"300\" srcset=\"https:\/\/prt.az\/wp-content\/uploads\/2022\/06\/6152cec8004ac_16327447361255846084_1000x669-300x300.jpg 300w, https:\/\/prt.az\/wp-content\/uploads\/2022\/06\/6152cec8004ac_16327447361255846084_1000x669-150x150.jpg 150w\" sizes=\"auto, (max-width: 300px) 100vw, 300px\" \/><img loading=\"lazy\" decoding=\"async\" class=\"alignnone size-medium wp-image-2830\" src=\"http:\/\/prt.az\/wp-content\/uploads\/2022\/06\/97aee9d4-5d96-3871-a70f-68c0848975b1_850-300x300.jpg\" alt=\"\" width=\"300\" height=\"300\" srcset=\"https:\/\/prt.az\/wp-content\/uploads\/2022\/06\/97aee9d4-5d96-3871-a70f-68c0848975b1_850-300x300.jpg 300w, https:\/\/prt.az\/wp-content\/uploads\/2022\/06\/97aee9d4-5d96-3871-a70f-68c0848975b1_850-150x150.jpg 150w\" sizes=\"auto, (max-width: 300px) 100vw, 300px\" \/>[\/vc_column_text][\/vc_column][vc_column css_animation=&#8221;none&#8221; width=&#8221;2\/3&#8243; css=&#8221;.vc_custom_1655896231397{padding-top: 30px !important;}&#8221;][vc_images_carousel images=&#8221;2834,2835,2837,2838,2839,2840,2841,2842&#8243; autoplay=&#8221;yes&#8221;][\/vc_column][vc_column width=&#8221;1\/3&#8243;][\/vc_column][\/vc_row]<\/p>\n","protected":false},"excerpt":{"rendered":"<p>[vc_row][vc_column width=&#8221;1\/4&#8243;][ct_fancybox title_color=&#8221;#000000&#8243; btn_link=&#8221;url:https%3A%2F%2Freport.az%2Fxarici-siyaset%2Fsusa-beyannamesinin-tam-metni%2F&#8221; title=&#8221;\u015eu\u015fa b\u0259yannam\u0259si&#8221;][\/vc_column][vc_column width=&#8221;1\/4&#8243;][ct_fancybox title_color=&#8221;#000000&#8243; btn_link=&#8221;url:https%3A%2F%2Fwww.bbc.com%2Fazeri%2Fazerbaijan-54878139&#8243; title=&#8221;Erm\u0259nistan\u0131n kapitulasiya b\u0259yannam\u0259si&#8221;][\/vc_column][vc_column width=&#8221;1\/4&#8243;][\/vc_column][vc_column width=&#8221;1\/4&#8243;][\/vc_column][\/vc_row][vc_row][vc_column][vc_column_text][\/vc_column_text][\/vc_column][vc_column css_animation=&#8221;none&#8221; width=&#8221;2\/3&#8243; css=&#8221;.vc_custom_1655896231397{padding-top: 30px !important;}&#8221;][vc_images_carousel images=&#8221;2834,2835,2837,2838,2839,2840,2841,2842&#8243; autoplay=&#8221;yes&#8221;][\/vc_column][vc_column width=&#8221;1\/3&#8243;][\/vc_column][\/vc_row]<\/p>\n","protected":false},"author":1,"featured_media":2830,"parent":0,"menu_order":0,"comment_status":"closed","ping_status":"closed","template":"","meta":{"footnotes":""},"class_list":["post-2594","page","type-page","status-publish","has-post-thumbnail","hentry"],"_links":{"self":[{"href":"https:\/\/prt.az\/index.php?rest_route=\/wp\/v2\/pages\/2594","targetHints":{"allow":["GET"]}}],"collection":[{"href":"https:\/\/prt.az\/index.php?rest_route=\/wp\/v2\/pages"}],"about":[{"href":"https:\/\/prt.az\/index.php?rest_route=\/wp\/v2\/types\/page"}],"author":[{"embeddable":true,"href":"https:\/\/prt.az\/index.php?rest_route=\/wp\/v2\/users\/1"}],"replies":[{"embeddable":true,"href":"https:\/\/prt.az\/index.php?rest_route=%2Fwp%2Fv2%2Fcomments&post=2594"}],"version-history":[{"count":14,"href":"https:\/\/prt.az\/index.php?rest_route=\/wp\/v2\/pages\/2594\/revisions"}],"predecessor-version":[{"id":2848,"href":"https:\/\/prt.az\/index.php?rest_route=\/wp\/v2\/pages\/2594\/revisions\/2848"}],"wp:featuredmedia":[{"embeddable":true,"href":"https:\/\/prt.az\/index.php?rest_route=\/wp\/v2\/media\/2830"}],"wp:attachment":[{"href":"https:\/\/prt.az\/index.php?rest_route=%2Fwp%2Fv2%2Fmedia&parent=2594"}],"curies":[{"name":"wp","href":"https:\/\/api.w.org\/{rel}","templated":true}]}}