{"id":2679,"date":"2022-06-09T08:12:05","date_gmt":"2022-06-09T08:12:05","guid":{"rendered":"https:\/\/prt.az\/?page_id=2679"},"modified":"2023-11-30T14:21:29","modified_gmt":"2023-11-30T14:21:29","slug":"courses","status":"publish","type":"page","link":"https:\/\/prt.az\/?page_id=2679","title":{"rendered":"T\u0259hsil \u00fczr\u0259 kurslar"},"content":{"rendered":"<ul>\n<li style=\"text-align: left;\">\n<blockquote><p><em>D\u00f6vl\u0259t qullu\u011funa q\u0259bul (test) imtahanlar\u0131na haz\u0131rl\u0131q.<\/em><\/p><\/blockquote>\n<\/li>\n<li style=\"text-align: left;\">\n<blockquote><p><strong>A<\/strong> n\u00f6v\u00fc &#8211; inzibati r\u0259hb\u0259r ( idar\u0259\u00e7i) v\u0259zif\u0259l\u0259r,<\/p><\/blockquote>\n<\/li>\n<li style=\"text-align: left;\">\n<blockquote><p><strong>B<\/strong> n\u00f6v\u00fc &#8211; inzibati icra\u00e7\u0131 v\u0259zif\u0259l\u0259r.<\/p><\/blockquote>\n<\/li>\n<li style=\"text-align: left;\">\n<blockquote><p>M\u00fcst\u0259ntiq v\u0259 t\u0259hqiqat\u00e7\u0131lar \u00fc\u00e7\u00fcn prosessual s\u0259n\u0259dl\u0259rin t\u0259rtibat\u0131.<\/p><\/blockquote>\n<\/li>\n<\/ul>\n","protected":false},"excerpt":{"rendered":"<p>D\u00f6vl\u0259t qullu\u011funa q\u0259bul (test) imtahanlar\u0131na haz\u0131rl\u0131q. A n\u00f6v\u00fc &#8211; inzibati r\u0259hb\u0259r ( idar\u0259\u00e7i) v\u0259zif\u0259l\u0259r, B n\u00f6v\u00fc &#8211; inzibati icra\u00e7\u0131 v\u0259zif\u0259l\u0259r. M\u00fcst\u0259ntiq v\u0259 t\u0259hqiqat\u00e7\u0131lar \u00fc\u00e7\u00fcn prosessual s\u0259n\u0259dl\u0259rin t\u0259rtibat\u0131.<\/p>\n","protected":false},"author":1,"featured_media":0,"parent":0,"menu_order":0,"comment_status":"closed","ping_status":"closed","template":"","meta":{"footnotes":""},"class_list":["post-2679","page","type-page","status-publish","hentry"],"_links":{"self":[{"href":"https:\/\/prt.az\/index.php?rest_route=\/wp\/v2\/pages\/2679","targetHints":{"allow":["GET"]}}],"collection":[{"href":"https:\/\/prt.az\/index.php?rest_route=\/wp\/v2\/pages"}],"about":[{"href":"https:\/\/prt.az\/index.php?rest_route=\/wp\/v2\/types\/page"}],"author":[{"embeddable":true,"href":"https:\/\/prt.az\/index.php?rest_route=\/wp\/v2\/users\/1"}],"replies":[{"embeddable":true,"href":"https:\/\/prt.az\/index.php?rest_route=%2Fwp%2Fv2%2Fcomments&post=2679"}],"version-history":[{"count":6,"href":"https:\/\/prt.az\/index.php?rest_route=\/wp\/v2\/pages\/2679\/revisions"}],"predecessor-version":[{"id":2694,"href":"https:\/\/prt.az\/index.php?rest_route=\/wp\/v2\/pages\/2679\/revisions\/2694"}],"wp:attachment":[{"href":"https:\/\/prt.az\/index.php?rest_route=%2Fwp%2Fv2%2Fmedia&parent=2679"}],"curies":[{"name":"wp","href":"https:\/\/api.w.org\/{rel}","templated":true}]}}