{"id":2821,"date":"2022-06-22T08:51:27","date_gmt":"2022-06-22T08:51:27","guid":{"rendered":"https:\/\/prt.az\/?page_id=2821"},"modified":"2022-06-22T08:52:23","modified_gmt":"2022-06-22T08:52:23","slug":"sample-page-3-2-2","status":"publish","type":"page","link":"https:\/\/prt.az\/?page_id=2821","title":{"rendered":"YAN\u011eIN T\u018fHL\u00dcK\u018fS\u0130ZL\u0130Y\u0130 \u00dcZR\u018f S\u018fN\u018fDL\u018fR"},"content":{"rendered":"<p>[vc_row][vc_column][vc_column_text]<\/p>\n<blockquote>\n<h4><strong><u>Yan\u011f\u0131n<\/u><\/strong> <strong><u>T<\/u><\/strong><strong><u>\u0259hl\u00fck\u0259sizliyi \u00dc<\/u><\/strong><strong><u>zr\u0259<\/u><\/strong> <strong><u>S<\/u><\/strong><strong><u>\u0259n\u0259dl\u0259r.<\/u><\/strong><\/h4>\n<h4><strong><u>\u00a0<\/u><\/strong><\/h4>\n<ol>\n<li>\n<h4><strong><u>Yan\u011f\u0131n<\/u><\/strong> <strong><u>T<\/u><\/strong><strong><u>\u0259hl\u00fck\u0259sizliyi <\/u><\/strong><strong><u>\u00dczr\u0259 \u018fmrl\u0259r.<\/u><\/strong><\/h4>\n<\/li>\n<\/ol>\n<h4><strong><u>\u00a0<\/u><\/strong><\/h4>\n<ol>\n<li>\n<h4>Yan\u011f\u0131n t\u0259hl\u00fck\u0259sizliyinin t\u0259min edilm\u0259si t\u0259dbirl\u0259ri haqq\u0131nda \u0259mr.<\/h4>\n<\/li>\n<li>\n<h4>Yan\u011f\u0131n t\u0259hl\u00fck\u0259sizliyi \u00fc\u00e7\u00fcn m\u0259sul \u015f\u0259xsl\u0259rin t\u0259yin edilm\u0259si haqq\u0131nda \u0259mr.<\/h4>\n<\/li>\n<li>\n<h4>Yan\u011f\u0131n t\u0259hl\u00fck\u0259sizliyi t\u0259limatlar\u0131n\u0131n q\u00fcvv\u0259y\u0259 minm\u0259sin\u0259 dair \u0259mr.<\/h4>\n<\/li>\n<li>\n<h4>Yan\u011f\u0131n t\u0259hl\u00fck\u0259sizliyin\u0259 sah\u0259 \u00fczr\u0259 m\u0259sul \u015f\u0259xsl\u0259rin t\u0259yin edilm\u0259si haqq\u0131nda \u0259mr.<\/h4>\n<\/li>\n<li>\n<h4>Yan\u011f\u0131n t\u0259hl\u00fck\u0259sizliyi t\u0259limatlar\u0131n\u0131n ke\u00e7irilm\u0259si haqq\u0131nda \u0259mr.<\/h4>\n<\/li>\n<li>\n<h4>Yan\u011f\u0131n t\u0259hl\u00fck\u0259sizliyi t\u0259dbirl\u0259rinin \u00f6yr\u0259dilm\u0259si haqq\u0131nda \u0259mr.<\/h4>\n<\/li>\n<li>\n<h4>Yan\u011f\u0131n texniki komissiyan\u0131n yarad\u0131lmas\u0131 haqq\u0131nda \u0259mr.<\/h4>\n<\/li>\n<li>\n<h4>Yan\u011f\u0131na qar\u015f\u0131 T\u0259limatland\u0131rma Jurnal\u0131n\u0131n formas\u0131n\u0131n t\u0259sdiq edilm\u0259si v\u0259 bununla ba\u011fl\u0131 dig\u0259r m\u0259s\u0259l\u0259l\u0259rin t\u0259nziml\u0259nm\u0259si bar\u0259d\u0259 \u0259mr.<\/h4>\n<\/li>\n<li>\n<h4>Yan\u011f\u0131n-texniki komissiyas\u0131 haqq\u0131nda \u018fSASNAM\u018fN\u0130N t\u0259sdiq edilm\u0259si bar\u0259d\u0259 \u0259mr.<\/h4>\n<\/li>\n<li>\n<h4>\u0130lkin yan\u011f\u0131ns\u00f6nd\u00fcrm\u0259 vasit\u0259l\u0259rinin i\u015f\u0259 haz\u0131r olmas\u0131na cavabdeh olan m\u0259sul \u015f\u0259xsin t\u0259yin edilm\u0259si bar\u0259d\u0259 \u0259mr.<\/h4>\n<\/li>\n<li>\n<h4>\u018frazid\u0259, binalarda, qur\u011fularda v\u0259 otaqlarda yan\u011f\u0131n t\u0259hl\u00fck\u0259sizliyi Qaydalar\u0131n\u0131n t\u0259min edilm\u0259si bar\u0259d\u0259 \u0259mr.<\/h4>\n<\/li>\n<li>\n<h4>Yan\u011f\u0131n t\u0259hl\u00fck\u0259sizliyi Qaydalar\u0131n\u0131n t\u0259sdiq edilm\u0259si bar\u0259d\u0259 \u0259mr.<\/h4>\n<\/li>\n<li>\n<h4>K\u00f6n\u00fcll\u00fc yan\u011f\u0131ndan m\u00fchafiz\u0259 d\u0259st\u0259l\u0259rinin \u015f\u0259xsi hey\u0259tinin n\u00fcmun\u0259vi haz\u0131rl\u0131q Proqram\u0131n\u0131n t\u0259sdiq edilm\u0259si bar\u0259d\u0259 \u0259mr.<\/h4>\n<\/li>\n<li>\n<h4>\u0130\u015f\u00e7i hey\u0259tl\u0259 yan\u011f\u0131n-texniki minimumu \u00fczr\u0259 ke\u00e7iril\u0259c\u0259k m\u0259\u015f\u011f\u0259l\u0259l\u0259rin n\u00fcmun\u0259vi Proqram\u0131n\u0131n t\u0259sdiq edilm\u0259si bar\u0259d\u0259 \u0259mr.<\/h4>\n<\/li>\n<li>\n<h4>K\u00f6n\u00fcll\u00fc yan\u011f\u0131ndan m\u00fchafiz\u0259 d\u0259st\u0259l\u0259ri haqq\u0131nda \u018fSASNAM\u018fN\u0130N t\u0259sdiq edilm\u0259si bar\u0259d\u0259 \u0259mr.<\/h4>\n<\/li>\n<li>\n<h4>Yan\u011f\u0131n zaman\u0131 i\u015f\u00e7i hey\u0259tin davran\u0131\u015f\u0131 Qaydas\u0131n\u0131n t\u0259sdiq edilm\u0259si bar\u0259d\u0259 \u0259mr.<\/h4>\n<\/li>\n<li>\n<h4>M\u00fc\u0259ssis\u0259d\u0259 yan\u011f\u0131n t\u0259hl\u00fck\u0259sizliyi qaydalar\u0131na \u0259m\u0259l olunmas\u0131na dair t\u0259limatland\u0131rman\u0131n h\u0259yata ke\u00e7irilm\u0259sin\u0259 v\u0259 yan\u011f\u0131n texnikas\u0131 minimumu \u00fczr\u0259 m\u0259\u015f\u011f\u0259l\u0259l\u0259rin ke\u00e7irilm\u0259 proqram\u0131n\u0131n t\u0259sdiq edilm\u0259si bar\u0259d\u0259 \u0259mr.<\/h4>\n<\/li>\n<\/ol>\n<h4><\/h4>\n<ol>\n<li>\n<h4><strong><u>T\u0259limatlar\u0131n siyah\u0131s\u0131:<\/u><\/strong><\/h4>\n<\/li>\n<\/ol>\n<h4><u>\u00a0<\/u><\/h4>\n<ol>\n<li>\n<h4>Yan\u011f\u0131n t\u0259hl\u00fck\u0259sizliyi t\u0259dbirl\u0259ri haqq\u0131nda Giri\u015f t\u0259limat\u0131.<\/h4>\n<\/li>\n<li>\n<h4>B\u00fct\u00fcn i\u015f\u00e7il\u0259r \u00fc\u00e7\u00fcn yan\u011f\u0131n t\u0259hl\u00fck\u0259sizliyi t\u0259dbirl\u0259ri haqq\u0131nda t\u0259limat.<\/h4>\n<\/li>\n<li>\n<h4>Yan\u011f\u0131n zaman\u0131 Hey\u0259tin f\u0259aliyy\u0259t qaydas\u0131 haqq\u0131nda t\u0259limat.<\/h4>\n<\/li>\n<li>\n<h4>Yan\u011f\u0131n zaman\u0131 i\u015f\u00e7il\u0259rin evakuasiyas\u0131 haqq\u0131nda t\u0259limat.<\/h4>\n<\/li>\n<li>\n<h4>Yan\u011f\u0131n t\u0259hl\u00fck\u0259sizliyi \u00fc\u00e7\u00fcn m\u0259suliyy\u0259t da\u015f\u0131yanlar \u00fc\u00e7\u00fcn t\u0259limat.<\/h4>\n<\/li>\n<li>\n<h4>Sah\u0259l\u0259r \u00fczr\u0259 Yan\u011f\u0131n t\u0259hl\u00fck\u0259sizliyin\u0259 m\u0259sul \u015f\u0259xsl\u0259r \u00fc\u00e7\u00fcn t\u0259limat.<\/h4>\n<\/li>\n<li>\n<h4>Yan\u011f\u0131n i\u015fl\u0259rinin apar\u0131lmas\u0131 zaman\u0131 Yan\u011f\u0131n t\u0259hl\u00fck\u0259sizliyi t\u0259dbirl\u0259ri haqq\u0131nda T\u0259limat<\/h4>\n<\/li>\n<li>\n<h4>Yan\u011f\u0131n i\u015fl\u0259rinin yerin\u0259 yetirilm\u0259si \u00fc\u00e7\u00fcn naryad-burax\u0131l\u0131\u015f\u0131n n\u00fcmun\u0259si.<\/h4>\n<\/li>\n<li>\n<h4>Elektrik qur\u011fular\u0131nda Yan\u011f\u0131n t\u0259hl\u00fck\u0259sizliyi t\u0259dbirl\u0259ri haqq\u0131nda T\u0259limat.<\/h4>\n<\/li>\n<li>\n<h4>Yan\u011f\u0131n m\u00fcdafi\u0259sinin texniki vasit\u0259l\u0259rinin m\u0259zmununa dair t\u0259limat.<\/h4>\n<\/li>\n<li>\n<h4>Anbarlarda Yan\u011f\u0131n t\u0259hl\u00fck\u0259sizliyi t\u0259dbirl\u0259ri haqq\u0131nda T\u0259limat.<\/h4>\n<\/li>\n<li>\n<h4>Havaland\u0131rma v\u0259 istilik sisteminin Yan\u011f\u0131n t\u0259hl\u00fck\u0259sizliyi t\u0259dbirl\u0259ri haqq\u0131nda t\u0259limat.<\/h4>\n<\/li>\n<\/ol>\n<h4><strong>\u00a0<\/strong><\/h4>\n<ul>\n<li>\n<h4><strong><u>\u0130ltizamlar<\/u><\/strong><\/h4>\n<\/li>\n<\/ul>\n<h4><strong><u>\u00a0<\/u><\/strong><\/h4>\n<ol>\n<li>\n<h4>Yan\u011f\u0131na qar\u015f\u0131 ilkin t\u0259limat\u0131n\u0131n verilm\u0259sin\u0259 dair.<\/h4>\n<\/li>\n<li>\n<h4>Yan\u011f\u0131na qar\u015f\u0131 t\u0259krar t\u0259limatland\u0131r\u0131lmaya dair.<\/h4>\n<\/li>\n<\/ol>\n<h4>T\u0259s\u0259rr\u00fcfat f\u0259aliyy\u0259tinin apar\u0131lmas\u0131n\u0131n x\u00fcsusiyy\u0259tl\u0259rind\u0259n as\u0131l\u0131 olaraq t\u0259limat d\u0259sti h\u0259r m\u00fc\u0259ssis\u0259d\u0259 d\u0259yi\u015f\u0259 bil\u0259r.<\/h4>\n<ol>\n<li>\n<h4><strong><u>Evakuasiya (T\u0259xliyy\u0259) M\u0259\u015fqi.<\/u><\/strong><\/h4>\n<\/li>\n<\/ol>\n<h4>T\u0259xliyy\u0259 m\u0259\u015fql\u0259ri \u0259vv\u0259lc\u0259d\u0259n planla\u015fd\u0131r\u0131l\u0131r. T\u0259limin ke\u00e7irilm\u0259si plan\u0131 (ssenarisi) il\u0259 \u0259m\u0259kda\u015flar r\u0259smi imza atmaqla tan\u0131\u015f olmal\u0131d\u0131rlar. M\u0259\u015fql\u0259r ke\u00e7iril\u0259rk\u0259n \u0259m\u0259kda\u015flar\u0131n d\u00fczg\u00fcn h\u0259r\u0259k\u0259tl\u0259rin\u0259 diqq\u0259t yetirm\u0259k vacibdir. H\u0259r\u0259 \u00f6z v\u0259zif\u0259sini bilm\u0259lidir. H\u0259r k\u0259sin t\u0259xmin edil\u0259n vaxt \u00fc\u00e7\u00fcn t\u0259xliyy\u0259 edilm\u0259si v\u0259 toplanma n\u00f6qt\u0259sind\u0259 topla\u015fmas\u0131 da eyni d\u0259r\u0259c\u0259d\u0259 vacibdir. \u018fg\u0259r toplama n\u00f6qt\u0259sind\u0259 kims\u0259 olmasa, m\u0259sul \u015f\u0259xs bu bar\u0259d\u0259 g\u0259l\u0259n yan\u011f\u0131ns\u00f6nd\u00fcr\u0259nl\u0259r\u0259 x\u0259b\u0259rdarl\u0131q etm\u0259lidir. Onlar \u0259vv\u0259lc\u0259 qapal\u0131 v\u0259ziyy\u0259td\u0259 qalanlar\u0131 xilas etm\u0259li v\u0259 sonra binan\u0131 s\u00f6nd\u00fcrm\u0259lidirl\u0259r. \u018fg\u0259r \u0259ks ba\u015f ver\u0259rs\u0259 h\u0259r k\u0259s \u00fc\u00e7\u00fcn \u0259h\u0259miyy\u0259tli d\u0259r\u0259c\u0259d\u0259 pis ola bil\u0259r. Bu zaman \u00f6l\u0259nl\u0259rin say\u0131 daha da \u00e7ox ola bil\u0259r.<\/h4>\n<h4><strong><u>\u00a0<\/u><\/strong><\/h4>\n<ol>\n<li>\n<h4><strong><u>Evakuasiyan\u0131 t\u0259nziml\u0259y\u0259n s\u0259n\u0259dl\u0259r a\u015fa\u011f\u0131dak\u0131lard\u0131r:<\/u><\/strong><\/h4>\n<\/li>\n<li>\n<h4>N\u00fcmun\u0259vi evakuasiya plan\u0131.<\/h4>\n<\/li>\n<li>\n<h4>Evakuasiya \u00fczr\u0259 m\u0259\u015fql\u0259rin ke\u00e7irilm\u0259si haqq\u0131nda \u0259mr.<\/h4>\n<\/li>\n<li>\n<h4>Evakuasiya \u00fczr\u0259 m\u0259\u015fqin ke\u00e7irilm\u0259si haqq\u0131nda Akt.<\/h4>\n<\/li>\n<\/ol>\n<h4>Evakuasiya \u00fczr\u0259 m\u0259\u015fql\u0259r yar\u0131m ild\u0259 \u0259n az\u0131 1 d\u0259f\u0259 ke\u00e7irilir. Ad\u0259t\u0259n yayda sutkan\u0131n i\u015f\u0131ql\u0131 vaxt\u0131nda evakuasiya h\u0259yata ke\u00e7irilir. \u018fg\u0259r m\u00fc\u0259ssis\u0259d\u0259 gec\u0259 n\u00f6vb\u0259si varsa, onlar \u00fc\u00e7\u00fcn il \u0259rzind\u0259 \u00fc\u00e7\u00fcnc\u00fc m\u0259\u015fq ke\u00e7irilm\u0259lidir.<\/h4>\n<ol>\n<li>\n<h4><strong><u>Yan\u011f\u0131n-Texniki Komissiya<\/u><\/strong><strong>.<\/strong><\/h4>\n<\/li>\n<\/ol>\n<h4>Profilaktik t\u0259dbirl\u0259rin ke\u00e7irilm\u0259si v\u0259 yan\u011f\u0131n t\u0259hl\u00fck\u0259sizliyi sah\u0259sind\u0259 pozuntular\u0131n vaxt\u0131nda a\u015fkar edilm\u0259si m\u0259qs\u0259di il\u0259 m\u00fc\u0259ssis\u0259d\u0259 Yan\u011f\u0131n-Texniki Komissiya yarad\u0131la bil\u0259r. Bunun \u00fc\u00e7\u00fcn m\u00fc\u0259ssis\u0259 r\u0259hb\u0259ri komissiyan\u0131n yarad\u0131lmas\u0131 bar\u0259d\u0259 \u0259mr verir.<\/h4>\n<ol>\n<li>\n<h4><strong>Yan\u011f\u0131n-Texniki Komissiyan\u0131n yarad\u0131lmas\u0131 haqq\u0131nda \u0259mr.<\/strong><\/h4>\n<\/li>\n<\/ol>\n<h4>M\u00fc\u0259ssis\u0259nin i\u015fi t\u0259\u015fkilat\u0131n r\u0259hb\u0259ri t\u0259r\u0259find\u0259n t\u0259sdiq edilmi\u015f Yan\u011f\u0131n-Texniki Komissiyas\u0131n\u0131n i\u015fi haqq\u0131nda \u0259sasnam\u0259y\u0259 uy\u011fun olaraq qurulur.<\/h4>\n<ol start=\"2\">\n<li>\n<h4><strong>Yan\u011f\u0131n-Texniki Komissiyan\u0131n \u0259sasnam\u0259si.<\/strong><\/h4>\n<\/li>\n<\/ol>\n<h4>Pozuntular a\u015fkar edildikd\u0259 komissiya t\u0259r\u0259find\u0259n akt t\u0259rtib edilir<\/h4>\n<ol start=\"3\">\n<li>\n<h4><strong>Binan\u0131n yoxlan\u0131lmas\u0131 akt\u0131.<\/strong><\/h4>\n<\/li>\n<\/ol>\n<h4><strong>\u00a0<\/strong><\/h4>\n<h4><strong>Yan\u011f\u0131na m\u0259sul \u015f\u0259xs.<\/strong><\/h4>\n<h4><strong>\u00a0<\/strong><\/h4>\n<\/blockquote>\n<p>[\/vc_column_text][\/vc_column][\/vc_row]<\/p>\n","protected":false},"excerpt":{"rendered":"<p>[vc_row][vc_column][vc_column_text] Yan\u011f\u0131n T\u0259hl\u00fck\u0259sizliyi \u00dczr\u0259 S\u0259n\u0259dl\u0259r. \u00a0 Yan\u011f\u0131n T\u0259hl\u00fck\u0259sizliyi \u00dczr\u0259 \u018fmrl\u0259r. \u00a0 Yan\u011f\u0131n t\u0259hl\u00fck\u0259sizliyinin t\u0259min edilm\u0259si t\u0259dbirl\u0259ri haqq\u0131nda \u0259mr. Yan\u011f\u0131n t\u0259hl\u00fck\u0259sizliyi \u00fc\u00e7\u00fcn m\u0259sul \u015f\u0259xsl\u0259rin t\u0259yin edilm\u0259si haqq\u0131nda \u0259mr. Yan\u011f\u0131n t\u0259hl\u00fck\u0259sizliyi t\u0259limatlar\u0131n\u0131n q\u00fcvv\u0259y\u0259 minm\u0259sin\u0259 dair \u0259mr. Yan\u011f\u0131n t\u0259hl\u00fck\u0259sizliyin\u0259 sah\u0259 \u00fczr\u0259 m\u0259sul \u015f\u0259xsl\u0259rin t\u0259yin edilm\u0259si haqq\u0131nda \u0259mr. Yan\u011f\u0131n t\u0259hl\u00fck\u0259sizliyi t\u0259limatlar\u0131n\u0131n ke\u00e7irilm\u0259si haqq\u0131nda \u0259mr. Yan\u011f\u0131n t\u0259hl\u00fck\u0259sizliyi t\u0259dbirl\u0259rinin \u00f6yr\u0259dilm\u0259si haqq\u0131nda [&hellip;]<\/p>\n","protected":false},"author":1,"featured_media":0,"parent":0,"menu_order":0,"comment_status":"closed","ping_status":"closed","template":"","meta":{"footnotes":""},"class_list":["post-2821","page","type-page","status-publish","hentry"],"_links":{"self":[{"href":"https:\/\/prt.az\/index.php?rest_route=\/wp\/v2\/pages\/2821","targetHints":{"allow":["GET"]}}],"collection":[{"href":"https:\/\/prt.az\/index.php?rest_route=\/wp\/v2\/pages"}],"about":[{"href":"https:\/\/prt.az\/index.php?rest_route=\/wp\/v2\/types\/page"}],"author":[{"embeddable":true,"href":"https:\/\/prt.az\/index.php?rest_route=\/wp\/v2\/users\/1"}],"replies":[{"embeddable":true,"href":"https:\/\/prt.az\/index.php?rest_route=%2Fwp%2Fv2%2Fcomments&post=2821"}],"version-history":[{"count":2,"href":"https:\/\/prt.az\/index.php?rest_route=\/wp\/v2\/pages\/2821\/revisions"}],"predecessor-version":[{"id":2823,"href":"https:\/\/prt.az\/index.php?rest_route=\/wp\/v2\/pages\/2821\/revisions\/2823"}],"wp:attachment":[{"href":"https:\/\/prt.az\/index.php?rest_route=%2Fwp%2Fv2%2Fmedia&parent=2821"}],"curies":[{"name":"wp","href":"https:\/\/api.w.org\/{rel}","templated":true}]}}