{"id":2868,"date":"2022-06-22T14:03:47","date_gmt":"2022-06-22T14:03:47","guid":{"rendered":"https:\/\/prt.az\/?page_id=2868"},"modified":"2022-06-22T14:03:47","modified_gmt":"2022-06-22T14:03:47","slug":"sample-page-3-2-3","status":"publish","type":"page","link":"https:\/\/prt.az\/?page_id=2868","title":{"rendered":"M\u00dcQAV\u0130L\u018f \u015e\u018fRTL\u018fR\u0130"},"content":{"rendered":"<p>[vc_row][vc_column][vc_column_text]<\/p>\n<blockquote><p>\u00a0\u00a0\u00a0\u00a0\u00a0\u00a0\u00a0\u00a0\u00a0\u00a0\u00a0\u00a0\u00a0\u00a0 H\u00dcQUQ\u0130 YARDIMIN G\u00d6ST\u018fR\u0130LM\u018fS\u0130 HAQQINDA.<\/p>\n<p>&nbsp;<\/p>\n<p>1.M\u00dcQAV\u0130L\u018fN\u0130N PREDMET\u0130<\/p>\n<p>1.1 Bu m\u00fcqavil\u0259y\u0259 g\u00f6r\u0259 \u015firk\u0259t ona h\u0259val\u0259 edil\u0259n tap\u015f\u0131r\u0131q \u0259sas\u0131nda h\u00fcquqi yard\u0131m g\u00f6st\u0259rm\u0259yi, m\u00fcraci\u0259t ed\u0259n \u015f\u0259xs is\u0259 h\u00fcquqi yard\u0131ma g\u00f6r\u0259 haqq \u00f6d\u0259m\u0259yi \u00f6hd\u0259sin\u0259 g\u00f6t\u00fcr\u00fcr.<\/p>\n<p>1.2.\u015eirk\u0259t\u0259 h\u0259val\u0259 edil\u0259n tap\u015f\u0131r\u0131\u011f\u0131n q\u0131sa \u00a0mahiyy\u0259ti:<\/p>\n<p>1.3 Az\u0259rbaycan Respublikas\u0131 Qanunlar\u0131na v\u0259 dig\u0259r qanunvericilik aktlar\u0131na zidd olmayan ba\u015fqa \u015f\u0259rtl\u0259r\u0259 dair raz\u0131la\u015fmalar bu M\u00fcqavil\u0259nin ayr\u0131lmaz hiss\u0259si olan m\u00fcqavil\u0259y\u0259 \u018flav\u0259 il\u0259 m\u00fc\u0259yy\u0259n edil\u0259 bil\u0259r. M\u00fcqavil\u0259y\u0259 \u0259lav\u0259 m\u00fcraci\u0259t ed\u0259n \u015f\u0259xs v\u0259 \u015firk\u0259tin r\u0259hb\u0259ri t\u0259r\u0259find\u0259n bu m\u00fcqavil\u0259 il\u0259 eyni qaydada t\u0259sdiq edildikd\u0259n sonra h\u00fcquqi q\u00fcvv\u0259sini al\u0131r.<\/p>\n<ol start=\"2\">\n<li>H\u00dcQUQ\u0130 YARDIM HAQQININ M\u018fBL\u018f\u011e\u0130 V\u018f \u00d6D\u018fN\u0130LM\u018f QAYDASI.<\/li>\n<\/ol>\n<p>2.1.H\u00fcquqi yard\u0131ma g\u00f6r\u0259 haqq qar\u015f\u0131l\u0131ql\u0131 raz\u0131l\u0131qla manatla m\u00fc\u0259yy\u0259n olunur v\u0259 ba\u015fqa raz\u0131la\u015fma yoxdursa bir qayda olaraq m\u00fcqavil\u0259 ba\u011fland\u0131\u011f\u0131 vaxtda \u00f6d\u0259nilir. H\u00fcquqi yard\u0131ma g\u00f6r\u0259 \u00f6d\u0259nil\u0259n m\u0259bl\u0259\u011f \u015firk\u0259t\u0259 \u00a0h\u0259val\u0259 edil\u0259n i\u015fin haqq\u0131d\u0131r v\u0259 tap\u015f\u0131r\u0131\u011f\u0131n n\u0259tic\u0259sind\u0259n as\u0131l\u0131 deyil.<\/p>\n<p>2.2.T\u0259r\u0259fl\u0259r i\u015fin u\u011furlu h\u0259lli n\u0259tic\u0259sin\u0259 g\u00f6r\u0259 bu m\u00fcqavil\u0259y\u0259 \u018flav\u0259d\u0259 n\u0259z\u0259rd\u0259 tutulan haqq\u0131n \u00f6d\u0259nilm\u0259sini v\u0259 onun h\u0259cmini \u0259vv\u0259lc\u0259d\u0259n m\u00fc\u0259yy\u0259nl\u0259\u015fdir\u0259 bil\u0259rl\u0259r. M\u00fcqavil\u0259 t\u0259r\u0259fl\u0259rinin raz\u0131l\u0131\u011f\u0131 il\u0259 g\u00f6st\u0259ril\u0259n h\u00fcquqi yard\u0131m\u0131n h\u0259cmi, m\u00fcr\u0259kk\u0259bliyi, icra m\u00fcdd\u0259ti, h\u0259yata ke\u00e7iril\u0259c\u0259yi orqan v\u0259 ya t\u0259\u015fkilat n\u0259z\u0259r\u0259 al\u0131nmaqla i\u015fin u\u011furlu h\u0259lli n\u0259tic\u0259sind\u0259n as\u0131l\u0131 olaraq m\u00fcraci\u0259t ed\u0259n t\u0259r\u0259find\u0259n pul formas\u0131nda \u0259lav\u0259 m\u00fckafat \u00f6d\u0259nil\u0259 bil\u0259r.<\/p>\n<p>2.3.Bu m\u00fcqavil\u0259nin 2.1-ci b\u0259ndind\u0259 n\u0259z\u0259rd\u0259 tutulan haqq \u00f6d\u0259nil\u0259nd\u0259n sonra \u015firk\u0259t tap\u015f\u0131r\u0131\u011f\u0131n icras\u0131na ba\u015flaya bil\u0259r. \u018fg\u0259r haqq \u00f6d\u0259nilm\u0259d\u0259n \u015firk\u0259t tap\u015f\u0131r\u0131\u011f\u0131n icras\u0131na ba\u015flam\u0131\u015fsa, icran\u0131 dayand\u0131rma\u011fa haql\u0131d\u0131r.<\/p>\n<p>2.4.Tap\u015f\u0131r\u0131\u011f\u0131n icras\u0131 il\u0259 ba\u011fl\u0131 \u015firk\u0259tin \u00e7\u0259kdiyi v\u0259 ya \u00e7\u0259km\u0259li oldu\u011fu x\u0259rcl\u0259r bu m\u00fcqavil\u0259nin 2.1-ci b\u0259ndind\u0259 g\u00f6st\u0259ril\u0259n haqq\u0131n t\u0259rkibin\u0259 daxil deyildir. Bu x\u0259rcl\u0259r \u015firk\u0259t \u0259m\u0259kda\u015f\u0131n\u0131n t\u0259qdim etdiyi t\u0259sdiqedici s\u0259n\u0259dl\u0259r v\u0259 ya \u0259sasland\u0131r\u0131lm\u0131\u015f real hesabat \u0259sas\u0131nda t\u0259l\u0259b olundu\u011fu tarixd\u0259n 3 g\u00fcn m\u00fcdd\u0259tind\u0259 m\u00fcraci\u0259t ed\u0259n \u015f\u0259xs t\u0259r\u0259find\u0259n \u015firk\u0259t\u0259 \u00f6d\u0259nilm\u0259lidir.<\/p>\n<p>2.5.M\u00fcraci\u0259t ed\u0259n (v\u0259 ya h\u00fcquqi yard\u0131m g\u00f6st\u0259ril\u0259n \u015f\u0259xs) bu m\u00fcqavil\u0259 \u00fczr\u0259 tap\u015f\u0131r\u0131\u011f\u0131 m\u0259hdudla\u015fd\u0131rd\u0131qda, geri g\u00f6t\u00fcrd\u00fckd\u0259, yaxud m\u00fcqavil\u0259ni l\u0259\u011fv etdikd\u0259 v\u0259 ya h\u00fcququ yard\u0131mdan imtina etdikd\u0259 \u00f6d\u0259nilmi\u015f haqq\u0131n yaln\u0131z g\u00f6r\u00fclm\u0259mi\u015f i\u015fl\u0259rin h\u0259cmi m\u0259bl\u0259\u011find\u0259 olan hiss\u0259si geri qaytar\u0131la bil\u0259r. Tap\u015f\u0131r\u0131\u011f\u0131n icras\u0131 il\u0259 ba\u011fl\u0131 bu m\u00fcqavil\u0259nin 2.4-c\u00fc b\u0259ndind\u0259 n\u0259z\u0259rd\u0259 tutulmu\u015f x\u0259rcl\u0259r is\u0259 \u015firk\u0259t\u0259 \u00f6d\u0259nilm\u0259lidir. \u015eirk\u0259t h\u0259min x\u0259rcl\u0259ri g\u00f6r\u00fclm\u0259mi\u015f i\u015fl\u0259rin h\u0259cmi \u00fc\u00e7\u00fcn n\u0259z\u0259rd\u0259 tutulan m\u0259bl\u0259\u011fd\u0259n \u00e7\u0131xma\u011fa haql\u0131d\u0131r.<\/p>\n<p>2.6.H\u00fcquqi yard\u0131mla ba\u011fl\u0131 raz\u0131la\u015fd\u0131r\u0131lm\u0131\u015f tap\u015f\u0131r\u0131\u011f\u0131n h\u0259cmi v\u0259 m\u00fcdd\u0259ti bu m\u00fcqavil\u0259 ba\u011fland\u0131qdan sonra \u0259h\u0259miyy\u0259tli d\u0259r\u0259c\u0259d\u0259 artd\u0131qda \u015firket \u0259lav\u0259 haqq t\u0259l\u0259b ed\u0259 bil\u0259r. Haqq\u0131n art\u0131r\u0131lmas\u0131na m\u00fcraci\u0259t ed\u0259n \u015f\u0259xs raz\u0131l\u0131q verm\u0259diyi halda, \u015firket tap\u015f\u0131r\u0131\u011f\u0131 \u0259sas m\u00fcqavil\u0259d\u0259 n\u0259z\u0259rd\u0259 tutulmu\u015f h\u0259cmd\u0259 icra edir.<\/p>\n<p>T\u018fR\u018fFL\u018fR\u0130N \u00a0\u00a0\u00a0H\u00dcQUQ V\u018f V\u018fZ\u0130F\u018fL\u018fR\u0130.<\/p>\n<p>3.Sifari\u015fcinin \u00a0h\u00fcquq v\u0259 v\u0259zif\u0259l\u0259ri:<\/p>\n<p>3.1.h\u0259val\u0259 edilmi\u015f i\u015fin h\u00fcquqi perspektivinin izah\u0131, tap\u015f\u0131r\u0131\u011f\u0131n icras\u0131n\u0131n gedi\u015fi bar\u0259d\u0259, h\u00fcquqi yard\u0131m\u0131n, m\u00fcdafi\u0259nin t\u0259\u015fkil edilm\u0259si v\u0259 h\u0259yata ke\u00e7irilm\u0259sinin m\u00fcmk\u00fcn h\u00fcquqi vasit\u0259l\u0259ri haqq\u0131nda \u015firk\u0259td\u0259n m\u0259lumat almaq;<\/p>\n<p>3.2.tap\u015f\u0131r\u0131\u011f\u0131n icras\u0131 ba\u015fa \u00e7atd\u0131qdan sonra i\u015fin n\u0259tic\u0259si haqq\u0131nda \u015firk\u0259td\u0259n yaz\u0131l\u0131 (v\u0259 ya \u015fifahi) hesabat t\u0259l\u0259b etm\u0259k v\u0259 \u015firk\u0259t t\u0259r\u0259find\u0259n toplanm\u0131\u015f, m\u00fcraci\u0259t ed\u0259n\u0259 (v\u0259 ya h\u00fcquqi yard\u0131m g\u00f6st\u0259ril\u0259n \u015f\u0259xs\u0259) aid z\u0259ruri s\u0259n\u0259dl\u0259ri q\u0259bz\u0259 imza etm\u0259kl\u0259 almaq;<\/p>\n<p>3.3.yaz\u0131l\u0131 qaydada m\u00fcqavil\u0259 \u00fczr\u0259 \u015firk\u0259t\u0259 verdiyi tap\u015f\u0131r\u0131qlar\u0131 m\u0259hdudla\u015fd\u0131rmaq, geri g\u00f6t\u00fcrm\u0259k, yaxud m\u00fcqavil\u0259ni l\u0259\u011fv etm\u0259k v\u0259 ya \u015firk\u0259tin xidm\u0259tind\u0259n imtina etm\u0259k;<\/p>\n<p>3.4.tap\u015f\u0131r\u0131\u011f\u0131n icras\u0131 \u00fc\u00e7\u00fcn z\u0259ruri \u0259h\u0259miyy\u0259ti olan s\u0259n\u0259dl\u0259ri v\u0259 m\u0259lumatlar\u0131 \u015fifahi v\u0259 ya yaz\u0131l\u0131 qaydada vaxt\u0131nda \u015firk\u0259t\u0259 t\u0259qdim etm\u0259k;<\/p>\n<p>3.5.h\u0259qiq\u0259t\u0259 uy\u011fun olmayan s\u0259n\u0259dl\u0259rin v\u0259 m\u0259lumatlar\u0131n verilm\u0259sin\u0259, tap\u015f\u0131r\u0131\u011f\u0131n icras\u0131 \u00fc\u00e7\u00fcn z\u0259ruri olan s\u0259n\u0259dl\u0259rin v\u0259 m\u0259lumatlar\u0131n verilm\u0259m\u0259sin\u0259 v\u0259 ya vaxt\u0131nda verilm\u0259m\u0259sin\u0259 g\u00f6r\u0259 yaranm\u0131\u015f n\u0259tic\u0259l\u0259r \u00fc\u00e7\u00fcn m\u0259suliyy\u0259t da\u015f\u0131maq;<\/p>\n<p>3.6.h\u00fcquqi yard\u0131ma g\u00f6r\u0259 haqq\u0131 v\u0259 tap\u015f\u0131r\u0131\u011f\u0131n icras\u0131 il\u0259 \u0259laq\u0259dar \u015firk\u0259tin \u00e7\u0259kdiyi v\u0259 ya \u00e7\u0259km\u0259li oldu\u011fu x\u0259rcl\u0259ri m\u00fcqavil\u0259d\u0259 (v\u0259 ya \u018flav\u0259d\u0259) n\u0259z\u0259rd\u0259 tutulmu\u015f qaydada v\u0259 m\u00fcdd\u0259td\u0259 \u00f6d\u0259m\u0259k.<\/p>\n<p>3.7.\u015eirk\u0259t t\u0259r\u0259find\u0259n t\u0259qdim olunmu\u015f v\u0259 bu m\u00fcqavil\u0259nin icras\u0131 il\u0259 ba\u011fl\u0131 m\u00fcraci\u0259t ed\u0259n\u0259 m\u0259lum olan m\u0259lumatlar\u0131, kommersiya v\u0259 dig\u0259r sirl\u0259ri qorumaq, \u00fc\u00e7\u00fcnc\u00fc \u015f\u0259xsl\u0259r\u0259 verm\u0259m\u0259k v\u0259 \u015firk\u0259tin f\u0259aliyy\u0259tin\u0259 ziyan vura bil\u0259c\u0259k h\u0259r hans\u0131 dig\u0259r formada istifad\u0259 etm\u0259m\u0259k.<\/p>\n<ol start=\"4\">\n<li>4. \u015eirk\u0259tin h\u00fcquq v\u0259 v\u0259zif\u0259l\u0259ri:<\/li>\n<\/ol>\n<p>4.1. Bu m\u00fcqavil\u0259 il\u0259 m\u00fc\u0259yy\u0259n edilmi\u015f xidm\u0259tl\u0259ri Sifari\u015f\u00e7inin t\u00f6vsiy\u0259l\u0259rinin n\u0259z\u0259r\u0259 almaqla, t\u0259qdim edilmi\u015f z\u0259ruri s\u0259n\u0259dl\u0259ri \u00f6yr\u0259nib, m\u0259lumatlar\u0131, s\u00fcbutlari toplay\u0131b t\u0259hlil etm\u0259k, Az\u0259rbaycan Respublikas\u0131n\u0131n q\u00fcvv\u0259d\u0259 olan qanuvericiliyin t\u0259l\u0259bl\u0259rin\u0259 uy\u011fun \u015f\u0259kild\u0259 v\u0259 pe\u015f\u0259kar s\u0259viyy\u0259d\u0259, m\u00fcbahis\u0259nin mahiyy\u0259ti \u00fczr\u0259 m\u00fcsb\u0259t n\u0259tic\u0259 \u0259ld\u0259 etm\u0259k m\u0259qs\u0259qdil\u0259 \u00fcm\u00fcmi h\u00fcquqi strategiyan\u0131 m\u00fc\u0259yy\u0259nl\u0259\u015fdirm\u0259k, z\u0259ruri hallarda m\u00fct\u0259x\u0259ssisl\u0259rin v\u0259 ya ekspertl\u0259rin c\u0259lb edilm\u0259sini t\u0259min etm\u0259k, Sifari\u015f\u00e7iy\u0259 m\u00fcvafiq m\u0259sl\u0259h\u0259tl\u0259r v\u0259 izahlar verm\u0259kl\u0259 i\u015fin bax\u0131lma m\u0259rh\u0259l\u0259l\u0259ri \u00fczr\u0259 qanunda n\u0259z\u0259rd\u0259 tutulmu\u015f dig\u0259r t\u0259dbirl\u0259ri h\u0259yata ke\u00e7irm\u0259k, \u015eirk\u0259tl\u0259 \u0259m\u0259kda\u015fl\u0131q ed\u0259n v\u0259kill\u0259r vasit\u0259si il\u0259\u00a0 Az\u0259rbaycan Respublikas\u0131n\u0131n d\u00f6vl\u0259t v\u0259 qeyri-d\u00f6vl\u0259t, b\u00fct\u00fcn m\u0259hk\u0259m\u0259 v\u0259 m\u0259hk\u0259m\u0259 aktlar\u0131n\u0131n icra orqanlar\u0131nda t\u0259msil etm\u0259k;<\/p>\n<p>4.2. Sifari\u015f\u00e7inin h\u00fcquqlar\u0131n\u0131n pozulmas\u0131na s\u0259b\u0259b olmu\u015f \u0259m\u0259ll\u0259rd\u0259 cinay\u0259t t\u0259rkibinin \u0259lam\u0259tl\u0259ri oldu\u011fu halda onun h\u00fcquqlar\u0131n\u0131n cinay\u0259t t\u0259qibinin apar\u0131lmas\u0131 \u00fc\u00e7\u00fcn h\u00fcquqi xidm\u0259t g\u00f6st\u0259rm\u0259k v\u0259 aidiyyati orqanlara m\u00fcraci\u0259t haz\u0131rlamaq;<\/p>\n<p>4.3. Sifari\u015f\u00e7inin h\u00fcquqlar\u0131n\u0131n pozulmas\u0131 m\u00fclki v\u0259 ya inzibati h\u00fcquqla \u0259laq\u0259li olduqda, Sifari\u015f\u00e7inin h\u00fcquqlar\u0131n\u0131n m\u00fcdafi\u0259si il\u0259 ba\u011fl\u0131 m\u00fcvafiq d\u00f6vl\u0259t v\u0259 qeyri-d\u00f6vl\u0259t, m\u0259hk\u0259m\u0259 v\u0259 m\u0259hk\u0259m\u0259 aktlar\u0131n\u0131n icra orqanlar\u0131na iddia \u0259riz\u0259si, \u0259riz\u0259, m\u00fcraci\u0259t, \u015fikay\u0259t, v\u0259 sair h\u00fcquqi s\u0259n\u0259dl\u0259ri haz\u0131rlamaq v\u0259 h\u0259min orqanlarda t\u0259msil etm\u0259k;<\/p>\n<p>4.4. Sifari\u015f\u00e7iy\u0259 inzibati x\u0259ta il\u0259 ba\u011fl\u0131 c\u0259rim\u0259 t\u0259tbiq edildikd\u0259, Sifari\u015f\u00e7inin h\u00fcquqlar\u0131n\u0131n m\u00fcdafi\u0259si il\u0259 ba\u011fl\u0131 qanunvericilikd\u0259 n\u0259z\u0259rd\u0259 tutulmu\u015f z\u0259ruri m\u00fcdafi\u0259 t\u0259dbirl\u0259rin h\u0259yata ke\u00e7irilm\u0259si \u00fc\u00e7\u00fcn m\u00fcvafiq s\u0259n\u0259dl\u0259ri t\u0259rtib etm\u0259k;<\/p>\n<p>4.5. Bu m\u00fcqavil\u0259 \u0259sas\u0131nda \u0259ld\u0259 edil\u0259n v\u0259 \u00abSifari\u015f\u00e7i\u00bbnin kommersiya v\u0259 bank sirrini t\u0259\u015fkil ed\u0259n m\u0259lumatlar\u0131n konfidensiall\u0131\u011f\u0131n\u0131 qorumaq.<\/p>\n<p>4.6. H\u00fcquqi yard\u0131ma dair tap\u015f\u0131r\u0131\u011f\u0131n arzu olunan n\u0259tic\u0259sin\u0259 v\u0259d verm\u0259d\u0259n vicdanla icra etm\u0259k v\u0259 bu zaman Sifari\u015fcinin qanuni m\u0259nafel\u0259rinin m\u00fcdafi\u0259si \u00fc\u00e7\u00fcn m\u00fcmk\u00fcn z\u0259ruri t\u0259dbirl\u0259r g\u00f6rm\u0259k;<\/p>\n<p>4.7. Sifari\u015fcinin maraqlar\u0131na zidd v\u0259 h\u00fcquqlar\u0131n\u0131n h\u0259yata ke\u00e7irilm\u0259sin\u0259 mane olan h\u0259r hans\u0131 h\u0259r\u0259k\u0259t etm\u0259m\u0259kl\u0259, h\u0259val\u0259 edil\u0259n tap\u015f\u0131r\u0131\u011f\u0131 icra ed\u0259rk\u0259n qanunvericilikl\u0259 qada\u011fan edilm\u0259y\u0259n v\u0259 etika qaydalar\u0131na zidd olmayan b\u00fct\u00fcn \u00fcsul v\u0259 vasit\u0259l\u0259rd\u0259n istifad\u0259 etm\u0259k;<\/p>\n<p>4.8. Sifari\u015fcinin t\u0259l\u0259bi il\u0259 \u015firk\u0259tin m\u00fc\u0259yy\u0259n etdiyi vaxtda ona tap\u015f\u0131r\u0131\u011f\u0131n icras\u0131n\u0131n gedi\u015fi haqq\u0131nda m\u0259lumat v\u0259 icradan sonra yaz\u0131l\u0131 v\u0259 ya \u015fifahi hesabat verm\u0259k;<\/p>\n<p>4.9. Sifari\u015fci t\u0259r\u0259find\u0259n ona verilmi\u015f m\u0259lumatlar\u0131n, s\u0259n\u0259dl\u0259rin, habel\u0259 apar\u0131lan s\u00f6hb\u0259t v\u0259 m\u0259sl\u0259h\u0259tl\u0259\u015fm\u0259l\u0259rin \u00a0bu m\u00fcqavil\u0259nin ba\u011fland\u0131\u011f\u0131 andan gizli saxlanmas\u0131n\u0131 v\u0259 yay\u0131lmamas\u0131n\u0131 t\u0259min etm\u0259k, onlardan h\u0259r hans\u0131 ba\u015fqa \u015f\u0259xsl\u0259rin v\u0259 ya \u00f6z\u00fcn\u00fcn m\u0259nafeyi \u00fc\u00e7\u00fcn istifad\u0259 etm\u0259m\u0259k;<\/p>\n<p>4.10. \u015eirk\u0259t \u00a0Sifari\u015fci t\u0259r\u0259find\u0259n h\u0259qiq\u0259t\u0259 uy\u011fun olmayan s\u0259n\u0259dl\u0259rin v\u0259 m\u0259lumatlar\u0131n verilm\u0259si, yaxud tap\u015f\u0131r\u0131\u011f\u0131n icras\u0131 \u00fc\u00e7\u00fcn z\u0259ruri olan s\u0259n\u0259dl\u0259rin, m\u0259lumatlar\u0131n verilm\u0259m\u0259si v\u0259 ya vaxt\u0131nda verilm\u0259m\u0259si \u00fc\u00e7\u00fcn yaranm\u0131\u015f n\u0259tic\u0259l\u0259r\u0259 g\u00f6r\u0259 m\u0259suliyy\u0259t da\u015f\u0131mamaq;<\/p>\n<p>4.11. Qanun pozuntusuna yol verm\u0259si n\u0259tic\u0259sind\u0259 m\u00fcdafi\u0259 olunan, yaxud t\u0259msil edil\u0259n \u015f\u0259xsin \u0259mlak\u0131na bilavasit\u0259 z\u0259r\u0259r vurduqda maddi m\u0259suliyy\u0259t da\u015f\u0131maq;<\/p>\n<ol start=\"5\">\n<li>Qurumun r\u0259hb\u0259rinin h\u00fcquq v\u0259 v\u0259zif\u0259l\u0259ri:<\/li>\n<\/ol>\n<p>5.1.m\u00fcraci\u0259t ed\u0259nin \u015f\u0259xsiyy\u0259tini, h\u00fcquqi yard\u0131m g\u00f6st\u0259ril\u0259c\u0259k \u015f\u0259xsl\u0259 m\u00fcnasib\u0259tini m\u00fc\u0259yy\u0259n etm\u0259k;<\/p>\n<p>5.2.m\u00fcqavil\u0259 ba\u011flanmas\u0131 il\u0259 \u0259laq\u0259dar ona m\u0259lum olan m\u0259lumatlar\u0131 yaymamaq;<\/p>\n<p>5.3. Bu M\u00fcqavil\u0259 il\u0259 n\u0259z\u0259rd\u0259 tutulan xidm\u0259tl\u0259rin g\u00f6st\u0259rilm\u0259sini \u00f6z m\u00fclahiz\u0259l\u0259rin\u0259 \u0259sas\u0259n t\u0259yin etdiyi \u0259m\u0259kda\u015fa h\u0259val\u0259 etm\u0259k v\u0259 yaxud \u00fc\u00e7\u00fcnc\u00fc \u015f\u0259xsl\u0259r\u0259 tap\u015f\u0131r\u0131q verm\u0259k, bunula ba\u011fl\u0131 Sifari\u015f\u00e7id\u0259n sonuncunun s\u0259lahiyy\u0259tini t\u0259sdiq ed\u0259n etibarnam\u0259nin verilm\u0259sini t\u0259l\u0259b etm\u0259k;<\/p>\n<p>5.4.m\u00fcraci\u0259t ed\u0259n \u015f\u0259xsin h\u00fcquqlar\u0131n\u0131 m\u0259hk\u0259m\u0259l\u0259rd\u0259 m\u00fcdafi\u0259 etm\u0259k z\u0259rur\u0259ti yarand\u0131qda \u015firk\u0259tl\u0259 \u0259m\u0259kda\u015fl\u0131q ed\u0259n v\u0259kill\u0259ri t\u0259qdim etm\u0259k v\u0259 v\u0259kill\u0259 m\u00fcqavil\u0259 ba\u011flanmas\u0131n\u0131 t\u00f6vsiy\u0259 etm\u0259k.<\/p>\n<p>5.5.m\u00fcqavil\u0259 \u00fczr\u0259 daxil olmu\u015f pul v\u0259saitinin m\u00fc\u0259yy\u0259n edilmi\u015f qaydada v\u0259 m\u00fcdd\u0259td\u0259 qurumun \u00a0bank hesab\u0131na k\u00f6\u00e7\u00fcr\u00fclm\u0259sini t\u0259min etm\u0259k.<\/p>\n<ol start=\"6\">\n<li>T\u0259r\u0259fl\u0259r bu m\u00fcqavil\u0259d\u0259n, qanunvericilikd\u0259n v\u0259 tap\u015f\u0131r\u0131\u011f\u0131n mahiyy\u0259tind\u0259n ir\u0259li g\u0259l\u0259n sair h\u00fcquqlara malikdirl\u0259r v\u0259 v\u0259zif\u0259l\u0259r da\u015f\u0131y\u0131rlar.<\/li>\n<\/ol>\n<p>&nbsp;<\/p>\n<p>7.YEKUN M\u00dcDD\u018fALAR<\/p>\n<p>7.1.T\u0259r\u0259fl\u0259r aras\u0131nda bu m\u00fcqavil\u0259 il\u0259 t\u0259nziml\u0259nm\u0259y\u0259n m\u00fcnasib\u0259tl\u0259r\u00a0 Az\u0259rbaycan Respublikas\u0131 Qanunlar\u0131 v\u0259 q\u00fcvv\u0259d\u0259 olan dig\u0259r qanunvericilik aktlar\u0131 il\u0259 t\u0259nziml\u0259nir.<\/p>\n<p>7.2.Bu m\u00fcqavil\u0259 t\u0259r\u0259fl\u0259rin imzalad\u0131\u011f\u0131 v\u0259 t\u0259sdiq etdiyi vaxtdan q\u00fcvv\u0259y\u0259 minir v\u0259 bir qayda olaraq \u00a0h\u0259val\u0259 edilmi\u015f tap\u015f\u0131r\u0131q \u00fczr\u0259 \u00a0i\u015fin xarakterind\u0259n as\u0131l\u0131 olaraq tap\u015f\u0131r\u0131q icra edildiyi vaxtad\u0259k v\u0259 ya m\u00fcqavil\u0259 il\u0259 m\u00fc\u0259yy\u0259n edilmi\u015f m\u00fcdd\u0259t\u0259d\u0259k q\u00fcvv\u0259d\u0259dir.<\/p>\n<p>7.3.M\u00fcqavil\u0259 (v\u0259 m\u00fcqavil\u0259y\u0259 \u018flav\u0259) az\u0259rbaycan dilind\u0259, eyni h\u00fcquqi q\u00fcvv\u0259y\u0259 malik olan 2 (iki) n\u00fcsx\u0259d\u0259 t\u0259rtib edlir, bir n\u00fcsx\u0259si \u015firk\u0259td\u0259 \u00a0saxlan\u0131l\u0131r, bir n\u00fcsx\u0259si is\u0259 m\u00fcraci\u0259t ed\u0259n \u015f\u0259xs\u0259 (n\u00fcmay\u0259nd\u0259y\u0259) t\u0259qdim edilir.<\/p>\n<p>7.4.M\u00fcraci\u0259t ed\u0259n \u015f\u0259xs t\u0259sdiq edir ki, bu m\u00fcqavil\u0259nin b\u00fct\u00fcn \u015f\u0259rtl\u0259ril\u0259 tan\u0131\u015f olmu\u015f, h\u0259val\u0259 etdiyi i\u015fin h\u00fcquqi prespektivi, bu tap\u015f\u0131r\u0131\u011f\u0131n icra edilm\u0259sinin onun \u00fc\u00e7\u00fcn do\u011fura bil\u0259c\u0259yi ehtimal edil\u0259n b\u00fct\u00fcn riskl\u0259r \u015firk\u0259t t\u0259r\u0259find\u0259n ona izah edilmi\u015f, \u00a0i\u015fin u\u011furlu n\u0259tic\u0259sin\u0259 dair ona v\u0259d verilm\u0259mi\u015f v\u0259 bundan sonra t\u0259r\u0259fl\u0259r qar\u015f\u0131l\u0131ql\u0131 sur\u0259td\u0259 raz\u0131l\u0131\u011fa g\u0259l\u0259r\u0259k bu m\u00fcqavil\u0259ni ba\u011flam\u0131\u015flar.<\/p>\n<p>7.5.T\u0259r\u0259fl\u0259r m\u00fcqavil\u0259 \u015f\u0259rtl\u0259rinin onlara tam ayd\u0131n oldu\u011funu v\u0259 h\u0259min \u015f\u0259rtl\u0259rin onlar\u0131n h\u0259qiqi irad\u0259sini ifad\u0259 etdiyini \u00f6z imzalar\u0131 il\u0259 t\u0259sdiq edirl\u0259r.<\/p>\n<p>Sifari\u015fci :\u00a0\u00a0\u00a0\u00a0\u00a0\u00a0\u00a0\u00a0 ______________________________________________________\u00a0\u00a0\u00a0\u00a0\u00a0\u00a0\u00a0\u00a0\u00a0\u00a0\u00a0\u00a0\u00a0\u00a0\u00a0\u00a0\u00a0\u00a0\u00a0\u00a0 \u00a0\u00a0\u00a0\u00a0\u00a0\u00a0\u00a0\u00a0\u00a0\u00a0\u00a0\u00a0\u00a0\u00a0\u00a0\u00a0\u00a0\u00a0\u00a0\u00a0\u00a0\u00a0\u00a0\u00a0\u00a0\u00a0\u00a0\u00a0\u00a0\u00a0\u00a0\u00a0\u00a0\u00a0\u00a0\u00a0\u00a0(imza)\u00a0\u00a0 ( ad\u0131 soyad\u0131)<\/p>\n<p>&nbsp;<\/p>\n<p>\u201d Prosecutors-Qay\u011f\u0131 \u201c H\u00fcquq v\u0259 T\u0259hsil konsaltinq \u015firk\u0259ti MMC-nin<\/p>\n<p>direktoru<\/p><\/blockquote>\n<p>[\/vc_column_text][\/vc_column][\/vc_row]<\/p>\n","protected":false},"excerpt":{"rendered":"<p>[vc_row][vc_column][vc_column_text] \u00a0\u00a0\u00a0\u00a0\u00a0\u00a0\u00a0\u00a0\u00a0\u00a0\u00a0\u00a0\u00a0\u00a0 H\u00dcQUQ\u0130 YARDIMIN G\u00d6ST\u018fR\u0130LM\u018fS\u0130 HAQQINDA. &nbsp; 1.M\u00dcQAV\u0130L\u018fN\u0130N PREDMET\u0130 1.1 Bu m\u00fcqavil\u0259y\u0259 g\u00f6r\u0259 \u015firk\u0259t ona h\u0259val\u0259 edil\u0259n tap\u015f\u0131r\u0131q \u0259sas\u0131nda h\u00fcquqi yard\u0131m g\u00f6st\u0259rm\u0259yi, m\u00fcraci\u0259t ed\u0259n \u015f\u0259xs is\u0259 h\u00fcquqi yard\u0131ma g\u00f6r\u0259 haqq \u00f6d\u0259m\u0259yi \u00f6hd\u0259sin\u0259 g\u00f6t\u00fcr\u00fcr. 1.2.\u015eirk\u0259t\u0259 h\u0259val\u0259 edil\u0259n tap\u015f\u0131r\u0131\u011f\u0131n q\u0131sa \u00a0mahiyy\u0259ti: 1.3 Az\u0259rbaycan Respublikas\u0131 Qanunlar\u0131na v\u0259 dig\u0259r qanunvericilik aktlar\u0131na zidd olmayan ba\u015fqa \u015f\u0259rtl\u0259r\u0259 dair raz\u0131la\u015fmalar bu M\u00fcqavil\u0259nin [&hellip;]<\/p>\n","protected":false},"author":1,"featured_media":0,"parent":0,"menu_order":0,"comment_status":"closed","ping_status":"closed","template":"","meta":{"footnotes":""},"class_list":["post-2868","page","type-page","status-publish","hentry"],"_links":{"self":[{"href":"https:\/\/prt.az\/index.php?rest_route=\/wp\/v2\/pages\/2868","targetHints":{"allow":["GET"]}}],"collection":[{"href":"https:\/\/prt.az\/index.php?rest_route=\/wp\/v2\/pages"}],"about":[{"href":"https:\/\/prt.az\/index.php?rest_route=\/wp\/v2\/types\/page"}],"author":[{"embeddable":true,"href":"https:\/\/prt.az\/index.php?rest_route=\/wp\/v2\/users\/1"}],"replies":[{"embeddable":true,"href":"https:\/\/prt.az\/index.php?rest_route=%2Fwp%2Fv2%2Fcomments&post=2868"}],"version-history":[{"count":1,"href":"https:\/\/prt.az\/index.php?rest_route=\/wp\/v2\/pages\/2868\/revisions"}],"predecessor-version":[{"id":2869,"href":"https:\/\/prt.az\/index.php?rest_route=\/wp\/v2\/pages\/2868\/revisions\/2869"}],"wp:attachment":[{"href":"https:\/\/prt.az\/index.php?rest_route=%2Fwp%2Fv2%2Fmedia&parent=2868"}],"curies":[{"name":"wp","href":"https:\/\/api.w.org\/{rel}","templated":true}]}}