{"id":2918,"date":"2022-06-29T08:47:07","date_gmt":"2022-06-29T08:47:07","guid":{"rendered":"https:\/\/prt.az\/?page_id=2918"},"modified":"2022-06-29T08:48:29","modified_gmt":"2022-06-29T08:48:29","slug":"sample-page-6-2","status":"publish","type":"page","link":"https:\/\/prt.az\/?page_id=2918","title":{"rendered":"G\u00fcld\u00fcr\u0259r\u0259k"},"content":{"rendered":"<p>[vc_row][vc_column][vc_column_text]<\/p>\n<ul>\n<li>\n<h3>\u00a0Y\u00fcz \u00f6l\u00e7, bir bi\u00e7 !<\/h3>\n<\/li>\n<\/ul>\n<p>[\/vc_column_text][\/vc_column][\/vc_row]<\/p>\n","protected":false},"excerpt":{"rendered":"<p>[vc_row][vc_column][vc_column_text] \u00a0Y\u00fcz \u00f6l\u00e7, bir bi\u00e7 ! [\/vc_column_text][\/vc_column][\/vc_row]<\/p>\n","protected":false},"author":1,"featured_media":0,"parent":0,"menu_order":0,"comment_status":"closed","ping_status":"closed","template":"","meta":{"footnotes":""},"class_list":["post-2918","page","type-page","status-publish","hentry"],"_links":{"self":[{"href":"https:\/\/prt.az\/index.php?rest_route=\/wp\/v2\/pages\/2918","targetHints":{"allow":["GET"]}}],"collection":[{"href":"https:\/\/prt.az\/index.php?rest_route=\/wp\/v2\/pages"}],"about":[{"href":"https:\/\/prt.az\/index.php?rest_route=\/wp\/v2\/types\/page"}],"author":[{"embeddable":true,"href":"https:\/\/prt.az\/index.php?rest_route=\/wp\/v2\/users\/1"}],"replies":[{"embeddable":true,"href":"https:\/\/prt.az\/index.php?rest_route=%2Fwp%2Fv2%2Fcomments&post=2918"}],"version-history":[{"count":2,"href":"https:\/\/prt.az\/index.php?rest_route=\/wp\/v2\/pages\/2918\/revisions"}],"predecessor-version":[{"id":2921,"href":"https:\/\/prt.az\/index.php?rest_route=\/wp\/v2\/pages\/2918\/revisions\/2921"}],"wp:attachment":[{"href":"https:\/\/prt.az\/index.php?rest_route=%2Fwp%2Fv2%2Fmedia&parent=2918"}],"curies":[{"name":"wp","href":"https:\/\/api.w.org\/{rel}","templated":true}]}}