{"id":2922,"date":"2022-06-29T08:51:01","date_gmt":"2022-06-29T08:51:01","guid":{"rendered":"https:\/\/prt.az\/?page_id=2922"},"modified":"2022-06-29T09:03:07","modified_gmt":"2022-06-29T09:03:07","slug":"sample-page-6-2-2","status":"publish","type":"page","link":"https:\/\/prt.az\/?page_id=2922","title":{"rendered":"Dost"},"content":{"rendered":"<p>[vc_row][vc_column][vc_column_text]<\/p>\n<h3><strong>Az\u0259rbaycan\u0131n Xalq r\u0259ssam\u0131 \u018f\u015fr\u0259f Heyb\u0259t.<\/strong><\/h3>\n<div style=\"width: 640px;\" class=\"wp-video\"><video class=\"wp-video-shortcode\" id=\"video-2922-1\" width=\"640\" height=\"480\" preload=\"metadata\" controls=\"controls\"><source type=\"video\/mp4\" src=\"https:\/\/prt.az\/wp-content\/uploads\/2022\/06\/WhatsApp-Video-2022-06-06-at-18.53.36-2.mp4?_=1\" \/><a href=\"https:\/\/prt.az\/wp-content\/uploads\/2022\/06\/WhatsApp-Video-2022-06-06-at-18.53.36-2.mp4\">https:\/\/prt.az\/wp-content\/uploads\/2022\/06\/WhatsApp-Video-2022-06-06-at-18.53.36-2.mp4<\/a><\/video><\/div>\n<h3><strong>Az\u0259rbaycan\u0131n el \u015fairi S\u00fcleyman \u018flisa<\/strong><\/h3>\n<div style=\"width: 640px;\" class=\"wp-video\"><video class=\"wp-video-shortcode\" id=\"video-2922-2\" width=\"640\" height=\"304\" preload=\"metadata\" controls=\"controls\"><source type=\"video\/mp4\" src=\"https:\/\/prt.az\/wp-content\/uploads\/2022\/06\/WhatsApp-Video-2022-06-14-at-17.09.38-1.mp4?_=2\" \/><a href=\"https:\/\/prt.az\/wp-content\/uploads\/2022\/06\/WhatsApp-Video-2022-06-14-at-17.09.38-1.mp4\">https:\/\/prt.az\/wp-content\/uploads\/2022\/06\/WhatsApp-Video-2022-06-14-at-17.09.38-1.mp4<\/a><\/video><\/div>\n<p>[\/vc_column_text][\/vc_column][\/vc_row]<\/p>\n","protected":false},"excerpt":{"rendered":"<p>[vc_row][vc_column][vc_column_text] Az\u0259rbaycan\u0131n Xalq r\u0259ssam\u0131 \u018f\u015fr\u0259f Heyb\u0259t. Az\u0259rbaycan\u0131n el \u015fairi S\u00fcleyman \u018flisa [\/vc_column_text][\/vc_column][\/vc_row]<\/p>\n","protected":false},"author":1,"featured_media":0,"parent":0,"menu_order":0,"comment_status":"closed","ping_status":"closed","template":"","meta":{"footnotes":""},"class_list":["post-2922","page","type-page","status-publish","hentry"],"_links":{"self":[{"href":"https:\/\/prt.az\/index.php?rest_route=\/wp\/v2\/pages\/2922","targetHints":{"allow":["GET"]}}],"collection":[{"href":"https:\/\/prt.az\/index.php?rest_route=\/wp\/v2\/pages"}],"about":[{"href":"https:\/\/prt.az\/index.php?rest_route=\/wp\/v2\/types\/page"}],"author":[{"embeddable":true,"href":"https:\/\/prt.az\/index.php?rest_route=\/wp\/v2\/users\/1"}],"replies":[{"embeddable":true,"href":"https:\/\/prt.az\/index.php?rest_route=%2Fwp%2Fv2%2Fcomments&post=2922"}],"version-history":[{"count":4,"href":"https:\/\/prt.az\/index.php?rest_route=\/wp\/v2\/pages\/2922\/revisions"}],"predecessor-version":[{"id":2931,"href":"https:\/\/prt.az\/index.php?rest_route=\/wp\/v2\/pages\/2922\/revisions\/2931"}],"wp:attachment":[{"href":"https:\/\/prt.az\/index.php?rest_route=%2Fwp%2Fv2%2Fmedia&parent=2922"}],"curies":[{"name":"wp","href":"https:\/\/api.w.org\/{rel}","templated":true}]}}