{"id":2948,"date":"2022-07-04T11:52:22","date_gmt":"2022-07-04T11:52:22","guid":{"rendered":"https:\/\/prt.az\/?page_id=2948"},"modified":"2022-07-04T12:06:41","modified_gmt":"2022-07-04T12:06:41","slug":"team-details-2-2-3-3-3-4","status":"publish","type":"page","link":"https:\/\/prt.az\/?page_id=2948","title":{"rendered":"Djin\u00e7aradze \u0130osif Vladimirovi\u00e7"},"content":{"rendered":"<p>[vc_row][vc_column css=&#8221;.vc_custom_1551761156478{padding-top: 85px !important;padding-bottom: 70px !important;}&#8221;][vc_row_inner][vc_column_inner width=&#8221;1\/4&#8243;][\/vc_column_inner][vc_column_inner width=&#8221;1\/2&#8243; ct_column_inner_class=&#8221;rm-padding-lg&#8221; css=&#8221;.vc_custom_1551760226751{padding-top: 0px !important;padding-right: 45px !important;padding-bottom: 0px !important;padding-left: 45px !important;}&#8221;][ct_heading text=&#8221;<cite>Djin\u00e7aradze \u0130osif Vladimirovi\u00e7<\/cite>&#8221; align_lg=&#8221;align-center&#8221; align_md=&#8221;align-center-md&#8221; align_sm=&#8221;align-center-sm&#8221; align_xs=&#8221;align-center-xs&#8221; font_size_sm=&#8221;24&#8243; font_size_xs=&#8221;24&#8243; font_weight=&#8221;&#8221; show_gap=&#8221;show&#8221; subtitle=&#8221;Team&#8221; description_font_weight=&#8221;inherit&#8221; margin_bottom=&#8221;0&#8243;][\/vc_column_inner][vc_column_inner width=&#8221;1\/4&#8243;][\/vc_column_inner][\/vc_row_inner][\/vc_column][\/vc_row][vc_row css=&#8221;.vc_custom_1551761082453{padding-bottom: 117px !important;}&#8221;][vc_column width=&#8221;1\/3&#8243; offset=&#8221;vc_col-lg-3 vc_col-md-3&#8243;][ct_team_member image=&#8221;2949&#8243; social=&#8221;%5B%7B%7D%5D&#8221; el_class=&#8221;single-team&#8221; title=&#8221;Djin\u00e7aradze \u0130osif Vladimirovi\u00e7&#8221;][\/vc_column][vc_column width=&#8221;2\/3&#8243; offset=&#8221;vc_col-lg-9 vc_col-md-9&#8243;][vc_column_text css=&#8221;.vc_custom_1656932791367{margin-top: -8px !important;margin-bottom: 48px !important;}&#8221;]<\/p>\n<ul>\n<li id=\"tw-target-text\" class=\"tw-data-text tw-text-large tw-ta\" dir=\"ltr\" data-placeholder=\"T\u0259rc\u00fcm\u0259\">\n<h5><span class=\"Y2IQFc\" lang=\"az\"><strong>1993-2003<\/strong>-c\u00fc ill\u0259rd\u0259 G\u00fcrc\u00fcstan\u0131n Maliyy\u0259 Nazirliyind\u0259 \u00c7. Vergi v\u0259 g\u00f6mr\u00fck siyas\u0259ti \u015f\u00f6b\u0259sinin m\u00fcdirin\u0259 m\u00fct\u0259x\u0259ssis.<\/span><\/h5>\n<\/li>\n<li dir=\"ltr\" data-placeholder=\"T\u0259rc\u00fcm\u0259\">\n<h5><strong>2005-2008<\/strong>-ci ill\u0259rd\u0259 G\u00fcrc\u00fcstan maliyy\u0259 polisinin maliyy\u0259 eksperti.<\/h5>\n<\/li>\n<li dir=\"ltr\" data-placeholder=\"T\u0259rc\u00fcm\u0259\">\n<h5><strong>2008-2011<\/strong>-ci ill\u0259rd\u0259 \u0130qtisadi h\u00fcquq pozuntular\u0131na qar\u015f\u0131 m\u00fcbariz\u0259 \u015f\u00f6b\u0259sinin m\u00fcdiri.<\/h5>\n<\/li>\n<li dir=\"ltr\" data-placeholder=\"T\u0259rc\u00fcm\u0259\">\n<h5><strong>2013<\/strong>-c\u00fc ild\u0259n universal konsaltinq konsaltinq \u015firk\u0259tinin t\u0259sis\u00e7isi v\u0259 direktorudur.<\/h5>\n<\/li>\n<\/ul>\n<p>[\/vc_column_text][vc_row_inner content_placement=&#8221;middle&#8221;][vc_column_inner width=&#8221;2\/3&#8243;][\/vc_column_inner][vc_column_inner el_class=&#8221;text-left-sm text-right&#8221; width=&#8221;1\/3&#8243;][\/vc_column_inner][\/vc_row_inner][\/vc_column][\/vc_row]<\/p>\n","protected":false},"excerpt":{"rendered":"<p>[vc_row][vc_column css=&#8221;.vc_custom_1551761156478{padding-top: 85px !important;padding-bottom: 70px !important;}&#8221;][vc_row_inner][vc_column_inner width=&#8221;1\/4&#8243;][\/vc_column_inner][vc_column_inner width=&#8221;1\/2&#8243; ct_column_inner_class=&#8221;rm-padding-lg&#8221; css=&#8221;.vc_custom_1551760226751{padding-top: 0px !important;padding-right: 45px !important;padding-bottom: 0px !important;padding-left: 45px !important;}&#8221;][ct_heading text=&#8221;Djin\u00e7aradze \u0130osif Vladimirovi\u00e7&#8221; align_lg=&#8221;align-center&#8221; align_md=&#8221;align-center-md&#8221; align_sm=&#8221;align-center-sm&#8221; align_xs=&#8221;align-center-xs&#8221; font_size_sm=&#8221;24&#8243; font_size_xs=&#8221;24&#8243; font_weight=&#8221;&#8221; show_gap=&#8221;show&#8221; subtitle=&#8221;Team&#8221; description_font_weight=&#8221;inherit&#8221; margin_bottom=&#8221;0&#8243;][\/vc_column_inner][vc_column_inner width=&#8221;1\/4&#8243;][\/vc_column_inner][\/vc_row_inner][\/vc_column][\/vc_row][vc_row css=&#8221;.vc_custom_1551761082453{padding-bottom: 117px !important;}&#8221;][vc_column width=&#8221;1\/3&#8243; offset=&#8221;vc_col-lg-3 vc_col-md-3&#8243;][ct_team_member image=&#8221;2949&#8243; social=&#8221;%5B%7B%7D%5D&#8221; el_class=&#8221;single-team&#8221; title=&#8221;Djin\u00e7aradze \u0130osif Vladimirovi\u00e7&#8221;][\/vc_column][vc_column width=&#8221;2\/3&#8243; offset=&#8221;vc_col-lg-9 vc_col-md-9&#8243;][vc_column_text css=&#8221;.vc_custom_1656932791367{margin-top: -8px !important;margin-bottom: 48px !important;}&#8221;] 1993-2003-c\u00fc ill\u0259rd\u0259 [&hellip;]<\/p>\n","protected":false},"author":1,"featured_media":0,"parent":0,"menu_order":0,"comment_status":"closed","ping_status":"closed","template":"","meta":{"footnotes":""},"class_list":["post-2948","page","type-page","status-publish","hentry"],"_links":{"self":[{"href":"https:\/\/prt.az\/index.php?rest_route=\/wp\/v2\/pages\/2948","targetHints":{"allow":["GET"]}}],"collection":[{"href":"https:\/\/prt.az\/index.php?rest_route=\/wp\/v2\/pages"}],"about":[{"href":"https:\/\/prt.az\/index.php?rest_route=\/wp\/v2\/types\/page"}],"author":[{"embeddable":true,"href":"https:\/\/prt.az\/index.php?rest_route=\/wp\/v2\/users\/1"}],"replies":[{"embeddable":true,"href":"https:\/\/prt.az\/index.php?rest_route=%2Fwp%2Fv2%2Fcomments&post=2948"}],"version-history":[{"count":2,"href":"https:\/\/prt.az\/index.php?rest_route=\/wp\/v2\/pages\/2948\/revisions"}],"predecessor-version":[{"id":2954,"href":"https:\/\/prt.az\/index.php?rest_route=\/wp\/v2\/pages\/2948\/revisions\/2954"}],"wp:attachment":[{"href":"https:\/\/prt.az\/index.php?rest_route=%2Fwp%2Fv2%2Fmedia&parent=2948"}],"curies":[{"name":"wp","href":"https:\/\/api.w.org\/{rel}","templated":true}]}}