{"id":2957,"date":"2022-07-14T20:01:58","date_gmt":"2022-07-14T20:01:58","guid":{"rendered":"https:\/\/prt.az\/?page_id=2957"},"modified":"2022-07-14T20:26:45","modified_gmt":"2022-07-14T20:26:45","slug":"team-details-3-3","status":"publish","type":"page","link":"https:\/\/prt.az\/?page_id=2957","title":{"rendered":"F\u0259rid M\u0259mm\u0259dov"},"content":{"rendered":"<p>[vc_row][vc_column css=&#8221;.vc_custom_1551761156478{padding-top: 85px !important;padding-bottom: 70px !important;}&#8221;][vc_row_inner][vc_column_inner width=&#8221;1\/4&#8243;][\/vc_column_inner][vc_column_inner width=&#8221;1\/2&#8243; ct_column_inner_class=&#8221;rm-padding-lg&#8221; css=&#8221;.vc_custom_1551760226751{padding-top: 0px !important;padding-right: 45px !important;padding-bottom: 0px !important;padding-left: 45px !important;}&#8221;][ct_heading text=&#8221;<cite>F\u0259rid M\u0259mm\u0259dov<\/cite>&#8221; align_lg=&#8221;align-center&#8221; align_md=&#8221;align-center-md&#8221; align_sm=&#8221;align-center-sm&#8221; align_xs=&#8221;align-center-xs&#8221; font_size_sm=&#8221;24&#8243; font_size_xs=&#8221;24&#8243; font_weight=&#8221;&#8221; show_gap=&#8221;show&#8221; subtitle=&#8221;Team&#8221; description_font_weight=&#8221;inherit&#8221; margin_bottom=&#8221;0&#8243;][\/vc_column_inner][vc_column_inner width=&#8221;1\/4&#8243;][\/vc_column_inner][\/vc_row_inner][\/vc_column][\/vc_row][vc_row css=&#8221;.vc_custom_1551761082453{padding-bottom: 117px !important;}&#8221;][vc_column width=&#8221;1\/3&#8243; offset=&#8221;vc_col-lg-3 vc_col-md-3&#8243;][ct_team_member image=&#8221;2958&#8243; social=&#8221;%5B%7B%7D%5D&#8221; el_class=&#8221;single-team&#8221;][\/vc_column][vc_column width=&#8221;2\/3&#8243; offset=&#8221;vc_col-lg-9 vc_col-md-9&#8243;][vc_column_text css=&#8221;.vc_custom_1657830397541{margin-top: -8px !important;margin-bottom: 48px !important;}&#8221;]F\u0259rid F. M\u0259mm\u0259dov, B. Admin, t.\u00fc.f.d., LL.B<br \/>\nV\u0259kill\u0259r, V\u0259kil v\u0259 Notarius<br \/>\nOntario \u0259yal\u0259ti, Kanada<\/p>\n<p>M\u00fc\u015ft\u0259ril\u0259r\u0259 a\u015fa\u011f\u0131dak\u0131 sah\u0259l\u0259rd\u0259 k\u00f6m\u0259klik g\u00f6st\u0259rm\u0259k v\u0259 t\u0259msil etm\u0259k:<\/p>\n<p>Kanada \u0130mmiqrasiya: Ziyar\u0259t\u00e7i, T\u0259l\u0259b\u0259 v\u0259 \u0130\u015f Vizalar\u0131, Ekspres Giri\u015f, Kvebek Bacar\u0131ql\u0131 \u0130\u015f\u00e7il\u0259r, \u018fyal\u0259t Namiz\u0259dl\u0259ri, Ail\u0259 Sponsorlu\u011fu, Daimi Ya\u015fay\u0131\u015f, V\u0259t\u0259nda\u015fl\u0131q, Qa\u00e7q\u0131nlar v\u0259 S\u0131\u011f\u0131nacaq, Apellyasiya v\u0259 M\u0259hk\u0259m\u0259 bax\u0131\u015f\u0131<\/p>\n<p>AB\u015e \u0130mmiqrasiya: Ziyar\u0259t\u00e7i Vizalar\u0131 (B1\/B2), T\u0259l\u0259b\u0259 Vizalar\u0131, \u0130\u015f Vizalar\u0131 (H4B, H1B, TN), H\u0259yat yolda\u015f\u0131 Vizalar\u0131, Ail\u0259 Sponsorlu\u011fu, V\u0259t\u0259nda\u015fl\u0131q<\/p>\n<p>T\u018fHS\u0130L V\u018f T\u018fL\u0130MLER<br \/>\nEDU<br \/>\nAkademik fon<\/p>\n<p>T\u0259chizat \u0130dar\u0259etm\u0259 Sertifikatl\u0131 Pe\u015f\u0259kar, CPSM 2016<br \/>\nArticling, Quebec Bar 2013<br \/>\nH\u00fcquq\u015f\u00fcnaslar \u00fc\u00e7\u00fcn pe\u015f\u0259kar t\u0259lim. Kvebek Bar M\u0259kt\u0259bi 2012<br \/>\nH\u00fcquq \u00fczr\u0259 bakalavr (LL.B.). Montreal Universiteti 2011<br \/>\nSat\u0131nalma v\u0259 \u0130nventar N\u0259zar\u0259t Sertifikat\u0131. Konkordiya Universiteti, Monreal 2007<br \/>\n\u0130qtisadiyyat \u00fczr\u0259 f\u0259ls\u0259f\u0259 doktoru (Ph.D.) 2003-c\u00fc il<br \/>\nAz\u0259rbaycan Milli Elml\u0259r Akademiyas\u0131<br \/>\nD\u00f6vl\u0259t idar\u0259\u00e7iliyi magistri 1997<br \/>\nAz\u0259rbaycan Respublikas\u0131n\u0131n Prezidenti yan\u0131nda \u0130dar\u0259etm\u0259 Akademiyas\u0131<\/p>\n<p>Pe\u015f\u0259kar v\u0259 davaml\u0131 t\u0259liml\u0259r:<br \/>\nDan\u0131\u015f\u0131qlar Bacar\u0131qlar\u0131, \u0130dar\u0259etm\u0259 Bacar\u0131qlar\u0131n\u0131n \u0130nki\u015faf\u0131 Proqram\u0131, Strateji D\u00fc\u015f\u00fcnc\u0259, Qabaqc\u0131l Layih\u0259 \u0130dar\u0259etm\u0259, Zaman\u0131n \u0130dar\u0259 Edilm\u0259si, T\u0259qdimat Bacar\u0131qlar\u0131, \u0130ctimaiyy\u0259tl\u0259 \u018flaq\u0259l\u0259r, Keyfiyy\u0259t Konsepsiyalar\u0131, \u018fsas Hesablar\u0131n \u0130dar\u0259 Edilm\u0259si v\u0259 \u0130nki\u015faf\u0131, Kvebek Bar Korporasiyas\u0131, Ontario v\u0259 Amerika H\u00fcquq C\u0259miyy\u0259ti t\u0259r\u0259find\u0259n tan\u0131nan davam ed\u0259n h\u00fcquqi t\u0259liml\u0259r v\u0259 konfranslar V\u0259kill\u0259r Kollegiyas\u0131; Kanada T\u0259chizat Z\u0259ncirinin \u0130dar\u0259 Edilm\u0259si Assosiasiyas\u0131 v\u0259 T\u0259chizat \u0130dar\u0259etm\u0259 \u0130nstitutu t\u0259r\u0259find\u0259n t\u0259klif olunan davam ed\u0259n sat\u0131nalma \/ t\u0259chizat z\u0259ncirinin idar\u0259 edilm\u0259si t\u0259liml\u0259ri v\u0259 konfranslar\u0131.<\/p>\n<p>\u00dcZVL\u00dcK<br \/>\nOntario H\u00fcquq C\u0259miyy\u0259tinin \u00fczv\u00fc, H\u00fcquq\u015f\u00fcnas v\u0259 V\u0259kil, Notarius<br \/>\nQuebec Bar Corporation v\u0259 Montreal Bar Corporation \u00fczv\u00fc, H\u00fcquq \u00fczr\u0259 V\u0259kil<br \/>\nT\u0259chizat \u0130dar\u0259etm\u0259 \u0130nstitutunun \u00fczv\u00fc (AB\u015e v\u0259 Kanada)<br \/>\nISM CPSM Sertifikatla\u015fd\u0131rma Komit\u0259sinin \u00fczv\u00fc \/ k\u00f6n\u00fcll\u00fcs\u00fc[\/vc_column_text][vc_row_inner content_placement=&#8221;middle&#8221;][vc_column_inner width=&#8221;2\/3&#8243;][\/vc_column_inner][vc_column_inner el_class=&#8221;text-left-sm text-right&#8221; width=&#8221;1\/3&#8243;][\/vc_column_inner][\/vc_row_inner][\/vc_column][\/vc_row]<\/p>\n","protected":false},"excerpt":{"rendered":"<p>[vc_row][vc_column css=&#8221;.vc_custom_1551761156478{padding-top: 85px !important;padding-bottom: 70px !important;}&#8221;][vc_row_inner][vc_column_inner width=&#8221;1\/4&#8243;][\/vc_column_inner][vc_column_inner width=&#8221;1\/2&#8243; ct_column_inner_class=&#8221;rm-padding-lg&#8221; css=&#8221;.vc_custom_1551760226751{padding-top: 0px !important;padding-right: 45px !important;padding-bottom: 0px !important;padding-left: 45px !important;}&#8221;][ct_heading text=&#8221;F\u0259rid M\u0259mm\u0259dov&#8221; align_lg=&#8221;align-center&#8221; align_md=&#8221;align-center-md&#8221; align_sm=&#8221;align-center-sm&#8221; align_xs=&#8221;align-center-xs&#8221; font_size_sm=&#8221;24&#8243; font_size_xs=&#8221;24&#8243; font_weight=&#8221;&#8221; show_gap=&#8221;show&#8221; subtitle=&#8221;Team&#8221; description_font_weight=&#8221;inherit&#8221; margin_bottom=&#8221;0&#8243;][\/vc_column_inner][vc_column_inner width=&#8221;1\/4&#8243;][\/vc_column_inner][\/vc_row_inner][\/vc_column][\/vc_row][vc_row css=&#8221;.vc_custom_1551761082453{padding-bottom: 117px !important;}&#8221;][vc_column width=&#8221;1\/3&#8243; offset=&#8221;vc_col-lg-3 vc_col-md-3&#8243;][ct_team_member image=&#8221;2958&#8243; social=&#8221;%5B%7B%7D%5D&#8221; el_class=&#8221;single-team&#8221;][\/vc_column][vc_column width=&#8221;2\/3&#8243; offset=&#8221;vc_col-lg-9 vc_col-md-9&#8243;][vc_column_text css=&#8221;.vc_custom_1657830397541{margin-top: -8px !important;margin-bottom: 48px !important;}&#8221;]F\u0259rid F. M\u0259mm\u0259dov, B. Admin, t.\u00fc.f.d., LL.B [&hellip;]<\/p>\n","protected":false},"author":1,"featured_media":0,"parent":0,"menu_order":0,"comment_status":"closed","ping_status":"closed","template":"","meta":{"footnotes":""},"class_list":["post-2957","page","type-page","status-publish","hentry"],"_links":{"self":[{"href":"https:\/\/prt.az\/index.php?rest_route=\/wp\/v2\/pages\/2957","targetHints":{"allow":["GET"]}}],"collection":[{"href":"https:\/\/prt.az\/index.php?rest_route=\/wp\/v2\/pages"}],"about":[{"href":"https:\/\/prt.az\/index.php?rest_route=\/wp\/v2\/types\/page"}],"author":[{"embeddable":true,"href":"https:\/\/prt.az\/index.php?rest_route=\/wp\/v2\/users\/1"}],"replies":[{"embeddable":true,"href":"https:\/\/prt.az\/index.php?rest_route=%2Fwp%2Fv2%2Fcomments&post=2957"}],"version-history":[{"count":8,"href":"https:\/\/prt.az\/index.php?rest_route=\/wp\/v2\/pages\/2957\/revisions"}],"predecessor-version":[{"id":2967,"href":"https:\/\/prt.az\/index.php?rest_route=\/wp\/v2\/pages\/2957\/revisions\/2967"}],"wp:attachment":[{"href":"https:\/\/prt.az\/index.php?rest_route=%2Fwp%2Fv2%2Fmedia&parent=2957"}],"curies":[{"name":"wp","href":"https:\/\/api.w.org\/{rel}","templated":true}]}}