{"id":2978,"date":"2022-10-15T12:36:33","date_gmt":"2022-10-15T12:36:33","guid":{"rendered":"https:\/\/prt.az\/?page_id=2978"},"modified":"2022-10-15T13:06:25","modified_gmt":"2022-10-15T13:06:25","slug":"team-details-2-2-3-3-3-3-2","status":"publish","type":"page","link":"https:\/\/prt.az\/?page_id=2978","title":{"rendered":"A\u011eAYEV R\u00d6V\u015e\u018fN H\u018fS\u018fN O\u011eLU"},"content":{"rendered":"<p>[vc_row][vc_column css=&#8221;.vc_custom_1551761156478{padding-top: 85px !important;padding-bottom: 70px !important;}&#8221;][vc_row_inner][vc_column_inner width=&#8221;1\/4&#8243;][\/vc_column_inner][vc_column_inner width=&#8221;1\/2&#8243; ct_column_inner_class=&#8221;rm-padding-lg&#8221; css=&#8221;.vc_custom_1551760226751{padding-top: 0px !important;padding-right: 45px !important;padding-bottom: 0px !important;padding-left: 45px !important;}&#8221;][ct_heading text=&#8221;A\u011eAYEV R\u00d6V\u015e\u018fN H\u018fS\u018fN O\u011eLU&#8221; align_lg=&#8221;align-center&#8221; align_md=&#8221;align-center-md&#8221; align_sm=&#8221;align-center-sm&#8221; align_xs=&#8221;align-center-xs&#8221; font_size_sm=&#8221;24&#8243; font_size_xs=&#8221;24&#8243; font_weight=&#8221;&#8221; show_gap=&#8221;show&#8221; subtitle=&#8221;Team&#8221; description_font_weight=&#8221;inherit&#8221; margin_bottom=&#8221;0&#8243;][\/vc_column_inner][vc_column_inner width=&#8221;1\/4&#8243;][\/vc_column_inner][\/vc_row_inner][\/vc_column][\/vc_row][vc_row css=&#8221;.vc_custom_1551761082453{padding-bottom: 117px !important;}&#8221;][vc_column width=&#8221;1\/3&#8243; offset=&#8221;vc_col-lg-3 vc_col-md-3&#8243;][ct_team_member image=&#8221;2976&#8243;][\/vc_column][vc_column width=&#8221;2\/3&#8243; offset=&#8221;vc_col-lg-9 vc_col-md-9&#8243;][vc_column_text css=&#8221;.vc_custom_1665835587211{margin-top: -8px !important;margin-bottom: 48px !important;}&#8221;]<\/p>\n<ul>\n<li>Beyn\u0259lxalq h\u00fcquqda t\u0259cr\u00fcb\u0259si olan prokuror, Beyn\u0259lxalq Prokurorlar assosiyas\u0131n\u0131n \u00fczv\u00fc<\/li>\n<\/ul>\n<p>[\/vc_column_text][vc_row_inner content_placement=&#8221;middle&#8221;][vc_column_inner width=&#8221;2\/3&#8243;][\/vc_column_inner][vc_column_inner el_class=&#8221;text-left-sm text-right&#8221; width=&#8221;1\/3&#8243;][\/vc_column_inner][\/vc_row_inner][\/vc_column][\/vc_row]<\/p>\n","protected":false},"excerpt":{"rendered":"<p>[vc_row][vc_column css=&#8221;.vc_custom_1551761156478{padding-top: 85px !important;padding-bottom: 70px !important;}&#8221;][vc_row_inner][vc_column_inner width=&#8221;1\/4&#8243;][\/vc_column_inner][vc_column_inner width=&#8221;1\/2&#8243; ct_column_inner_class=&#8221;rm-padding-lg&#8221; css=&#8221;.vc_custom_1551760226751{padding-top: 0px !important;padding-right: 45px !important;padding-bottom: 0px !important;padding-left: 45px !important;}&#8221;][ct_heading text=&#8221;A\u011eAYEV R\u00d6V\u015e\u018fN H\u018fS\u018fN O\u011eLU&#8221; align_lg=&#8221;align-center&#8221; align_md=&#8221;align-center-md&#8221; align_sm=&#8221;align-center-sm&#8221; align_xs=&#8221;align-center-xs&#8221; font_size_sm=&#8221;24&#8243; font_size_xs=&#8221;24&#8243; font_weight=&#8221;&#8221; show_gap=&#8221;show&#8221; subtitle=&#8221;Team&#8221; description_font_weight=&#8221;inherit&#8221; margin_bottom=&#8221;0&#8243;][\/vc_column_inner][vc_column_inner width=&#8221;1\/4&#8243;][\/vc_column_inner][\/vc_row_inner][\/vc_column][\/vc_row][vc_row css=&#8221;.vc_custom_1551761082453{padding-bottom: 117px !important;}&#8221;][vc_column width=&#8221;1\/3&#8243; offset=&#8221;vc_col-lg-3 vc_col-md-3&#8243;][ct_team_member image=&#8221;2976&#8243;][\/vc_column][vc_column width=&#8221;2\/3&#8243; offset=&#8221;vc_col-lg-9 vc_col-md-9&#8243;][vc_column_text css=&#8221;.vc_custom_1665835587211{margin-top: -8px !important;margin-bottom: 48px !important;}&#8221;] Beyn\u0259lxalq h\u00fcquqda t\u0259cr\u00fcb\u0259si olan prokuror, Beyn\u0259lxalq [&hellip;]<\/p>\n","protected":false},"author":1,"featured_media":0,"parent":0,"menu_order":0,"comment_status":"closed","ping_status":"closed","template":"","meta":{"footnotes":""},"class_list":["post-2978","page","type-page","status-publish","hentry"],"_links":{"self":[{"href":"https:\/\/prt.az\/index.php?rest_route=\/wp\/v2\/pages\/2978","targetHints":{"allow":["GET"]}}],"collection":[{"href":"https:\/\/prt.az\/index.php?rest_route=\/wp\/v2\/pages"}],"about":[{"href":"https:\/\/prt.az\/index.php?rest_route=\/wp\/v2\/types\/page"}],"author":[{"embeddable":true,"href":"https:\/\/prt.az\/index.php?rest_route=\/wp\/v2\/users\/1"}],"replies":[{"embeddable":true,"href":"https:\/\/prt.az\/index.php?rest_route=%2Fwp%2Fv2%2Fcomments&post=2978"}],"version-history":[{"count":6,"href":"https:\/\/prt.az\/index.php?rest_route=\/wp\/v2\/pages\/2978\/revisions"}],"predecessor-version":[{"id":2987,"href":"https:\/\/prt.az\/index.php?rest_route=\/wp\/v2\/pages\/2978\/revisions\/2987"}],"wp:attachment":[{"href":"https:\/\/prt.az\/index.php?rest_route=%2Fwp%2Fv2%2Fmedia&parent=2978"}],"curies":[{"name":"wp","href":"https:\/\/api.w.org\/{rel}","templated":true}]}}