{"id":2990,"date":"2022-10-15T13:10:55","date_gmt":"2022-10-15T13:10:55","guid":{"rendered":"https:\/\/prt.az\/?page_id=2990"},"modified":"2022-10-15T13:18:49","modified_gmt":"2022-10-15T13:18:49","slug":"team-details-2-2-3-3-3-3-2-2","status":"publish","type":"page","link":"https:\/\/prt.az\/?page_id=2990","title":{"rendered":"\u0130SMAYILOVA MAR\u0130NA"},"content":{"rendered":"<p>[vc_row][vc_column css=&#8221;.vc_custom_1551761156478{padding-top: 85px !important;padding-bottom: 70px !important;}&#8221;][vc_row_inner][vc_column_inner width=&#8221;1\/4&#8243;][\/vc_column_inner][vc_column_inner width=&#8221;1\/2&#8243; ct_column_inner_class=&#8221;rm-padding-lg&#8221; css=&#8221;.vc_custom_1551760226751{padding-top: 0px !important;padding-right: 45px !important;padding-bottom: 0px !important;padding-left: 45px !important;}&#8221;][ct_heading text=&#8221;\u0130SMAYILOVA MAR\u0130NA&#8221; align_lg=&#8221;align-center&#8221; align_md=&#8221;align-center-md&#8221; align_sm=&#8221;align-center-sm&#8221; align_xs=&#8221;align-center-xs&#8221; font_size_sm=&#8221;24&#8243; font_size_xs=&#8221;24&#8243; font_weight=&#8221;&#8221; show_gap=&#8221;show&#8221; subtitle=&#8221;Team&#8221; description_font_weight=&#8221;inherit&#8221; margin_bottom=&#8221;0&#8243;][\/vc_column_inner][vc_column_inner width=&#8221;1\/4&#8243;][\/vc_column_inner][\/vc_row_inner][\/vc_column][\/vc_row][vc_row css=&#8221;.vc_custom_1551761082453{padding-bottom: 117px !important;}&#8221;][vc_column width=&#8221;1\/3&#8243; offset=&#8221;vc_col-lg-3 vc_col-md-3&#8243;][ct_team_member image=&#8221;2988&#8243;][\/vc_column][vc_column width=&#8221;2\/3&#8243; offset=&#8221;vc_col-lg-9 vc_col-md-9&#8243;][vc_column_text css=&#8221;.vc_custom_1665836330601{margin-top: -8px !important;margin-bottom: 48px !important;}&#8221;]<\/p>\n<ul>\n<li>\n<h4 class=\"tw-data-text tw-text-large tw-ta\" dir=\"ltr\" data-placeholder=\"T\u0259rc\u00fcm\u0259\"><strong><span class=\"Y2IQFc\" lang=\"az\">1978-ci ild\u0259n Az\u0259rbaycan Respublikas\u0131n\u0131n prokurorluq orqanlar\u0131nda xidm\u0259td\u0259dir. Az\u0259rbaycan Respublikas\u0131 prokurorunun k\u00f6m\u0259k\u00e7isi, Az\u0259rbaycan Respublikas\u0131 prokurorlu\u011funun m\u0259sl\u0259h\u0259t\u00e7isi (q\u0259bul), Bak\u0131 \u015f\u0259h\u0259r prokurorunun k\u00f6m\u0259k\u00e7isi, yetkinlik ya\u015f\u0131na \u00e7atmayanlar haqq\u0131nda qanunun icras\u0131na n\u0259zar\u0259t idar\u0259sinin prokuroru Az\u0259rbaycan Respublikas\u0131 prokurorlu\u011fu, t\u0259bli\u011fat \u015f\u00f6b\u0259sinin b\u00f6y\u00fck prokuroru, <\/span><span class=\"Y2IQFc\" lang=\"az\">prokurorlu\u011fun qanunvericiliyinin sisteml\u0259\u015fdirilm\u0259si v\u0259 t\u0259kmill\u0259\u015fdirilm\u0259si, Az\u0259rbaycan Respublikas\u0131 Prokurorlu\u011funun H\u00fcquqi t\u0259minat \u015f\u00f6b\u0259sinin Qanunvericilikl\u0259 i\u015f \u015f\u00f6b\u0259sinin b\u00f6y\u00fck prokuroru, Beyn\u0259lxalq h\u00fcquq \u015f\u00f6b\u0259sinin b\u00f6y\u00fck prokuroru, Beyn\u0259lxalq \u0259laq\u0259l\u0259r \u015f\u00f6b\u0259sinin b\u00f6y\u00fck prokuroru Az\u0259rbaycan Respublikas\u0131 Ba\u015f Prokurorlu\u011funun Beyn\u0259lxalq \u018flaq\u0259l\u0259r \u0130dar\u0259sinin Ekstradisiya v\u0259 h\u00fcquqi yard\u0131m \u015f\u00f6b\u0259sinin b\u00f6y\u00fck prokuroru.2021-ci il avqustun 12-d\u0259 \u201cProkurorluq orqanlar\u0131nda qulluq ke\u00e7m\u0259 haqq\u0131nda\u201d Az\u0259rbaycan Respublikas\u0131n\u0131n Qanununa uy\u011fun olaraq,\u00a0 tutdu\u011fu v\u0259zif\u0259d\u0259n azad edil\u0259r\u0259k prokurorluq orqanlar\u0131ndan t\u0259qa\u00fcd\u0259 g\u00f6nd\u0259rilib.<\/span><\/strong><\/h4>\n<\/li>\n<\/ul>\n<p>[\/vc_column_text][vc_row_inner content_placement=&#8221;middle&#8221;][vc_column_inner width=&#8221;2\/3&#8243;][\/vc_column_inner][vc_column_inner el_class=&#8221;text-left-sm text-right&#8221; width=&#8221;1\/3&#8243;][\/vc_column_inner][\/vc_row_inner][\/vc_column][\/vc_row]<\/p>\n","protected":false},"excerpt":{"rendered":"<p>[vc_row][vc_column css=&#8221;.vc_custom_1551761156478{padding-top: 85px !important;padding-bottom: 70px !important;}&#8221;][vc_row_inner][vc_column_inner width=&#8221;1\/4&#8243;][\/vc_column_inner][vc_column_inner width=&#8221;1\/2&#8243; ct_column_inner_class=&#8221;rm-padding-lg&#8221; css=&#8221;.vc_custom_1551760226751{padding-top: 0px !important;padding-right: 45px !important;padding-bottom: 0px !important;padding-left: 45px !important;}&#8221;][ct_heading text=&#8221;\u0130SMAYILOVA MAR\u0130NA&#8221; align_lg=&#8221;align-center&#8221; align_md=&#8221;align-center-md&#8221; align_sm=&#8221;align-center-sm&#8221; align_xs=&#8221;align-center-xs&#8221; font_size_sm=&#8221;24&#8243; font_size_xs=&#8221;24&#8243; font_weight=&#8221;&#8221; show_gap=&#8221;show&#8221; subtitle=&#8221;Team&#8221; description_font_weight=&#8221;inherit&#8221; margin_bottom=&#8221;0&#8243;][\/vc_column_inner][vc_column_inner width=&#8221;1\/4&#8243;][\/vc_column_inner][\/vc_row_inner][\/vc_column][\/vc_row][vc_row css=&#8221;.vc_custom_1551761082453{padding-bottom: 117px !important;}&#8221;][vc_column width=&#8221;1\/3&#8243; offset=&#8221;vc_col-lg-3 vc_col-md-3&#8243;][ct_team_member image=&#8221;2988&#8243;][\/vc_column][vc_column width=&#8221;2\/3&#8243; offset=&#8221;vc_col-lg-9 vc_col-md-9&#8243;][vc_column_text css=&#8221;.vc_custom_1665836330601{margin-top: -8px !important;margin-bottom: 48px !important;}&#8221;] 1978-ci ild\u0259n Az\u0259rbaycan Respublikas\u0131n\u0131n prokurorluq orqanlar\u0131nda xidm\u0259td\u0259dir. Az\u0259rbaycan [&hellip;]<\/p>\n","protected":false},"author":1,"featured_media":0,"parent":0,"menu_order":0,"comment_status":"closed","ping_status":"closed","template":"","meta":{"footnotes":""},"class_list":["post-2990","page","type-page","status-publish","hentry"],"_links":{"self":[{"href":"https:\/\/prt.az\/index.php?rest_route=\/wp\/v2\/pages\/2990","targetHints":{"allow":["GET"]}}],"collection":[{"href":"https:\/\/prt.az\/index.php?rest_route=\/wp\/v2\/pages"}],"about":[{"href":"https:\/\/prt.az\/index.php?rest_route=\/wp\/v2\/types\/page"}],"author":[{"embeddable":true,"href":"https:\/\/prt.az\/index.php?rest_route=\/wp\/v2\/users\/1"}],"replies":[{"embeddable":true,"href":"https:\/\/prt.az\/index.php?rest_route=%2Fwp%2Fv2%2Fcomments&post=2990"}],"version-history":[{"count":3,"href":"https:\/\/prt.az\/index.php?rest_route=\/wp\/v2\/pages\/2990\/revisions"}],"predecessor-version":[{"id":2994,"href":"https:\/\/prt.az\/index.php?rest_route=\/wp\/v2\/pages\/2990\/revisions\/2994"}],"wp:attachment":[{"href":"https:\/\/prt.az\/index.php?rest_route=%2Fwp%2Fv2%2Fmedia&parent=2990"}],"curies":[{"name":"wp","href":"https:\/\/api.w.org\/{rel}","templated":true}]}}