{"id":3036,"date":"2023-11-30T15:27:17","date_gmt":"2023-11-30T15:27:17","guid":{"rendered":"https:\/\/prt.az\/?page_id=3036"},"modified":"2026-03-01T21:09:06","modified_gmt":"2026-03-01T21:09:06","slug":"we-in-the-press-video","status":"publish","type":"page","link":"https:\/\/prt.az\/?page_id=3036","title":{"rendered":"M\u0259tbuatda biz (video)"},"content":{"rendered":"<p>[vc_row][vc_column css=&#8221;.vc_custom_1551500433895{padding-top: 110px !important;padding-bottom: 118px !important;}&#8221;][vc_row_inner][vc_column_inner width=&#8221;1\/4&#8243;][\/vc_column_inner][vc_column_inner width=&#8221;1\/2&#8243; ct_column_inner_class=&#8221;rm-padding-lg&#8221; css=&#8221;.vc_custom_1545964623807{padding-top: 0px !important;padding-right: 30px !important;padding-bottom: 0px !important;padding-left: 30px !important;}&#8221;][ct_heading text=&#8221;We are here to fight against any violance with <cite>experience<\/cite>&#8221; align_lg=&#8221;align-center&#8221; align_md=&#8221;align-center-md&#8221; align_sm=&#8221;align-center-sm&#8221; align_xs=&#8221;align-center-xs&#8221; font_size_sm=&#8221;24&#8243; font_size_xs=&#8221;24&#8243; font_weight=&#8221;&#8221; show_gap=&#8221;show&#8221; subtitle=&#8221;Portfolio&#8221; description_font_weight=&#8221;inherit&#8221; margin_bottom=&#8221;0&#8243;][\/vc_column_inner][vc_column_inner width=&#8221;1\/4&#8243;][\/vc_column_inner][\/vc_row_inner][vc_empty_space height=&#8221;44&#8243;][\/vc_column][\/vc_row][vc_row full_width=&#8221;stretch_row_content&#8221;][vc_column width=&#8221;1\/2&#8243;][vc_video link=&#8221;https:\/\/youtu.be\/8mk7w-hJp6A&#8221; title=&#8221;\u041a\u0440\u043e\u0432\u0430\u0432\u044b\u0439 \u044f\u043d\u0432\u0430\u0440\u044c: \u043f\u0440\u0435\u0441\u0442\u0443\u043f\u043b\u0435\u043d\u0438\u0435 \u0431\u0435\u0437 \u0441\u0440\u043e\u043a\u0430 \u0434\u0430\u0432\u043d\u043e\u0441\u0442\u0438&#8221;][\/vc_column][vc_column width=&#8221;1\/2&#8243;][vc_video link=&#8221;https:\/\/www.youtube.com\/watch?v=Qr0yD1wka4g&#8221; title=&#8221;\u0412\u0441\u0442\u0440\u0435\u0447\u0430 \u043d\u0430 \u0433\u0440\u0430\u043d\u0438\u0446\u0435 \u0410\u0440\u043c\u0435\u043d\u0438\u0438 \u0438 \u0410\u0437\u0435\u0440\u0431\u0430\u0439\u0434\u0436\u0430\u043d\u0430&#8221;][\/vc_column][\/vc_row][vc_row full_width=&#8221;stretch_row_content&#8221;][vc_column width=&#8221;1\/2&#8243;][vc_video link=&#8221;https:\/\/www.youtube.com\/watch?v=3vonYMfZ0KU&#8221; title=&#8221;\u0418\u043b\u044c\u0445\u0430\u043c \u041c\u0430\u043c\u0435\u0434\u043e\u0432 \u043e \u0437\u0432\u0435\u0440\u0441\u0442\u0432\u0430\u0445, \u0441\u043e\u0432\u0435\u0440\u0448\u0435\u043d\u043d\u044b\u0445 \u0430\u0440\u043c\u044f\u043d\u0441\u043a\u0438\u043c\u0438 \u0412\u0421 \u0432 \u0425\u043e\u0434\u0436\u0430\u043b\u044b&#8221;][\/vc_column][vc_column width=&#8221;1\/2&#8243;][vc_video link=&#8221;https:\/\/www.youtube.com\/watch?v=LE_dJ5VNywk&#8221; title=&#8221;Az\u0259rbaycan d\u00f6vl\u0259ti Xocal\u0131 qatill\u0259rinin c\u0259zalanmas\u0131na nail olacaq&#8221;][\/vc_column][\/vc_row][vc_row full_width=&#8221;stretch_row_content&#8221;][vc_column width=&#8221;1\/2&#8243;][vc_video link=&#8221;https:\/\/youtu.be\/RVzvP83rCWw&#8221; title=&#8221;\u041f\u0420\u0415\u0414\u0423\u041f\u0420\u0415\u0416\u0414\u0415\u041d\u0418\u0415 \u0434\u043b\u044f \u0430\u0440\u043c\u044f\u043d \u0432 \u041a\u0430\u0440\u0430\u0431\u0430\u0445\u0435&#8221;][\/vc_column][vc_column width=&#8221;1\/2&#8243;][vc_video link=&#8221;https:\/\/www.youtube.com\/watch?v=-C0JX-kWSBk&#8221; title=&#8221;\u0421\u043c\u043e\u0436\u0435\u0442 \u043b\u0438 \u041c\u043e\u0441\u043a\u0432\u0430 \u043f\u043e\u0432\u0442\u043e\u0440\u0438\u0442\u044c \u0443\u0441\u043f\u0435\u0445 \u0432\u0441\u0442\u0440\u0435\u0447\u0438 \u0432 \u0411\u0440\u044e\u0441\u0441\u0435\u043b\u0435?&#8221;][\/vc_column][\/vc_row][vc_row full_width=&#8221;stretch_row_content&#8221;][vc_column width=&#8221;1\/2&#8243;][vc_video link=&#8221;https:\/\/youtu.be\/74Vbvhv3p1A&#8221; title=&#8221;\u041f\u0435\u0440\u0435\u0433\u043e\u0432\u043e\u0440\u044b \u0432 \u041a\u0438\u0448\u0438\u043d\u0451\u0432\u0435&#8221;][\/vc_column][vc_column width=&#8221;1\/2&#8243;][vc_video link=&#8221;https:\/\/youtu.be\/_WFyDswaqRU&#8221; title=&#8221;\u0422\u044f\u0436\u0435\u043b\u044b\u0435 \u0431\u043e\u0438 \u0432 \u0417\u0430\u043d\u0433\u0438\u043b\u0430\u043d\u0435!&#8221;][\/vc_column][\/vc_row][vc_row full_width=&#8221;stretch_row_content&#8221;][vc_column width=&#8221;1\/2&#8243;][vc_video link=&#8221;https:\/\/youtu.be\/Zd8WNB2k6xI&#8221; title=&#8221;\u0421\u043e\u0442\u0440\u0443\u0434\u043d\u0438\u0447\u0435\u0441\u0442\u0432\u043e \u043c\u0435\u0436\u0434\u0443 \u0410\u0437\u0435\u0440\u0431\u0430\u0439\u0434\u0436\u0430\u043d\u043e\u043c \u0438 \u042e\u041d\u0415\u0421\u041a\u041e&#8221;][\/vc_column][vc_column width=&#8221;1\/2&#8243;][vc_video link=&#8221;https:\/\/youtu.be\/hOK4gav-Nus&#8221; title=&#8221;\u0418\u043d\u0442\u0435\u0433\u0440\u0430\u0446\u0438\u044f \u0432 \u0410\u0437\u0435\u0440\u0431\u0430\u0439\u0434\u0436\u0430\u043d \u0430\u0440\u043c\u044f\u043d\u0435 \u041a\u0430\u0440\u0430\u0431\u0430\u0445\u0430&#8221;][\/vc_column][\/vc_row][vc_row full_width=&#8221;stretch_row_content&#8221;][vc_column width=&#8221;1\/2&#8243;][vc_video link=&#8221;https:\/\/youtu.be\/i7duRRZeuDg&#8221; title=&#8221;\u043c\u0438\u0440 \u0431\u0435\u0437\u0440\u0430\u0437\u043b\u0438\u0447\u0435\u043d \u043a \u043f\u0440\u0435\u0441\u0442\u0443\u043f\u043b\u0435\u043d\u0438\u044f\u043c \u0410\u0440\u043c\u0435\u043d\u0438\u0438?&#8221;][\/vc_column][vc_column width=&#8221;1\/2&#8243;][vc_video link=&#8221;https:\/\/youtu.be\/OSxlaEOjt1I?si=DGgFo8kxDlPLSonR&#8221; title=&#8221;\u0410\u0440\u043c\u0435\u043d\u0438\u044f \u043d\u0435 \u0445\u043e\u0447\u0435\u0442 \u043e\u0442\u043e\u0439\u0442\u0438 \u043e\u0442 \u0438\u0434\u0435\u043e\u043b\u043e\u0433\u0438\u0438 \u043f\u0440\u0435\u0432\u043e\u0441\u0445\u043e\u0434\u0441\u0442\u0432\u0430&#8221;][\/vc_column][\/vc_row][vc_row full_width=&#8221;stretch_row_content&#8221;][vc_column width=&#8221;1\/2&#8243;][vc_video link=&#8221;https:\/\/youtu.be\/Xw2-FYG9Zd4?si=oWl0No_6lJe4RWLu&#8221; title=&#8221;\u0412\u0441\u0442\u0440\u0435\u0447\u0430 \u0441 \u0430\u0440\u043c\u044f\u043d\u0430\u043c\u0438 \u041a\u0430\u0440\u0430\u0431\u0430\u0445\u0430 \u0432 \u0415\u0432\u043b\u0430\u0445\u0435.&#8221;][\/vc_column][vc_column width=&#8221;1\/2&#8243;][vc_video link=&#8221;https:\/\/youtu.be\/9jbDDlwCoLA?si=2tkUxodsSuuITKou&#8221; title=&#8221;3 \u0433\u043e\u0434\u0430 \u0441 \u043d\u0430\u0447\u0430\u043b\u0430 \u0432\u0442\u043e\u0440\u043e\u0439 \u041a\u0430\u0440\u0430\u0431\u0430\u0445\u0441\u043a\u043e\u0439 \u0432\u043e\u0439\u043d\u044b&#8221;][\/vc_column][\/vc_row][vc_row full_width=&#8221;stretch_row_content&#8221;][vc_column width=&#8221;1\/2&#8243;][vc_video link=&#8221;https:\/\/www.youtube.com\/watch?v=hs7DMZiX018&#8243; title=&#8221;\u0421\u043e\u0442\u0440\u0443\u0434\u043d\u0438\u043a\u0438 \u041a\u0413\u0411 \u0438 20 \u042f\u043d\u0432\u0430\u0440\u044f 1990-\u0433\u043e&#8221;][vc_video link=&#8221;https:\/\/www.youtube.com\/watch?v=xmKjzW2Ci4U&#8221; title=&#8221;\u0417\u0430\u043f\u0430\u0434 \u0434\u0435\u043b\u0430\u0435\u0442 \u0438\u0437 \u0410\u0440\u043c\u0435\u043d\u0438\u0438 \u0410\u041d\u0422\u0418-\u0420\u043e\u0441\u0441\u0438\u044e?&#8221;][vc_video link=&#8221;https:\/\/www.youtube.com\/watch?v=6L0TIUowz3c&#8221; title=&#8221;\u0410\u0437\u0435\u0440\u0431\u0430\u0439\u0434\u0436\u0430\u043d \u043f\u043e\u043a\u0430\u0437\u0430\u043b, \u043a\u0430\u043a \u0433\u0440\u0430\u043c\u043e\u0442\u043d\u043e \u0432\u0435\u0441\u0442\u0438 \u0441\u0435\u0431\u044f \u0441 \u0440\u0430\u0437\u043b\u0438\u0447\u043d\u044b\u043c\u0438 \u0438\u0433\u0440\u043e\u043a\u0430\u043c\u0438&#8221;][vc_video link=&#8221;https:\/\/www.youtube.com\/watch?v=sp_kYcjWAnw&#8221; title=&#8221;\u0420\u0435\u0432\u043d\u043e\u0441\u0442\u044c \u0420\u043e\u0441\u0441\u0438\u0438 \u0434\u043e\u0440\u043e\u0433\u043e \u043e\u0431\u043e\u0439\u0434\u0435\u0442\u0441\u044f \u0410\u0440\u043c\u0435\u043d\u0438\u0438&#8221;][vc_video link=&#8221;https:\/\/www.youtube.com\/live\/WLLB8q34iR8&#8243; title=&#8221;\u0411\u0410\u041a\u0423 \u0412\u042b\u0414\u0412\u0418\u041d\u0423\u041b \u0423\u0421\u041b\u041e\u0412\u0418\u0415 \u0415\u0420\u0415\u0412\u0410\u041d\u0423&#8221;][vc_video link=&#8221;https:\/\/www.youtube.com\/watch?v=X42sPi78vtU&#8221; title=&#8221;\u0410\u0440\u043c\u0435\u043d\u0438\u044f \u043d\u0438\u043a\u043e\u0433\u0434\u0430 \u043d\u0435 \u0441\u0442\u0440\u0435\u043c\u0438\u043b\u0430\u0441\u044c \u043a \u0441\u043e\u0431\u043b\u044e\u0434\u0435\u043d\u0438\u044e \u043d\u043e\u0440\u043c \u043c\u0435\u0436\u0434\u0443\u043d\u0430\u0440\u043e\u0434\u043d\u043e\u0433\u043e \u043f\u0440\u0430\u0432\u0430 \u2014 \u044e\u0440\u0438\u0441\u0442&#8221;][vc_video link=&#8221;https:\/\/www.youtube.com\/watch?v=0w7Khf2H0ZU&#8221; title=&#8221;\u0410\u0440\u043c\u0435\u043d\u0438\u044f \u043d\u0435 \u043f\u043e\u0442\u0435\u0440\u044f\u043b\u0430 \u041a\u0430\u0440\u0430\u0431\u0430\u0445, \u043e\u043d \u0442\u0430\u043c, \u0433\u0434\u0435 \u0438 \u043d\u0430\u0445\u043e\u0434\u0438\u043b\u0441\u044f \u044e\u0440\u0438\u0434\u0438\u0447\u0435\u0441\u043a\u0438&#8221;][vc_video link=&#8221;https:\/\/www.youtube.com\/watch?v=7o-g1shorzo&#8221; title=&#8221;\u0410\u0440\u043c\u044f\u043d\u0441\u043a\u043e\u0435 \u0440\u0443\u043a\u043e\u0432\u043e\u0434\u0441\u0442\u0432\u043e \u0434\u043e\u043b\u0436\u043d\u043e \u043f\u043e\u043d\u0438\u043c\u0430\u0442\u044c, \u0447\u0442\u043e \u0432\u043e\u0435\u0432\u0430\u0442\u044c \u0432\u0435\u0447\u043d\u043e \u043d\u0435\u043b\u044c\u0437\u044f&#8221;][vc_video link=&#8221;https:\/\/youtu.be\/gwKMSZv2atI?si=uKip_xgiMy66sLwM&#8221; title=&#8221;\u041f\u0440\u0435\u0437\u0438\u0434\u0435\u043d\u0442 \u0410\u0437\u0435\u0440\u0431\u0430\u0439\u0434\u0436\u0430\u043d\u0430 \u043e \u043f\u043e\u043f\u044b\u0442\u043a\u0430\u0445 \u0420\u043e\u0441\u0441\u0438\u0438 \u0437\u0430\u043c\u044f\u0442\u044c \u0432\u043e\u043f\u0440\u043e\u0441 \u0441 \u0441\u0430\u043c\u043e\u043b\u0451\u0442\u043e\u043c |&#8221;][vc_video link=&#8221;https:\/\/www.youtube.com\/watch?v=l5G8mqsAsbc&#8221; title=&#8221;\u0422\u0435\u0440-\u041f\u0435\u0442\u0440\u043e\u0441\u044f\u043d, \u041a\u043e\u0447\u0430\u0440\u044f\u043d, \u0421\u0430\u0440\u0433\u0441\u044f\u043d \u0434\u043e\u043b\u0436\u043d\u044b \u043e\u0442\u0432\u0435\u0442\u0438\u0442\u044c \u0437\u0430 \u043f\u0440\u0435\u0441\u0442\u0443\u043f\u043b\u0435\u043d\u0438\u044f \u043f\u0440\u043e\u0442\u0438\u0432 \u0430\u0437\u0435\u0440\u0431\u0430\u0439\u0434\u0436\u0430\u043d\u0446\u0435\u0432.&#8221;][vc_video link=&#8221;https:\/\/www.youtube.com\/watch?v=31nLepWChqU&#8221; title=&#8221; \u0412 \u0438\u0441\u0442\u043e\u0440\u0438\u0447\u0435\u0441\u043a\u043e\u0439 \u043f\u0430\u043c\u044f\u0442\u0438 \u043d\u0435\u0442 \u043c\u0435\u0441\u0442\u0430 \u043c\u0430\u043d\u043a\u0443\u0440\u0442\u0438\u0437\u043c\u0443 &#8220;][\/vc_column][vc_column width=&#8221;1\/2&#8243;][vc_video link=&#8221;https:\/\/youtu.be\/UurhXveoGOk&#8221; title=&#8221;Xocal\u0131 c\u0259lladlar\u0131n\u0131n c\u0259zaland\u0131r\u0131lacaqlar\u0131 g\u00fcn uzaqda deyil: \u0130nterpola hans\u0131 s\u0259n\u0259dl\u0259r verilib?&#8221;][vc_video link=&#8221;https:\/\/www.youtube.com\/watch?v=RNmZ063g_h0&#8243; title=&#8221;\u0410\u0440\u043c\u0435\u043d\u0438\u044f \u043e\u0442\u0432\u0435\u0442\u0438\u0442 \u0437\u0430 \u0432\u0441\u0435 \u0441\u0432\u043e\u0438 \u043f\u0440\u0435\u0441\u0442\u0443\u043f\u043b\u0435\u043d\u0438\u044f&#8221;][vc_video link=&#8221;https:\/\/www.youtube.com\/watch?v=X42sPi78vtU&#038;pp=ygU30LDRgNC80LXQvdC40Y8g0L3QuNC60L7Qs9C00LAg0L3QtSDRgdGC0YDQtdC80LjQu9Cw0YHRjA%3D%3D&#8221; title=&#8221;\u0410\u0440\u043c\u0435\u043d\u0438\u044f \u0438 \u0441\u043e\u0431\u043b\u044e\u0434\u0435\u043d\u0438\u0435 \u043c\u0435\u0436\u0434\u0443\u043d\u0430\u0440\u043e\u0434\u043d\u043e\u0433\u043e \u043f\u0440\u0430\u0432\u0430&#8221;][vc_video link=&#8221;https:\/\/www.youtube.com\/watch?v=QKoB5AGQMBs&#8221; title=&#8221;\u0424\u0440\u0430\u043d\u0446\u0438\u044f \u043f\u0440\u0438\u043a\u0440\u044b\u0432\u0430\u0435\u0442 \u0441\u0432\u043e\u0438 \u043f\u0440\u043e\u0432\u0430\u043b\u044b \u043a\u0440\u0438\u0442\u0438\u043a\u043e\u0439 \u0410\u0437\u0435\u0440\u0431\u0430\u0439\u0434\u0436\u0430\u043d\u0430. \u0421\u043a\u0430\u043d\u0434\u0430\u043b \u0432 \u0415\u0432\u0440\u043e\u043f\u0430\u0440\u043b\u0430\u043c\u0435\u043d\u0442\u0435!&#8221;][vc_video link=&#8221;https:\/\/www.youtube.com\/watch?v=PTYymwAWrk4&#8243; title=&#8221;\u0424\u0430\u0448\u0438\u0441\u0442\u0441\u043a\u0430\u044f \u0438\u0434\u0435\u043e\u043b\u043e\u0433\u0438\u044f \u0432\u044b\u0448\u043b\u0430 \u0431\u043e\u043a\u043e\u043c \u0441\u0430\u043c\u043e\u043c\u0443 \u0415\u0440\u0435\u0432\u0430\u043d\u0443&#8221;][vc_video link=&#8221;https:\/\/www.youtube.com\/watch?v=6L0TIUowz3c&#8221; title=&#8221;\u0410\u0437\u0435\u0440\u0431\u0430\u0439\u0434\u0436\u0430\u043d \u043f\u043e\u043a\u0430\u0437\u0430\u043b, \u043a\u0430\u043a \u0433\u0440\u0430\u043c\u043e\u0442\u043d\u043e \u0432\u0435\u0441\u0442\u0438 \u0441\u0435\u0431\u044f \u0441 \u0440\u0430\u0437\u043b\u0438\u0447\u043d\u044b\u043c\u0438 \u0438\u0433\u0440\u043e\u043a\u0430\u043c\u0438 \u2014 \u044d\u043a\u0441\u043f\u0435\u0440\u0442&#8221;][vc_video link=&#8221;https:\/\/www.youtube.com\/watch?v=qG7RAZ-WC5c&#8221; title=&#8221;\u0412 \u0411\u0430\u043a\u0443 \u043f\u0440\u0435\u0434\u043b\u0430\u0433\u0430\u044e\u0442 \u0410\u0440\u043c\u0435\u043d\u0438\u0438 \u0438\u0437\u0432\u0438\u043d\u0438\u0442\u044c\u0441\u044f. \u0412 \u0415\u0440\u0435\u0432\u0430\u043d\u0435 \u0441\u043e\u0436\u0430\u043b\u0435\u044e\u0442, \u0447\u0442\u043e \u043e\u043a\u043a\u0443\u043f\u0438\u0440\u043e\u0432\u0430\u043b\u0438 \u0437\u0435\u043c\u043b\u0438 \u0410\u0437\u0435\u0440\u0431\u0430\u0439\u0434\u0436\u0430\u043d\u0430?!&#8221;][vc_video link=&#8221;https:\/\/youtu.be\/eiUivensg70?si=U_Q_u8RKpsrCiqT3&#8243; title=&#8221;XOCALI SOYQIRIMI: H\u018fRBI PROKUROR \u0130LHAM M\u018fMM\u018fDOV&#8221;][vc_video link=&#8221;https:\/\/youtu.be\/5Oi6ydy-P1s?si=jM2kbfIGrsvbL4PV&#8221; title=&#8221;35 \u043b\u0435\u0442 \u043d\u0430\u0437\u0430\u0434 \u0441\u043e\u0432\u0435\u0442\u0441\u043a\u0438\u0435 \u0432\u043e\u0439\u0441\u043a\u0430 \u0448\u0442\u0443\u0440\u043c\u043e\u0432\u0430\u043b\u0438 \u0411\u0430\u043a\u0443&#8221;][vc_video link=&#8221;https:\/\/youtu.be\/NPVjRfV41Ko?si=XkR10d8Ghg3TTi9w&#8221; title=&#8221;\u0412\u044b\u0443\u0447\u0438\u043b\u0430 \u043b\u0438 \u0410\u0440\u043c\u0435\u043d\u0438\u044f \u0443\u0440\u043e\u043a\u0438 \u0438\u0441\u0442\u043e\u0440\u0438\u0438?&#8221;][vc_video link=&#8221;https:\/\/youtu.be\/lJejnEjG5Rc?si=mvTiJs5Gw3n5_tTQ&#8221; title=&#8221;\u041a\u0443\u0434\u0430 \u0432\u0435\u0434\u0435\u0442 \u0441\u043b\u0435\u0434 \u043f\u0440\u0435\u0441\u0442\u0443\u043f\u043b\u0435\u043d\u0438\u044f 20 \u044f\u043d\u0432\u0430\u0440\u044f?&#8221;][\/vc_column][\/vc_row][vc_row][vc_column width=&#8221;1\/2&#8243;][\/vc_column][vc_column width=&#8221;1\/2&#8243;][\/vc_column][\/vc_row]<\/p>\n","protected":false},"excerpt":{"rendered":"<p>[vc_row][vc_column css=&#8221;.vc_custom_1551500433895{padding-top: 110px !important;padding-bottom: 118px !important;}&#8221;][vc_row_inner][vc_column_inner width=&#8221;1\/4&#8243;][\/vc_column_inner][vc_column_inner width=&#8221;1\/2&#8243; ct_column_inner_class=&#8221;rm-padding-lg&#8221; css=&#8221;.vc_custom_1545964623807{padding-top: 0px !important;padding-right: 30px !important;padding-bottom: 0px !important;padding-left: 30px !important;}&#8221;][ct_heading text=&#8221;We are here to fight against any violance with experience&#8221; align_lg=&#8221;align-center&#8221; align_md=&#8221;align-center-md&#8221; align_sm=&#8221;align-center-sm&#8221; align_xs=&#8221;align-center-xs&#8221; font_size_sm=&#8221;24&#8243; font_size_xs=&#8221;24&#8243; font_weight=&#8221;&#8221; show_gap=&#8221;show&#8221; subtitle=&#8221;Portfolio&#8221; description_font_weight=&#8221;inherit&#8221; margin_bottom=&#8221;0&#8243;][\/vc_column_inner][vc_column_inner width=&#8221;1\/4&#8243;][\/vc_column_inner][\/vc_row_inner][vc_empty_space height=&#8221;44&#8243;][\/vc_column][\/vc_row][vc_row full_width=&#8221;stretch_row_content&#8221;][vc_column width=&#8221;1\/2&#8243;][vc_video link=&#8221;https:\/\/youtu.be\/8mk7w-hJp6A&#8221; title=&#8221;\u041a\u0440\u043e\u0432\u0430\u0432\u044b\u0439 \u044f\u043d\u0432\u0430\u0440\u044c: \u043f\u0440\u0435\u0441\u0442\u0443\u043f\u043b\u0435\u043d\u0438\u0435 \u0431\u0435\u0437 \u0441\u0440\u043e\u043a\u0430 \u0434\u0430\u0432\u043d\u043e\u0441\u0442\u0438&#8221;][\/vc_column][vc_column width=&#8221;1\/2&#8243;][vc_video link=&#8221;https:\/\/www.youtube.com\/watch?v=Qr0yD1wka4g&#8221; title=&#8221;\u0412\u0441\u0442\u0440\u0435\u0447\u0430 \u043d\u0430 \u0433\u0440\u0430\u043d\u0438\u0446\u0435 [&hellip;]<\/p>\n","protected":false},"author":1,"featured_media":0,"parent":0,"menu_order":0,"comment_status":"closed","ping_status":"closed","template":"","meta":{"footnotes":""},"class_list":["post-3036","page","type-page","status-publish","hentry"],"_links":{"self":[{"href":"https:\/\/prt.az\/index.php?rest_route=\/wp\/v2\/pages\/3036","targetHints":{"allow":["GET"]}}],"collection":[{"href":"https:\/\/prt.az\/index.php?rest_route=\/wp\/v2\/pages"}],"about":[{"href":"https:\/\/prt.az\/index.php?rest_route=\/wp\/v2\/types\/page"}],"author":[{"embeddable":true,"href":"https:\/\/prt.az\/index.php?rest_route=\/wp\/v2\/users\/1"}],"replies":[{"embeddable":true,"href":"https:\/\/prt.az\/index.php?rest_route=%2Fwp%2Fv2%2Fcomments&post=3036"}],"version-history":[{"count":31,"href":"https:\/\/prt.az\/index.php?rest_route=\/wp\/v2\/pages\/3036\/revisions"}],"predecessor-version":[{"id":3251,"href":"https:\/\/prt.az\/index.php?rest_route=\/wp\/v2\/pages\/3036\/revisions\/3251"}],"wp:attachment":[{"href":"https:\/\/prt.az\/index.php?rest_route=%2Fwp%2Fv2%2Fmedia&parent=3036"}],"curies":[{"name":"wp","href":"https:\/\/api.w.org\/{rel}","templated":true}]}}